{"id":73177,"date":"2025-08-18T13:29:00","date_gmt":"2025-08-18T16:29:00","guid":{"rendered":"https:\/\/raftingvalledelmanso.com\/product\/pack-de-reserva-flexible-viaja-con-tranquilidad-y-sin-preocupaciones"},"modified":"2025-09-08T13:46:44","modified_gmt":"2025-09-08T16:46:44","slug":"pack-de-reserva-flexible-viaja-con-tranquilidad-y-sin-preocupaciones","status":"publish","type":"product","link":"https:\/\/raftingvalledelmanso.com\/en\/product\/flexible-booking-pack-travel-with-peace-of-mind-and-without-worries\/","title":{"rendered":"Flexible Booking Pack - Travel with peace of mind and without worries"},"content":{"rendered":"<h3 data-start=\"232\" data-end=\"273\">Adapt your plans whenever you want<\/h3>\n<p data-start=\"275\" data-end=\"620\">With the Flexible Reservation Pack you can organize your trip in Bariloche with the peace of mind of knowing that, if something unforeseen happens, you will be able to modify or cancel your reservation quickly and without any hassle. This product combines the benefits of the Reprogramming Insurance with the Cancellation Insurance, giving you maximum freedom and peace of mind in just one step.<\/p>\n<h3 data-start=\"627\" data-end=\"652\">What is included in the Pack?<\/h3>\n<ul data-start=\"654\" data-end=\"1014\">\n<li data-start=\"654\" data-end=\"726\">\n<p data-start=\"656\" data-end=\"726\">Rescheduling at no extra charge up to the day before your tour.<\/p>\n<\/li>\n<li data-start=\"727\" data-end=\"797\">\n<p data-start=\"729\" data-end=\"797\">Cancel with partial refund until 7:00 p.m. the previous day.<\/p>\n<\/li>\n<li data-start=\"798\" data-end=\"870\">\n<p data-start=\"800\" data-end=\"870\">You can add it up to 30 minutes after getting your voucher.<\/p>\n<\/li>\n<li data-start=\"871\" data-end=\"930\">\n<p data-start=\"873\" data-end=\"930\">The contracting of the Pack is <strong data-start=\"893\" data-end=\"929\">individual and exclusive for each excursion<\/strong>.<\/p>\n<\/li>\n<li data-start=\"931\" data-end=\"1014\">\n<p data-start=\"933\" data-end=\"1014\">Perfect for stress-free travel, even if your plans change on the fly.<\/p>\n<\/li>\n<\/ul>\n<h3 data-start=\"1021\" data-end=\"1048\">Key data to consider<\/h3>\n<ul data-start=\"1050\" data-end=\"1393\">\n<li data-start=\"1050\" data-end=\"1134\">\n<p data-start=\"1052\" data-end=\"1134\">The Pack is purchased individually: it corresponds to each passenger and each excursion you book.<\/p>\n<\/li>\n<li data-start=\"1135\" data-end=\"1236\">\n<p data-start=\"1137\" data-end=\"1236\">Must be contracted at the time of booking or within 30 minutes after issuance of the voucher.<\/p>\n<\/li>\n<li data-start=\"1237\" data-end=\"1317\">\n<p data-start=\"1239\" data-end=\"1317\">Valid for most of the excursions (consult specific restrictions).<\/p>\n<\/li>\n<li data-start=\"1318\" data-end=\"1393\">\n<p data-start=\"1320\" data-end=\"1393\">Partial reimbursement for cancellation is made according to the rules at the time of request.<\/p>\n<\/li>\n<\/ul>\n<h3 data-start=\"1400\" data-end=\"1424\">Frequently asked questions<\/h3>\n<p data-start=\"1426\" data-end=\"1565\"><strong data-start=\"1426\" data-end=\"1475\">Can I add the Pack after booking?<\/strong><br data-start=\"1475\" data-end=\"1478\" \/>Yes, you have up to 30 minutes after issuing your voucher to add it to your purchase.<\/p>\n<p data-start=\"1567\" data-end=\"1731\"><strong data-start=\"1567\" data-end=\"1610\">Is it possible to cancel without cause?<\/strong><br data-start=\"1610\" data-end=\"1613\" \/>Of course. You cancel up to 7 p.m. the day before and receive a partial refund, without making excuses or showing documentation.<\/p>\n<p data-start=\"1733\" data-end=\"1866\"><strong data-start=\"1733\" data-end=\"1781\">Can dates be changed without paying more?<\/strong><br data-start=\"1781\" data-end=\"1784\" \/>Of course. You can reschedule your tour up to the day before, subject to availability.<\/p>\n<p data-start=\"1868\" data-end=\"2032\"><strong data-start=\"1868\" data-end=\"1910\">Can it be used for any excursion?<\/strong><br data-start=\"1910\" data-end=\"1913\" \/>It covers most of our departures, except for small exceptions that we will notify you when hiring.<\/p>","protected":false},"excerpt":{"rendered":"<p>Flexible Booking: change or cancel your departure per passenger and per excursion, with partial refund available up to 24 hours in advance. More peace of mind to plan your trip to Bariloche.<\/p>","protected":false},"featured_media":73413,"comment_status":"open","ping_status":"closed","template":"","meta":[],"product_brand":[],"product_cat":[43],"product_tag":[],"class_list":{"0":"post-73177","1":"product","2":"type-product","3":"status-publish","4":"has-post-thumbnail","6":"product_cat-otros","8":"first","9":"instock","10":"sale","11":"virtual","12":"purchasable","13":"product-type-simple"},"booking_location":null,"booking_location_type":null,"booking_duration":null,"booking_duration_unit":null,"booking_buffer":null,"booking_cost":null,"booking_resources":null,"exclude_global_add_ons":[],"addons":[],"yoast_head":"<!-- This site is optimized with the Yoast SEO Premium plugin v24.5 (Yoast SEO v24.8) - https:\/\/yoast.com\/wordpress\/plugins\/seo\/ -->\n<title>Pack de Reserva Flexible \u2013 Viaj\u00e1 con tranquilidad y sin preocupaciones - Rafting Valle del Manso | Aventura en los R\u00edos de Bariloche<\/title>\n<meta name=\"robots\" content=\"index, follow, max-snippet:-1, max-image-preview:large, max-video-preview:-1\" \/>\n<link rel=\"canonical\" href=\"https:\/\/raftingvalledelmanso.com\/en\/product\/flexible-booking-pack-travel-with-peace-of-mind-and-without-worries\/\" \/>\n<meta property=\"og:locale\" content=\"en_US\" \/>\n<meta property=\"og:type\" content=\"article\" \/>\n<meta property=\"og:title\" content=\"Pack de Reserva Flexible \u2013 Viaj\u00e1 con tranquilidad y sin preocupaciones\" \/>\n<meta property=\"og:description\" content=\"Reserva Flexible: cambi\u00e1 o anul\u00e1 tu salida por pasajero y por excursi\u00f3n, con reembolso parcial disponible hasta 24 horas antes. Mayor tranquilidad para planificar tu viaje a Bariloche.\" \/>\n<meta property=\"og:url\" content=\"https:\/\/raftingvalledelmanso.com\/en\/product\/flexible-booking-pack-travel-with-peace-of-mind-and-without-worries\/\" \/>\n<meta property=\"og:site_name\" content=\"Rafting Valle del Manso | Aventura en los R\u00edos de Bariloche\" \/>\n<meta property=\"article:modified_time\" content=\"2025-09-08T16:46:44+00:00\" \/>\n<meta property=\"og:image\" content=\"https:\/\/raftingvalledelmanso.com\/wp-content\/uploads\/2025\/08\/12-A.jpg\" \/>\n\t<meta property=\"og:image:width\" content=\"850\" \/>\n\t<meta property=\"og:image:height\" content=\"1133\" \/>\n\t<meta property=\"og:image:type\" content=\"image\/jpeg\" \/>\n<meta name=\"twitter:card\" content=\"summary_large_image\" \/>\n<meta name=\"twitter:label1\" content=\"Price\" \/>\n\t<meta name=\"twitter:data1\" content=\"&#036;&nbsp;25,000.00\" \/>\n\t<meta name=\"twitter:label2\" content=\"Availability\" \/>\n\t<meta name=\"twitter:data2\" content=\"In stock\" \/>\n<script type=\"application\/ld+json\" class=\"yoast-schema-graph\">{\"@context\":\"https:\/\/schema.org\",\"@graph\":[{\"@type\":[\"WebPage\",\"ItemPage\"],\"@id\":\"https:\/\/raftingvalledelmanso.com\/product\/pack-de-reserva-flexible-viaja-con-tranquilidad-y-sin-preocupaciones\",\"url\":\"https:\/\/raftingvalledelmanso.com\/product\/pack-de-reserva-flexible-viaja-con-tranquilidad-y-sin-preocupaciones\",\"name\":\"Pack de Reserva Flexible \u2013 Viaj\u00e1 con tranquilidad y sin preocupaciones - Rafting Valle del Manso | Aventura en los R\u00edos de Bariloche\",\"isPartOf\":{\"@id\":\"https:\/\/raftingvalledelmanso.com\/#website\"},\"primaryImageOfPage\":{\"@id\":\"https:\/\/raftingvalledelmanso.com\/product\/pack-de-reserva-flexible-viaja-con-tranquilidad-y-sin-preocupaciones#primaryimage\"},\"image\":{\"@id\":\"https:\/\/raftingvalledelmanso.com\/product\/pack-de-reserva-flexible-viaja-con-tranquilidad-y-sin-preocupaciones#primaryimage\"},\"thumbnailUrl\":\"https:\/\/raftingvalledelmanso.com\/wp-content\/uploads\/2025\/08\/12-A.jpg\",\"datePublished\":\"2025-08-18T16:29:00+00:00\",\"dateModified\":\"2025-09-08T16:46:44+00:00\",\"breadcrumb\":{\"@id\":\"https:\/\/raftingvalledelmanso.com\/product\/pack-de-reserva-flexible-viaja-con-tranquilidad-y-sin-preocupaciones#breadcrumb\"},\"inLanguage\":\"en-US\",\"potentialAction\":[{\"@type\":\"ReadAction\",\"target\":[\"https:\/\/raftingvalledelmanso.com\/product\/pack-de-reserva-flexible-viaja-con-tranquilidad-y-sin-preocupaciones\"]}]},{\"@type\":\"ImageObject\",\"inLanguage\":\"en-US\",\"@id\":\"https:\/\/raftingvalledelmanso.com\/product\/pack-de-reserva-flexible-viaja-con-tranquilidad-y-sin-preocupaciones#primaryimage\",\"url\":\"https:\/\/raftingvalledelmanso.com\/wp-content\/uploads\/2025\/08\/12-A.jpg\",\"contentUrl\":\"https:\/\/raftingvalledelmanso.com\/wp-content\/uploads\/2025\/08\/12-A.jpg\",\"width\":850,\"height\":1133},{\"@type\":\"BreadcrumbList\",\"@id\":\"https:\/\/raftingvalledelmanso.com\/product\/pack-de-reserva-flexible-viaja-con-tranquilidad-y-sin-preocupaciones#breadcrumb\",\"itemListElement\":[{\"@type\":\"ListItem\",\"position\":1,\"name\":\"Home\",\"item\":\"https:\/\/raftingvalledelmanso.com\/\"},{\"@type\":\"ListItem\",\"position\":2,\"name\":\"Shop\",\"item\":\"https:\/\/raftingvalledelmanso.com\/shop\/\"},{\"@type\":\"ListItem\",\"position\":3,\"name\":\"Pack de Reserva Flexible \u2013 Viaj\u00e1 con tranquilidad y sin preocupaciones\"}]},{\"@type\":\"WebSite\",\"@id\":\"https:\/\/raftingvalledelmanso.com\/#website\",\"url\":\"https:\/\/raftingvalledelmanso.com\/\",\"name\":\"Rafting Valle del Manso | Aventura en los R\u00edos de Bariloche\",\"description\":\"Rafting en la Patagonia Argentina: aventura, naturaleza y emoci\u00f3n en los r\u00e1pidos del Valle del Manso, cerca de Bariloche.\",\"publisher\":{\"@id\":\"https:\/\/raftingvalledelmanso.com\/#organization\"},\"potentialAction\":[{\"@type\":\"SearchAction\",\"target\":{\"@type\":\"EntryPoint\",\"urlTemplate\":\"https:\/\/raftingvalledelmanso.com\/?s={search_term_string}\"},\"query-input\":{\"@type\":\"PropertyValueSpecification\",\"valueRequired\":true,\"valueName\":\"search_term_string\"}}],\"inLanguage\":\"en-US\"},{\"@type\":\"Organization\",\"@id\":\"https:\/\/raftingvalledelmanso.com\/#organization\",\"name\":\"Rafting Valle del Manso | Aventura en los R\u00edos de Bariloche\",\"url\":\"https:\/\/raftingvalledelmanso.com\/\",\"logo\":{\"@type\":\"ImageObject\",\"inLanguage\":\"en-US\",\"@id\":\"https:\/\/raftingvalledelmanso.com\/#\/schema\/logo\/image\/\",\"url\":\"https:\/\/raftingvalledelmanso.com\/wp-content\/uploads\/2023\/08\/favicon.png\",\"contentUrl\":\"https:\/\/raftingvalledelmanso.com\/wp-content\/uploads\/2023\/08\/favicon.png\",\"width\":100,\"height\":100,\"caption\":\"Rafting Valle del Manso | Aventura en los R\u00edos de Bariloche\"},\"image\":{\"@id\":\"https:\/\/raftingvalledelmanso.com\/#\/schema\/logo\/image\/\"}}]}<\/script>\n<meta property=\"product:price:amount\" content=\"25000.00\" \/>\n<meta property=\"product:price:currency\" content=\"ARS\" \/>\n<meta property=\"og:availability\" content=\"instock\" \/>\n<meta property=\"product:availability\" content=\"instock\" \/>\n<meta property=\"product:condition\" content=\"new\" \/>\n<!-- \/ Yoast SEO Premium plugin. -->","yoast_head_json":{"title":"Flexible Booking Pack - Travel with peace of mind and without worries - Rafting Valle del Manso | Bariloche Rivers Adventure","robots":{"index":"index","follow":"follow","max-snippet":"max-snippet:-1","max-image-preview":"max-image-preview:large","max-video-preview":"max-video-preview:-1"},"canonical":"https:\/\/raftingvalledelmanso.com\/en\/product\/flexible-booking-pack-travel-with-peace-of-mind-and-without-worries\/","og_locale":"en_US","og_type":"article","og_title":"Pack de Reserva Flexible \u2013 Viaj\u00e1 con tranquilidad y sin preocupaciones","og_description":"Reserva Flexible: cambi\u00e1 o anul\u00e1 tu salida por pasajero y por excursi\u00f3n, con reembolso parcial disponible hasta 24 horas antes. Mayor tranquilidad para planificar tu viaje a Bariloche.","og_url":"https:\/\/raftingvalledelmanso.com\/en\/product\/flexible-booking-pack-travel-with-peace-of-mind-and-without-worries\/","og_site_name":"Rafting Valle del Manso | Aventura en los R\u00edos de Bariloche","article_modified_time":"2025-09-08T16:46:44+00:00","og_image":[{"width":850,"height":1133,"url":"https:\/\/raftingvalledelmanso.com\/wp-content\/uploads\/2025\/08\/12-A.jpg","type":"image\/jpeg"}],"twitter_card":"summary_large_image","twitter_misc":{"Price":"&#36;&nbsp;25,000.00","Availability":"In stock"},"schema":{"@context":"https:\/\/schema.org","@graph":[{"@type":["WebPage","ItemPage"],"@id":"https:\/\/raftingvalledelmanso.com\/product\/pack-de-reserva-flexible-viaja-con-tranquilidad-y-sin-preocupaciones","url":"https:\/\/raftingvalledelmanso.com\/product\/pack-de-reserva-flexible-viaja-con-tranquilidad-y-sin-preocupaciones","name":"Flexible Booking Pack - Travel with peace of mind and without worries - Rafting Valle del Manso | Bariloche Rivers Adventure","isPartOf":{"@id":"https:\/\/raftingvalledelmanso.com\/#website"},"primaryImageOfPage":{"@id":"https:\/\/raftingvalledelmanso.com\/product\/pack-de-reserva-flexible-viaja-con-tranquilidad-y-sin-preocupaciones#primaryimage"},"image":{"@id":"https:\/\/raftingvalledelmanso.com\/product\/pack-de-reserva-flexible-viaja-con-tranquilidad-y-sin-preocupaciones#primaryimage"},"thumbnailUrl":"https:\/\/raftingvalledelmanso.com\/wp-content\/uploads\/2025\/08\/12-A.jpg","datePublished":"2025-08-18T16:29:00+00:00","dateModified":"2025-09-08T16:46:44+00:00","breadcrumb":{"@id":"https:\/\/raftingvalledelmanso.com\/product\/pack-de-reserva-flexible-viaja-con-tranquilidad-y-sin-preocupaciones#breadcrumb"},"inLanguage":"en-US","potentialAction":[{"@type":"ReadAction","target":["https:\/\/raftingvalledelmanso.com\/product\/pack-de-reserva-flexible-viaja-con-tranquilidad-y-sin-preocupaciones"]}]},{"@type":"ImageObject","inLanguage":"en-US","@id":"https:\/\/raftingvalledelmanso.com\/product\/pack-de-reserva-flexible-viaja-con-tranquilidad-y-sin-preocupaciones#primaryimage","url":"https:\/\/raftingvalledelmanso.com\/wp-content\/uploads\/2025\/08\/12-A.jpg","contentUrl":"https:\/\/raftingvalledelmanso.com\/wp-content\/uploads\/2025\/08\/12-A.jpg","width":850,"height":1133},{"@type":"BreadcrumbList","@id":"https:\/\/raftingvalledelmanso.com\/product\/pack-de-reserva-flexible-viaja-con-tranquilidad-y-sin-preocupaciones#breadcrumb","itemListElement":[{"@type":"ListItem","position":1,"name":"Home","item":"https:\/\/raftingvalledelmanso.com\/"},{"@type":"ListItem","position":2,"name":"Shop","item":"https:\/\/raftingvalledelmanso.com\/shop\/"},{"@type":"ListItem","position":3,"name":"Pack de Reserva Flexible \u2013 Viaj\u00e1 con tranquilidad y sin preocupaciones"}]},{"@type":"WebSite","@id":"https:\/\/raftingvalledelmanso.com\/#website","url":"https:\/\/raftingvalledelmanso.com\/","name":"Rafting Manso Valley | Bariloche Rivers Adventure","description":"Rafting in Patagonia Argentina: adventure, nature and excitement in the rapids of the Manso Valley, near Bariloche.","publisher":{"@id":"https:\/\/raftingvalledelmanso.com\/#organization"},"potentialAction":[{"@type":"SearchAction","target":{"@type":"EntryPoint","urlTemplate":"https:\/\/raftingvalledelmanso.com\/?s={search_term_string}"},"query-input":{"@type":"PropertyValueSpecification","valueRequired":true,"valueName":"search_term_string"}}],"inLanguage":"en-US"},{"@type":"Organization","@id":"https:\/\/raftingvalledelmanso.com\/#organization","name":"Rafting Manso Valley | Bariloche Rivers Adventure","url":"https:\/\/raftingvalledelmanso.com\/","logo":{"@type":"ImageObject","inLanguage":"en-US","@id":"https:\/\/raftingvalledelmanso.com\/#\/schema\/logo\/image\/","url":"https:\/\/raftingvalledelmanso.com\/wp-content\/uploads\/2023\/08\/favicon.png","contentUrl":"https:\/\/raftingvalledelmanso.com\/wp-content\/uploads\/2023\/08\/favicon.png","width":100,"height":100,"caption":"Rafting Valle del Manso | Aventura en los R\u00edos de Bariloche"},"image":{"@id":"https:\/\/raftingvalledelmanso.com\/#\/schema\/logo\/image\/"}}]},"product_price_amount":"25000.00","product_price_currency":"ARS","og_availability":"instock","product_availability":"instock","product_condition":"new"},"_links":{"self":[{"href":"https:\/\/raftingvalledelmanso.com\/en\/wp-json\/wp\/v2\/product\/73177","targetHints":{"allow":["GET"]}}],"collection":[{"href":"https:\/\/raftingvalledelmanso.com\/en\/wp-json\/wp\/v2\/product"}],"about":[{"href":"https:\/\/raftingvalledelmanso.com\/en\/wp-json\/wp\/v2\/types\/product"}],"replies":[{"embeddable":true,"href":"https:\/\/raftingvalledelmanso.com\/en\/wp-json\/wp\/v2\/comments?post=73177"}],"wp:featuredmedia":[{"embeddable":true,"href":"https:\/\/raftingvalledelmanso.com\/en\/wp-json\/wp\/v2\/media\/73413"}],"wp:attachment":[{"href":"https:\/\/raftingvalledelmanso.com\/en\/wp-json\/wp\/v2\/media?parent=73177"}],"wp:term":[{"taxonomy":"product_brand","embeddable":true,"href":"https:\/\/raftingvalledelmanso.com\/en\/wp-json\/wp\/v2\/product_brand?post=73177"},{"taxonomy":"product_cat","embeddable":true,"href":"https:\/\/raftingvalledelmanso.com\/en\/wp-json\/wp\/v2\/product_cat?post=73177"},{"taxonomy":"product_tag","embeddable":true,"href":"https:\/\/raftingvalledelmanso.com\/en\/wp-json\/wp\/v2\/product_tag?post=73177"}],"curies":[{"name":"wp","href":"https:\/\/api.w.org\/{rel}","templated":true}]}}