{"id":73179,"date":"2025-08-18T13:29:25","date_gmt":"2025-08-18T16:29:25","guid":{"rendered":"https:\/\/raftingvalledelmanso.com\/product\/seguro-de-cancelacion-cancela-tu-excursion-sin-perder-todo-el-valor"},"modified":"2025-09-08T13:46:43","modified_gmt":"2025-09-08T16:46:43","slug":"seguro-de-cancelacion-cancela-tu-excursion-sin-perder-todo-el-valor","status":"publish","type":"product","link":"https:\/\/raftingvalledelmanso.com\/en\/product\/cancellation-insurance-cancel-your-tour-without-losing-all-the-value-of-the-tour\/","title":{"rendered":"Cancellation Insurance - Cancel your excursion without losing all the value of your trip"},"content":{"rendered":"<h3 data-start=\"200\" data-end=\"242\">Safety in the event of any mishap<\/h3>\n<p data-start=\"244\" data-end=\"516\">If at any time an unforeseen event occurs and you are unable to attend your departure, the Cancellation Insurance allows you to recover 80% of what you paid, as long as the cancellation is managed until 7:00 pm the day before. An agile and adaptable alternative to take care of your reservation without complications.<\/p>\n<h3 data-start=\"523\" data-end=\"548\">What is included in the insurance?<\/h3>\n<ul data-start=\"550\" data-end=\"858\">\n<li data-start=\"550\" data-end=\"613\">\n<p data-start=\"552\" data-end=\"613\">Cancellation of the activity until 7 p.m. the previous day.<\/p>\n<\/li>\n<li data-start=\"614\" data-end=\"652\">\n<p data-start=\"616\" data-end=\"652\">80% refund of the amount paid.<\/p>\n<\/li>\n<li data-start=\"653\" data-end=\"727\">\n<p data-start=\"655\" data-end=\"727\">Fast handling, without requiring an explanation of the reason for the cancellation.<\/p>\n<\/li>\n<li data-start=\"728\" data-end=\"785\">\n<p data-start=\"730\" data-end=\"785\">It is purchased per person and for each reservation made.<\/p>\n<\/li>\n<li data-start=\"786\" data-end=\"858\">\n<p data-start=\"788\" data-end=\"858\">Available to hire up to 30 minutes after generating your voucher.<\/p>\n<\/li>\n<\/ul>\n<h3 data-start=\"865\" data-end=\"892\">Relevant terms<\/h3>\n<ul data-start=\"894\" data-end=\"1157\">\n<li data-start=\"894\" data-end=\"981\">\n<p data-start=\"896\" data-end=\"981\">The insurance is exclusive: it applies individually to each passenger and selected excursion.<\/p>\n<\/li>\n<li data-start=\"982\" data-end=\"1080\">\n<p data-start=\"984\" data-end=\"1080\">It will not be available for purchase after 30 minutes from the issuance of the voucher.<\/p>\n<\/li>\n<li data-start=\"1081\" data-end=\"1157\">\n<p data-start=\"1083\" data-end=\"1157\">Without this insurance, there will be no refunds for cancellations.<\/p>\n<\/li>\n<\/ul>\n<h3 data-start=\"1164\" data-end=\"1188\">Common inquiries<\/h3>\n<p data-start=\"1190\" data-end=\"1326\"><strong data-start=\"1190\" data-end=\"1243\">When can the Cancellation Insurance be added?<\/strong><br data-start=\"1243\" data-end=\"1246\" \/>You can add it up to 30 minutes after you have issued your tour voucher.<\/p>\n<p data-start=\"1328\" data-end=\"1451\"><strong data-start=\"1328\" data-end=\"1388\">Do I need to present a justification to cancel?<\/strong><br data-start=\"1388\" data-end=\"1391\" \/>It is not necessary. The procedure is simple and does not require any explanation.<\/p>\n<p data-start=\"1453\" data-end=\"1575\"><strong data-start=\"1453\" data-end=\"1492\">Does the refund cover the total amount paid?<\/strong><br data-start=\"1492\" data-end=\"1495\" \/>No, the insurance provides for the reimbursement of the 80% of the amount paid, according to the detailed conditions.<\/p>\n<p data-start=\"1577\" data-end=\"1711\"><strong data-start=\"1577\" data-end=\"1617\">Is it mandatory to purchase this insurance?<\/strong><br data-start=\"1617\" data-end=\"1620\" \/>It is not mandatory, but without the insurance you will not be able to count on refunds in case of cancellation.<\/p>","protected":false},"excerpt":{"rendered":"<p>Cancellation Coverage for tours in Bariloche. Get a refund of 80% if you cancel your activity until 7pm the day before. Available with your reservation.<\/p>","protected":false},"featured_media":73414,"comment_status":"open","ping_status":"closed","template":"","meta":[],"product_brand":[],"product_cat":[43],"product_tag":[],"class_list":{"0":"post-73179","1":"product","2":"type-product","3":"status-publish","4":"has-post-thumbnail","6":"product_cat-otros","8":"first","9":"instock","10":"virtual","11":"purchasable","12":"product-type-simple"},"booking_location":null,"booking_location_type":null,"booking_duration":null,"booking_duration_unit":null,"booking_buffer":null,"booking_cost":null,"booking_resources":null,"exclude_global_add_ons":[],"addons":[],"yoast_head":"<!-- This site is optimized with the Yoast SEO Premium plugin v24.5 (Yoast SEO v24.8) - https:\/\/yoast.com\/wordpress\/plugins\/seo\/ -->\n<title>Seguro de Cancelaci\u00f3n \u2013 Cancel\u00e1 tu excursi\u00f3n sin perder todo el valor - Rafting Valle del Manso | Aventura en los R\u00edos de Bariloche<\/title>\n<meta name=\"robots\" content=\"index, follow, max-snippet:-1, max-image-preview:large, max-video-preview:-1\" \/>\n<link rel=\"canonical\" href=\"https:\/\/raftingvalledelmanso.com\/en\/product\/cancellation-insurance-cancel-your-tour-without-losing-all-the-value-of-the-tour\/\" \/>\n<meta property=\"og:locale\" content=\"en_US\" \/>\n<meta property=\"og:type\" content=\"article\" \/>\n<meta property=\"og:title\" content=\"Seguro de Cancelaci\u00f3n \u2013 Cancel\u00e1 tu excursi\u00f3n sin perder todo el valor\" \/>\n<meta property=\"og:description\" content=\"Cobertura de Cancelaci\u00f3n para tours en Bariloche. Obten\u00e9 un reintegro del 80% si suspend\u00e9s tu actividad hasta las 19 hs del d\u00eda previo. Contrataci\u00f3n disponible junto con tu reserva.\" \/>\n<meta property=\"og:url\" content=\"https:\/\/raftingvalledelmanso.com\/en\/product\/cancellation-insurance-cancel-your-tour-without-losing-all-the-value-of-the-tour\/\" \/>\n<meta property=\"og:site_name\" content=\"Rafting Valle del Manso | Aventura en los R\u00edos de Bariloche\" \/>\n<meta property=\"article:modified_time\" content=\"2025-09-08T16:46:43+00:00\" \/>\n<meta property=\"og:image\" content=\"https:\/\/raftingvalledelmanso.com\/wp-content\/uploads\/2025\/08\/12-A-1.jpg\" \/>\n\t<meta property=\"og:image:width\" content=\"850\" \/>\n\t<meta property=\"og:image:height\" content=\"1133\" \/>\n\t<meta property=\"og:image:type\" content=\"image\/jpeg\" \/>\n<meta name=\"twitter:card\" content=\"summary_large_image\" \/>\n<meta name=\"twitter:label1\" content=\"Price\" \/>\n\t<meta name=\"twitter:data1\" content=\"&#036;&nbsp;15,000.00\" \/>\n\t<meta name=\"twitter:label2\" content=\"Availability\" \/>\n\t<meta name=\"twitter:data2\" content=\"In stock\" \/>\n<script type=\"application\/ld+json\" class=\"yoast-schema-graph\">{\"@context\":\"https:\/\/schema.org\",\"@graph\":[{\"@type\":[\"WebPage\",\"ItemPage\"],\"@id\":\"https:\/\/raftingvalledelmanso.com\/product\/seguro-de-cancelacion-cancela-tu-excursion-sin-perder-todo-el-valor\",\"url\":\"https:\/\/raftingvalledelmanso.com\/product\/seguro-de-cancelacion-cancela-tu-excursion-sin-perder-todo-el-valor\",\"name\":\"Seguro de Cancelaci\u00f3n \u2013 Cancel\u00e1 tu excursi\u00f3n sin perder todo el valor - Rafting Valle del Manso | Aventura en los R\u00edos de Bariloche\",\"isPartOf\":{\"@id\":\"https:\/\/raftingvalledelmanso.com\/#website\"},\"primaryImageOfPage\":{\"@id\":\"https:\/\/raftingvalledelmanso.com\/product\/seguro-de-cancelacion-cancela-tu-excursion-sin-perder-todo-el-valor#primaryimage\"},\"image\":{\"@id\":\"https:\/\/raftingvalledelmanso.com\/product\/seguro-de-cancelacion-cancela-tu-excursion-sin-perder-todo-el-valor#primaryimage\"},\"thumbnailUrl\":\"https:\/\/raftingvalledelmanso.com\/wp-content\/uploads\/2025\/08\/12-A-1.jpg\",\"datePublished\":\"2025-08-18T16:29:25+00:00\",\"dateModified\":\"2025-09-08T16:46:43+00:00\",\"breadcrumb\":{\"@id\":\"https:\/\/raftingvalledelmanso.com\/product\/seguro-de-cancelacion-cancela-tu-excursion-sin-perder-todo-el-valor#breadcrumb\"},\"inLanguage\":\"en-US\",\"potentialAction\":[{\"@type\":\"ReadAction\",\"target\":[\"https:\/\/raftingvalledelmanso.com\/product\/seguro-de-cancelacion-cancela-tu-excursion-sin-perder-todo-el-valor\"]}]},{\"@type\":\"ImageObject\",\"inLanguage\":\"en-US\",\"@id\":\"https:\/\/raftingvalledelmanso.com\/product\/seguro-de-cancelacion-cancela-tu-excursion-sin-perder-todo-el-valor#primaryimage\",\"url\":\"https:\/\/raftingvalledelmanso.com\/wp-content\/uploads\/2025\/08\/12-A-1.jpg\",\"contentUrl\":\"https:\/\/raftingvalledelmanso.com\/wp-content\/uploads\/2025\/08\/12-A-1.jpg\",\"width\":850,\"height\":1133},{\"@type\":\"BreadcrumbList\",\"@id\":\"https:\/\/raftingvalledelmanso.com\/product\/seguro-de-cancelacion-cancela-tu-excursion-sin-perder-todo-el-valor#breadcrumb\",\"itemListElement\":[{\"@type\":\"ListItem\",\"position\":1,\"name\":\"Home\",\"item\":\"https:\/\/raftingvalledelmanso.com\/\"},{\"@type\":\"ListItem\",\"position\":2,\"name\":\"Shop\",\"item\":\"https:\/\/raftingvalledelmanso.com\/shop\/\"},{\"@type\":\"ListItem\",\"position\":3,\"name\":\"Seguro de Cancelaci\u00f3n \u2013 Cancel\u00e1 tu excursi\u00f3n sin perder todo el valor\"}]},{\"@type\":\"WebSite\",\"@id\":\"https:\/\/raftingvalledelmanso.com\/#website\",\"url\":\"https:\/\/raftingvalledelmanso.com\/\",\"name\":\"Rafting Valle del Manso | Aventura en los R\u00edos de Bariloche\",\"description\":\"Rafting en la Patagonia Argentina: aventura, naturaleza y emoci\u00f3n en los r\u00e1pidos del Valle del Manso, cerca de Bariloche.\",\"publisher\":{\"@id\":\"https:\/\/raftingvalledelmanso.com\/#organization\"},\"potentialAction\":[{\"@type\":\"SearchAction\",\"target\":{\"@type\":\"EntryPoint\",\"urlTemplate\":\"https:\/\/raftingvalledelmanso.com\/?s={search_term_string}\"},\"query-input\":{\"@type\":\"PropertyValueSpecification\",\"valueRequired\":true,\"valueName\":\"search_term_string\"}}],\"inLanguage\":\"en-US\"},{\"@type\":\"Organization\",\"@id\":\"https:\/\/raftingvalledelmanso.com\/#organization\",\"name\":\"Rafting Valle del Manso | Aventura en los R\u00edos de Bariloche\",\"url\":\"https:\/\/raftingvalledelmanso.com\/\",\"logo\":{\"@type\":\"ImageObject\",\"inLanguage\":\"en-US\",\"@id\":\"https:\/\/raftingvalledelmanso.com\/#\/schema\/logo\/image\/\",\"url\":\"https:\/\/raftingvalledelmanso.com\/wp-content\/uploads\/2023\/08\/favicon.png\",\"contentUrl\":\"https:\/\/raftingvalledelmanso.com\/wp-content\/uploads\/2023\/08\/favicon.png\",\"width\":100,\"height\":100,\"caption\":\"Rafting Valle del Manso | Aventura en los R\u00edos de Bariloche\"},\"image\":{\"@id\":\"https:\/\/raftingvalledelmanso.com\/#\/schema\/logo\/image\/\"}}]}<\/script>\n<meta property=\"product:price:amount\" content=\"15000.00\" \/>\n<meta property=\"product:price:currency\" content=\"ARS\" \/>\n<meta property=\"og:availability\" content=\"instock\" \/>\n<meta property=\"product:availability\" content=\"instock\" \/>\n<meta property=\"product:condition\" content=\"new\" \/>\n<!-- \/ Yoast SEO Premium plugin. -->","yoast_head_json":{"title":"Cancellation Insurance - Cancel your excursion without losing all the value - Rafting Valle del Manso | Bariloche Rivers Adventure","robots":{"index":"index","follow":"follow","max-snippet":"max-snippet:-1","max-image-preview":"max-image-preview:large","max-video-preview":"max-video-preview:-1"},"canonical":"https:\/\/raftingvalledelmanso.com\/en\/product\/cancellation-insurance-cancel-your-tour-without-losing-all-the-value-of-the-tour\/","og_locale":"en_US","og_type":"article","og_title":"Seguro de Cancelaci\u00f3n \u2013 Cancel\u00e1 tu excursi\u00f3n sin perder todo el valor","og_description":"Cobertura de Cancelaci\u00f3n para tours en Bariloche. Obten\u00e9 un reintegro del 80% si suspend\u00e9s tu actividad hasta las 19 hs del d\u00eda previo. Contrataci\u00f3n disponible junto con tu reserva.","og_url":"https:\/\/raftingvalledelmanso.com\/en\/product\/cancellation-insurance-cancel-your-tour-without-losing-all-the-value-of-the-tour\/","og_site_name":"Rafting Valle del Manso | Aventura en los R\u00edos de Bariloche","article_modified_time":"2025-09-08T16:46:43+00:00","og_image":[{"width":850,"height":1133,"url":"https:\/\/raftingvalledelmanso.com\/wp-content\/uploads\/2025\/08\/12-A-1.jpg","type":"image\/jpeg"}],"twitter_card":"summary_large_image","twitter_misc":{"Price":"&#36;&nbsp;15,000.00","Availability":"In stock"},"schema":{"@context":"https:\/\/schema.org","@graph":[{"@type":["WebPage","ItemPage"],"@id":"https:\/\/raftingvalledelmanso.com\/product\/seguro-de-cancelacion-cancela-tu-excursion-sin-perder-todo-el-valor","url":"https:\/\/raftingvalledelmanso.com\/product\/seguro-de-cancelacion-cancela-tu-excursion-sin-perder-todo-el-valor","name":"Cancellation Insurance - Cancel your excursion without losing all the value - Rafting Valle del Manso | Bariloche Rivers Adventure","isPartOf":{"@id":"https:\/\/raftingvalledelmanso.com\/#website"},"primaryImageOfPage":{"@id":"https:\/\/raftingvalledelmanso.com\/product\/seguro-de-cancelacion-cancela-tu-excursion-sin-perder-todo-el-valor#primaryimage"},"image":{"@id":"https:\/\/raftingvalledelmanso.com\/product\/seguro-de-cancelacion-cancela-tu-excursion-sin-perder-todo-el-valor#primaryimage"},"thumbnailUrl":"https:\/\/raftingvalledelmanso.com\/wp-content\/uploads\/2025\/08\/12-A-1.jpg","datePublished":"2025-08-18T16:29:25+00:00","dateModified":"2025-09-08T16:46:43+00:00","breadcrumb":{"@id":"https:\/\/raftingvalledelmanso.com\/product\/seguro-de-cancelacion-cancela-tu-excursion-sin-perder-todo-el-valor#breadcrumb"},"inLanguage":"en-US","potentialAction":[{"@type":"ReadAction","target":["https:\/\/raftingvalledelmanso.com\/product\/seguro-de-cancelacion-cancela-tu-excursion-sin-perder-todo-el-valor"]}]},{"@type":"ImageObject","inLanguage":"en-US","@id":"https:\/\/raftingvalledelmanso.com\/product\/seguro-de-cancelacion-cancela-tu-excursion-sin-perder-todo-el-valor#primaryimage","url":"https:\/\/raftingvalledelmanso.com\/wp-content\/uploads\/2025\/08\/12-A-1.jpg","contentUrl":"https:\/\/raftingvalledelmanso.com\/wp-content\/uploads\/2025\/08\/12-A-1.jpg","width":850,"height":1133},{"@type":"BreadcrumbList","@id":"https:\/\/raftingvalledelmanso.com\/product\/seguro-de-cancelacion-cancela-tu-excursion-sin-perder-todo-el-valor#breadcrumb","itemListElement":[{"@type":"ListItem","position":1,"name":"Home","item":"https:\/\/raftingvalledelmanso.com\/"},{"@type":"ListItem","position":2,"name":"Shop","item":"https:\/\/raftingvalledelmanso.com\/shop\/"},{"@type":"ListItem","position":3,"name":"Seguro de Cancelaci\u00f3n \u2013 Cancel\u00e1 tu excursi\u00f3n sin perder todo el valor"}]},{"@type":"WebSite","@id":"https:\/\/raftingvalledelmanso.com\/#website","url":"https:\/\/raftingvalledelmanso.com\/","name":"Rafting Manso Valley | Bariloche Rivers Adventure","description":"Rafting in Patagonia Argentina: adventure, nature and excitement in the rapids of the Manso Valley, near Bariloche.","publisher":{"@id":"https:\/\/raftingvalledelmanso.com\/#organization"},"potentialAction":[{"@type":"SearchAction","target":{"@type":"EntryPoint","urlTemplate":"https:\/\/raftingvalledelmanso.com\/?s={search_term_string}"},"query-input":{"@type":"PropertyValueSpecification","valueRequired":true,"valueName":"search_term_string"}}],"inLanguage":"en-US"},{"@type":"Organization","@id":"https:\/\/raftingvalledelmanso.com\/#organization","name":"Rafting Manso Valley | Bariloche Rivers Adventure","url":"https:\/\/raftingvalledelmanso.com\/","logo":{"@type":"ImageObject","inLanguage":"en-US","@id":"https:\/\/raftingvalledelmanso.com\/#\/schema\/logo\/image\/","url":"https:\/\/raftingvalledelmanso.com\/wp-content\/uploads\/2023\/08\/favicon.png","contentUrl":"https:\/\/raftingvalledelmanso.com\/wp-content\/uploads\/2023\/08\/favicon.png","width":100,"height":100,"caption":"Rafting Valle del Manso | Aventura en los R\u00edos de Bariloche"},"image":{"@id":"https:\/\/raftingvalledelmanso.com\/#\/schema\/logo\/image\/"}}]},"product_price_amount":"15000.00","product_price_currency":"ARS","og_availability":"instock","product_availability":"instock","product_condition":"new"},"_links":{"self":[{"href":"https:\/\/raftingvalledelmanso.com\/en\/wp-json\/wp\/v2\/product\/73179","targetHints":{"allow":["GET"]}}],"collection":[{"href":"https:\/\/raftingvalledelmanso.com\/en\/wp-json\/wp\/v2\/product"}],"about":[{"href":"https:\/\/raftingvalledelmanso.com\/en\/wp-json\/wp\/v2\/types\/product"}],"replies":[{"embeddable":true,"href":"https:\/\/raftingvalledelmanso.com\/en\/wp-json\/wp\/v2\/comments?post=73179"}],"wp:featuredmedia":[{"embeddable":true,"href":"https:\/\/raftingvalledelmanso.com\/en\/wp-json\/wp\/v2\/media\/73414"}],"wp:attachment":[{"href":"https:\/\/raftingvalledelmanso.com\/en\/wp-json\/wp\/v2\/media?parent=73179"}],"wp:term":[{"taxonomy":"product_brand","embeddable":true,"href":"https:\/\/raftingvalledelmanso.com\/en\/wp-json\/wp\/v2\/product_brand?post=73179"},{"taxonomy":"product_cat","embeddable":true,"href":"https:\/\/raftingvalledelmanso.com\/en\/wp-json\/wp\/v2\/product_cat?post=73179"},{"taxonomy":"product_tag","embeddable":true,"href":"https:\/\/raftingvalledelmanso.com\/en\/wp-json\/wp\/v2\/product_tag?post=73179"}],"curies":[{"name":"wp","href":"https:\/\/api.w.org\/{rel}","templated":true}]}}