{"id":73188,"date":"2025-08-18T13:32:12","date_gmt":"2025-08-18T16:32:12","guid":{"rendered":"https:\/\/raftingvalledelmanso.com\/product\/cerro-tronador-y-ventisquero-negro-exploracion-total-en-el-corazon-de-la-patagonia"},"modified":"2026-04-09T09:21:12","modified_gmt":"2026-04-09T12:21:12","slug":"cerro-tronador-y-ventisquero-negro","status":"publish","type":"product","link":"https:\/\/raftingvalledelmanso.com\/en\/product\/cerro-tronador-and-ventisquero-negro\/","title":{"rendered":"Cerro Tronador and Ventisquero Negro: full exploration in the heart of Patagonia"},"content":{"rendered":"<h3 data-start=\"470\" data-end=\"552\"><strong data-start=\"474\" data-end=\"552\">A unique experience in the most majestic landscapes of the Patagonian Andes.<\/strong><\/h3>\n<p data-start=\"554\" data-end=\"888\">Join this outing and be amazed by one of the most amazing sceneries of the Nahuel Huapi National Park. The <strong data-start=\"666\" data-end=\"684\">Cerro Tronador<\/strong>, The Patagonia National Park, famous for its perpetual snow and glaciers that keep moving, represents the best of Argentine Patagonia and is positioned as one of the most vibrant trips for those looking for breathtaking nature and outdoor adventures.<\/p>\n<p data-start=\"890\" data-end=\"1248\">The trip departs from meeting points in the areas of Bariloche (from downtown to km 8 of Bustillo Av. or Pioneros Av.), following the scenic route next to the Gutierrez and Mascardi lakes. Along the way, stops are scheduled to take pictures in places such as <strong data-start=\"1147\" data-end=\"1162\">Black Beach<\/strong> and the <strong data-start=\"1168\" data-end=\"1198\">Heart Island viewpoint<\/strong>, and a break at Los R\u00e1pidos campsite.<\/p>\n<p data-start=\"1250\" data-end=\"1591\">The experience continues on the road to <strong data-start=\"1287\" data-end=\"1308\">Black Snowdrift<\/strong>, An incredible glacier that descends from the top of Cerro Tronador. From there you will enjoy unparalleled views with dark ice framed by white mountains. At <strong data-start=\"1490\" data-end=\"1505\">Pampa Linda<\/strong>, You will have free time to have lunch in the local restaurants and relax surrounded by nature.<\/p>\n<p data-start=\"1593\" data-end=\"1835\">The tour runs approximately from 9:00 am to 6:30 pm, including transportation, expert guide in Spanish and key stops to enjoy this natural jewel. Meals and entrance to the National Park are not included and are paid separately.<\/p>\n<h3 data-start=\"1842\" data-end=\"1870\"><strong data-start=\"1846\" data-end=\"1870\">Your questions answered<\/strong><\/h3>\n<p data-start=\"1872\" data-end=\"2010\"><strong data-start=\"1872\" data-end=\"1908\">Is physical preparation necessary?<\/strong><br data-start=\"1908\" data-end=\"1911\" \/>Not at all. It is a vehicular tour plus some short walks designed to enjoy the best viewpoints. Ideal for any age.<\/p>\n<p data-start=\"2012\" data-end=\"2124\"><strong data-start=\"2012\" data-end=\"2038\">Where can I have lunch?<\/strong><br data-start=\"2038\" data-end=\"2041\" \/>In Pampa Linda there are several options of inns where you can taste regional dishes and have a delicious drink.<\/p>\n<p data-start=\"2126\" data-end=\"2290\"><strong data-start=\"2126\" data-end=\"2160\">What to wear on that day?<\/strong><br data-start=\"2160\" data-end=\"2163\" \/>Comfortable and warm clothing, appropriate footwear, sunscreen, water and cash to pay for park entrance and\/or meals.<\/p>\n<p data-start=\"2292\" data-end=\"2476\"><strong data-start=\"2292\" data-end=\"2322\">What services are included?<\/strong><br data-start=\"2322\" data-end=\"2325\" \/>The price covers round trip transportation from the agreed points, guide and guided tour. It does not include lunch or entrance fee to Nahuel Huapi National Park.<\/p>","protected":false},"excerpt":{"rendered":"<p>Enjoy a unique experience in Nahuel Huapi National Park, exploring the imposing beauty of Cerro Tronador and Ventisquero Negro Glacier. An ideal combination of natural landscapes, excitement and comfort.<\/p>","protected":false},"featured_media":73424,"comment_status":"open","ping_status":"closed","template":"","meta":[],"product_brand":[],"product_cat":[30,34,35,41,46,49,51],"product_tag":[],"class_list":{"0":"post-73188","1":"product","2":"type-product","3":"status-publish","4":"has-post-thumbnail","6":"product_cat-adultos","7":"product_cat-con-traslado","8":"product_cat-familia","9":"product_cat-ninos","10":"product_cat-sin-comida","11":"product_cat-terrestre","12":"product_cat-todo-el-ano","14":"first","15":"instock","16":"virtual","17":"sold-individually","18":"purchasable","19":"product-type-booking"},"booking_location":"","booking_location_type":"","booking_duration":1,"booking_duration_unit":"hour","booking_buffer":0,"booking_cost":0,"booking_resources":[],"exclude_global_add_ons":false,"addons":[{"name":"STD | Passengers","type":"input_multiplier","position":0,"required":false,"title_format":"label","default":"","description_enable":false,"description":"","placeholder_enable":false,"placeholder":"","display":"select","restrictions_type":"any_text","adjust_price":true,"price":"59400","price_type":"quantity_based","restrictions":false,"min":"0","max":"0","options":[],"id":1773237140}],"yoast_head":"<!-- This site is optimized with the Yoast SEO Premium plugin v24.5 (Yoast SEO v24.8) - https:\/\/yoast.com\/wordpress\/plugins\/seo\/ -->\n<title>Cerro Tronador y Ventisquero Negro: exploraci\u00f3n total en el coraz\u00f3n de la Patagonia - Rafting Valle del Manso | Aventura en los R\u00edos de Bariloche<\/title>\n<meta name=\"robots\" content=\"index, follow, max-snippet:-1, max-image-preview:large, max-video-preview:-1\" \/>\n<link rel=\"canonical\" href=\"https:\/\/raftingvalledelmanso.com\/en\/product\/cerro-tronador-and-ventisquero-negro\/\" \/>\n<meta property=\"og:locale\" content=\"en_US\" \/>\n<meta property=\"og:type\" content=\"article\" \/>\n<meta property=\"og:title\" content=\"Cerro Tronador y Ventisquero Negro: exploraci\u00f3n total en el coraz\u00f3n de la Patagonia\" \/>\n<meta property=\"og:description\" content=\"Disfrut\u00e1 de una experiencia \u00fanica en el Parque Nacional Nahuel Huapi, explorando la imponente belleza del Cerro Tronador y el Glaciar Ventisquero Negro. Una combinaci\u00f3n ideal de paisajes naturales, emoci\u00f3n y comodidad.\" \/>\n<meta property=\"og:url\" content=\"https:\/\/raftingvalledelmanso.com\/en\/product\/cerro-tronador-and-ventisquero-negro\/\" \/>\n<meta property=\"og:site_name\" content=\"Rafting Valle del Manso | Aventura en los R\u00edos de Bariloche\" \/>\n<meta property=\"article:modified_time\" content=\"2026-04-09T12:21:12+00:00\" \/>\n<meta property=\"og:image\" content=\"https:\/\/raftingvalledelmanso.com\/wp-content\/uploads\/2025\/08\/12-D-IMG_9120.jpg\" \/>\n\t<meta property=\"og:image:width\" content=\"850\" \/>\n\t<meta property=\"og:image:height\" content=\"1133\" \/>\n\t<meta property=\"og:image:type\" content=\"image\/jpeg\" \/>\n<meta name=\"twitter:card\" content=\"summary_large_image\" \/>\n<meta name=\"twitter:label1\" content=\"Price\" \/>\n\t<meta name=\"twitter:data1\" content=\"&#036;&nbsp;59,400.00\" \/>\n\t<meta name=\"twitter:label2\" content=\"Availability\" \/>\n\t<meta name=\"twitter:data2\" content=\"In stock\" \/>\n<script type=\"application\/ld+json\" class=\"yoast-schema-graph\">{\"@context\":\"https:\/\/schema.org\",\"@graph\":[{\"@type\":[\"WebPage\",\"ItemPage\"],\"@id\":\"https:\/\/raftingvalledelmanso.com\/product\/cerro-tronador-y-ventisquero-negro\",\"url\":\"https:\/\/raftingvalledelmanso.com\/product\/cerro-tronador-y-ventisquero-negro\",\"name\":\"Cerro Tronador y Ventisquero Negro: exploraci\u00f3n total en el coraz\u00f3n de la Patagonia - Rafting Valle del Manso | Aventura en los R\u00edos de Bariloche\",\"isPartOf\":{\"@id\":\"https:\/\/raftingvalledelmanso.com\/#website\"},\"primaryImageOfPage\":{\"@id\":\"https:\/\/raftingvalledelmanso.com\/product\/cerro-tronador-y-ventisquero-negro#primaryimage\"},\"image\":{\"@id\":\"https:\/\/raftingvalledelmanso.com\/product\/cerro-tronador-y-ventisquero-negro#primaryimage\"},\"thumbnailUrl\":\"https:\/\/raftingvalledelmanso.com\/wp-content\/uploads\/2025\/08\/12-D-IMG_9120.jpg\",\"datePublished\":\"2025-08-18T16:32:12+00:00\",\"dateModified\":\"2026-04-09T12:21:12+00:00\",\"breadcrumb\":{\"@id\":\"https:\/\/raftingvalledelmanso.com\/product\/cerro-tronador-y-ventisquero-negro#breadcrumb\"},\"inLanguage\":\"en-US\",\"potentialAction\":[{\"@type\":\"ReadAction\",\"target\":[\"https:\/\/raftingvalledelmanso.com\/product\/cerro-tronador-y-ventisquero-negro\"]}]},{\"@type\":\"ImageObject\",\"inLanguage\":\"en-US\",\"@id\":\"https:\/\/raftingvalledelmanso.com\/product\/cerro-tronador-y-ventisquero-negro#primaryimage\",\"url\":\"https:\/\/raftingvalledelmanso.com\/wp-content\/uploads\/2025\/08\/12-D-IMG_9120.jpg\",\"contentUrl\":\"https:\/\/raftingvalledelmanso.com\/wp-content\/uploads\/2025\/08\/12-D-IMG_9120.jpg\",\"width\":850,\"height\":1133},{\"@type\":\"BreadcrumbList\",\"@id\":\"https:\/\/raftingvalledelmanso.com\/product\/cerro-tronador-y-ventisquero-negro#breadcrumb\",\"itemListElement\":[{\"@type\":\"ListItem\",\"position\":1,\"name\":\"Home\",\"item\":\"https:\/\/raftingvalledelmanso.com\/\"},{\"@type\":\"ListItem\",\"position\":2,\"name\":\"Shop\",\"item\":\"https:\/\/raftingvalledelmanso.com\/shop\/\"},{\"@type\":\"ListItem\",\"position\":3,\"name\":\"Cerro Tronador y Ventisquero Negro: exploraci\u00f3n total en el coraz\u00f3n de la Patagonia\"}]},{\"@type\":\"WebSite\",\"@id\":\"https:\/\/raftingvalledelmanso.com\/#website\",\"url\":\"https:\/\/raftingvalledelmanso.com\/\",\"name\":\"Rafting Valle del Manso | Aventura en los R\u00edos de Bariloche\",\"description\":\"Rafting en la Patagonia Argentina: aventura, naturaleza y emoci\u00f3n en los r\u00e1pidos del Valle del Manso, cerca de Bariloche.\",\"publisher\":{\"@id\":\"https:\/\/raftingvalledelmanso.com\/#organization\"},\"potentialAction\":[{\"@type\":\"SearchAction\",\"target\":{\"@type\":\"EntryPoint\",\"urlTemplate\":\"https:\/\/raftingvalledelmanso.com\/?s={search_term_string}\"},\"query-input\":{\"@type\":\"PropertyValueSpecification\",\"valueRequired\":true,\"valueName\":\"search_term_string\"}}],\"inLanguage\":\"en-US\"},{\"@type\":\"Organization\",\"@id\":\"https:\/\/raftingvalledelmanso.com\/#organization\",\"name\":\"Rafting Valle del Manso | Aventura en los R\u00edos de Bariloche\",\"url\":\"https:\/\/raftingvalledelmanso.com\/\",\"logo\":{\"@type\":\"ImageObject\",\"inLanguage\":\"en-US\",\"@id\":\"https:\/\/raftingvalledelmanso.com\/#\/schema\/logo\/image\/\",\"url\":\"https:\/\/raftingvalledelmanso.com\/wp-content\/uploads\/2023\/08\/favicon.png\",\"contentUrl\":\"https:\/\/raftingvalledelmanso.com\/wp-content\/uploads\/2023\/08\/favicon.png\",\"width\":100,\"height\":100,\"caption\":\"Rafting Valle del Manso | Aventura en los R\u00edos de Bariloche\"},\"image\":{\"@id\":\"https:\/\/raftingvalledelmanso.com\/#\/schema\/logo\/image\/\"}}]}<\/script>\n<meta property=\"product:price:amount\" content=\"59400.00\" \/>\n<meta property=\"product:price:currency\" content=\"ARS\" \/>\n<meta property=\"og:availability\" content=\"instock\" \/>\n<meta property=\"product:availability\" content=\"instock\" \/>\n<meta property=\"product:retailer_item_id\" content=\"ADV2025CETRYVHMNO\" \/>\n<meta property=\"product:condition\" content=\"new\" \/>\n<!-- \/ Yoast SEO Premium plugin. -->","yoast_head_json":{"title":"Cerro Tronador and Ventisquero Negro: total exploration in the heart of Patagonia - Rafting Valle del Manso | Bariloche Rivers Adventure","robots":{"index":"index","follow":"follow","max-snippet":"max-snippet:-1","max-image-preview":"max-image-preview:large","max-video-preview":"max-video-preview:-1"},"canonical":"https:\/\/raftingvalledelmanso.com\/en\/product\/cerro-tronador-and-ventisquero-negro\/","og_locale":"en_US","og_type":"article","og_title":"Cerro Tronador y Ventisquero Negro: exploraci\u00f3n total en el coraz\u00f3n de la Patagonia","og_description":"Disfrut\u00e1 de una experiencia \u00fanica en el Parque Nacional Nahuel Huapi, explorando la imponente belleza del Cerro Tronador y el Glaciar Ventisquero Negro. Una combinaci\u00f3n ideal de paisajes naturales, emoci\u00f3n y comodidad.","og_url":"https:\/\/raftingvalledelmanso.com\/en\/product\/cerro-tronador-and-ventisquero-negro\/","og_site_name":"Rafting Valle del Manso | Aventura en los R\u00edos de Bariloche","article_modified_time":"2026-04-09T12:21:12+00:00","og_image":[{"width":850,"height":1133,"url":"https:\/\/raftingvalledelmanso.com\/wp-content\/uploads\/2025\/08\/12-D-IMG_9120.jpg","type":"image\/jpeg"}],"twitter_card":"summary_large_image","twitter_misc":{"Price":"&#36;&nbsp;59,400.00","Availability":"In stock"},"schema":{"@context":"https:\/\/schema.org","@graph":[{"@type":["WebPage","ItemPage"],"@id":"https:\/\/raftingvalledelmanso.com\/product\/cerro-tronador-y-ventisquero-negro","url":"https:\/\/raftingvalledelmanso.com\/product\/cerro-tronador-y-ventisquero-negro","name":"Cerro Tronador and Ventisquero Negro: total exploration in the heart of Patagonia - Rafting Valle del Manso | Bariloche Rivers Adventure","isPartOf":{"@id":"https:\/\/raftingvalledelmanso.com\/#website"},"primaryImageOfPage":{"@id":"https:\/\/raftingvalledelmanso.com\/product\/cerro-tronador-y-ventisquero-negro#primaryimage"},"image":{"@id":"https:\/\/raftingvalledelmanso.com\/product\/cerro-tronador-y-ventisquero-negro#primaryimage"},"thumbnailUrl":"https:\/\/raftingvalledelmanso.com\/wp-content\/uploads\/2025\/08\/12-D-IMG_9120.jpg","datePublished":"2025-08-18T16:32:12+00:00","dateModified":"2026-04-09T12:21:12+00:00","breadcrumb":{"@id":"https:\/\/raftingvalledelmanso.com\/product\/cerro-tronador-y-ventisquero-negro#breadcrumb"},"inLanguage":"en-US","potentialAction":[{"@type":"ReadAction","target":["https:\/\/raftingvalledelmanso.com\/product\/cerro-tronador-y-ventisquero-negro"]}]},{"@type":"ImageObject","inLanguage":"en-US","@id":"https:\/\/raftingvalledelmanso.com\/product\/cerro-tronador-y-ventisquero-negro#primaryimage","url":"https:\/\/raftingvalledelmanso.com\/wp-content\/uploads\/2025\/08\/12-D-IMG_9120.jpg","contentUrl":"https:\/\/raftingvalledelmanso.com\/wp-content\/uploads\/2025\/08\/12-D-IMG_9120.jpg","width":850,"height":1133},{"@type":"BreadcrumbList","@id":"https:\/\/raftingvalledelmanso.com\/product\/cerro-tronador-y-ventisquero-negro#breadcrumb","itemListElement":[{"@type":"ListItem","position":1,"name":"Home","item":"https:\/\/raftingvalledelmanso.com\/"},{"@type":"ListItem","position":2,"name":"Shop","item":"https:\/\/raftingvalledelmanso.com\/shop\/"},{"@type":"ListItem","position":3,"name":"Cerro Tronador y Ventisquero Negro: exploraci\u00f3n total en el coraz\u00f3n de la Patagonia"}]},{"@type":"WebSite","@id":"https:\/\/raftingvalledelmanso.com\/#website","url":"https:\/\/raftingvalledelmanso.com\/","name":"Rafting Manso Valley | Bariloche Rivers Adventure","description":"Rafting in Patagonia Argentina: adventure, nature and excitement in the rapids of the Manso Valley, near Bariloche.","publisher":{"@id":"https:\/\/raftingvalledelmanso.com\/#organization"},"potentialAction":[{"@type":"SearchAction","target":{"@type":"EntryPoint","urlTemplate":"https:\/\/raftingvalledelmanso.com\/?s={search_term_string}"},"query-input":{"@type":"PropertyValueSpecification","valueRequired":true,"valueName":"search_term_string"}}],"inLanguage":"en-US"},{"@type":"Organization","@id":"https:\/\/raftingvalledelmanso.com\/#organization","name":"Rafting Manso Valley | Bariloche Rivers Adventure","url":"https:\/\/raftingvalledelmanso.com\/","logo":{"@type":"ImageObject","inLanguage":"en-US","@id":"https:\/\/raftingvalledelmanso.com\/#\/schema\/logo\/image\/","url":"https:\/\/raftingvalledelmanso.com\/wp-content\/uploads\/2023\/08\/favicon.png","contentUrl":"https:\/\/raftingvalledelmanso.com\/wp-content\/uploads\/2023\/08\/favicon.png","width":100,"height":100,"caption":"Rafting Valle del Manso | Aventura en los R\u00edos de Bariloche"},"image":{"@id":"https:\/\/raftingvalledelmanso.com\/#\/schema\/logo\/image\/"}}]},"product_price_amount":"59400.00","product_price_currency":"ARS","og_availability":"instock","product_availability":"instock","product_retailer_item_id":"ADV2025CETRYVHMNO","product_condition":"new"},"_links":{"self":[{"href":"https:\/\/raftingvalledelmanso.com\/en\/wp-json\/wp\/v2\/product\/73188","targetHints":{"allow":["GET"]}}],"collection":[{"href":"https:\/\/raftingvalledelmanso.com\/en\/wp-json\/wp\/v2\/product"}],"about":[{"href":"https:\/\/raftingvalledelmanso.com\/en\/wp-json\/wp\/v2\/types\/product"}],"replies":[{"embeddable":true,"href":"https:\/\/raftingvalledelmanso.com\/en\/wp-json\/wp\/v2\/comments?post=73188"}],"wp:featuredmedia":[{"embeddable":true,"href":"https:\/\/raftingvalledelmanso.com\/en\/wp-json\/wp\/v2\/media\/73424"}],"wp:attachment":[{"href":"https:\/\/raftingvalledelmanso.com\/en\/wp-json\/wp\/v2\/media?parent=73188"}],"wp:term":[{"taxonomy":"product_brand","embeddable":true,"href":"https:\/\/raftingvalledelmanso.com\/en\/wp-json\/wp\/v2\/product_brand?post=73188"},{"taxonomy":"product_cat","embeddable":true,"href":"https:\/\/raftingvalledelmanso.com\/en\/wp-json\/wp\/v2\/product_cat?post=73188"},{"taxonomy":"product_tag","embeddable":true,"href":"https:\/\/raftingvalledelmanso.com\/en\/wp-json\/wp\/v2\/product_tag?post=73188"}],"curies":[{"name":"wp","href":"https:\/\/api.w.org\/{rel}","templated":true}]}}