{"id":73189,"date":"2025-08-18T13:32:35","date_gmt":"2025-08-18T16:32:35","guid":{"rendered":"https:\/\/raftingvalledelmanso.com\/product\/san-martin-de-los-andes-por-los-7-lagos-naturaleza-miradores-y-postales-unicas-de-la-patagonia"},"modified":"2026-04-09T09:21:12","modified_gmt":"2026-04-09T12:21:12","slug":"san-martin-de-los-andes-por-7-lagos","status":"publish","type":"product","link":"https:\/\/raftingvalledelmanso.com\/en\/product\/san-martin-de-los-andes-by-7-lakes\/","title":{"rendered":"San Mart\u00edn de los Andes by the 7 Lakes: Nature, Viewpoints and Unique Postcards of Patagonia"},"content":{"rendered":"<h2>I lived the unforgettable journey to San Mart\u00edn de los Andes.<\/h2>\n<p>Put the first gear on and dare to live a different adventure leaving from Bariloche, on the way to the charming San Mart\u00edn de los Andes. The trip along the <strong>National Route 40<\/strong> immerses you in dreamy scenarios, crossing the enchanting <strong>Dina Huapi<\/strong>, over the imposing river <strong>Limay<\/strong>, the immensity of the sea, entering into all the immensity of the <strong>Nahuel Huapi National Park<\/strong>.<\/p>\n<h3>A journey through nature that will make you fall in love with it.<\/h3>\n<p>Along the route, each curve offers unique panoramic views of the <strong>lakes Espejo, Correntoso, Escondido, Villarino, Falkner, Mach\u00f3nico<\/strong> and the wonderful <strong>Lake L\u00e1car<\/strong>, in the heart of the <strong>Lan\u00edn National Park<\/strong>. Live each stop taking pictures that transmit the Patagonian energy and take with you sensations that last.<\/p>\n<h3>San Mart\u00edn de los Andes, pure magic among mountains<\/h3>\n<p>When you arrive in San Martin de los Andes, an authentic destination surrounded by majestic hills and deep waters awaits you. Walk through its picturesque streets, discover local handicraft shops or take a break with a coffee in front of a <strong>unique view<\/strong> to Lake L\u00e1car.<\/p>\n<h3>Tour information<\/h3>\n<ul>\n<li><strong>Route:<\/strong> Guided city tour by land that includes Villa La Angostura and the entire route of the 7 lakes.<\/li>\n<li><strong>Schedule:<\/strong> Departure at 8:00 am and return at approximately 6:30 pm.<\/li>\n<li><strong>Service included:<\/strong> Transfer and guide on board in Spanish (you can add a bilingual guide for an extra charge).<\/li>\n<li><strong>Does not include:<\/strong> Meals (along the promenade there are inns available).<\/li>\n<\/ul>\n<p>Don't miss this unique chance to explore the most genuine Patagonia and take home memories that are worth gold.<\/p>\n<h2>Frequently Asked Questions<\/h2>\n<ul>\n<li><strong>What happens if it rains or snows during the excursion?<\/strong><br \/>\nThe trip continues even if the weather changes, as the Patagonian climate often surprises with rain or snowfall.<\/li>\n<li><strong>Is boating on the lakes contemplated?<\/strong><br \/>\nNo, the experience is overland, traveling by minibus and making photographic stops or visits to San Mart\u00edn de los Andes and Villa La Angostura.<\/li>\n<li><strong>Are there any stops along the way?<\/strong><br \/>\nOf course, there are breaks to stretch your legs and the main one is in San Martin de los Andes where you can have lunch and take a walk.<\/li>\n<li><strong>Can I finish my trip somewhere else?<\/strong><br \/>\nYes, choose whether to get off in Villa La Angostura or San Mart\u00edn de los Andes and carry your luggage without any drama.<\/li>\n<li><strong>Can I come back the next day?<\/strong><br \/>\nThe tour ends the same day. If you prefer to stay longer, you will have to organize and pay separately for the return trip.<\/li>\n<\/ul>","protected":false},"excerpt":{"rendered":"<h2>An unforgettable adventure awaits you<\/h2>\n<p>Let the environment amaze you as you walk through the <strong>route of the 7 lakes<\/strong> heading to San Mart\u00edn de los Andes. Discover dazzling panoramas and visit a magical city surrounded by nature. Book your place and enjoy this unique experience!<\/p>","protected":false},"featured_media":73428,"comment_status":"open","ping_status":"closed","template":"","meta":[],"product_brand":[],"product_cat":[30,34,35,41,46,49,51],"product_tag":[],"class_list":{"0":"post-73189","1":"product","2":"type-product","3":"status-publish","4":"has-post-thumbnail","6":"product_cat-adultos","7":"product_cat-con-traslado","8":"product_cat-familia","9":"product_cat-ninos","10":"product_cat-sin-comida","11":"product_cat-terrestre","12":"product_cat-todo-el-ano","14":"first","15":"instock","16":"virtual","17":"sold-individually","18":"purchasable","19":"product-type-booking"},"booking_location":"","booking_location_type":"","booking_duration":1,"booking_duration_unit":"hour","booking_buffer":0,"booking_cost":0,"booking_resources":[],"exclude_global_add_ons":false,"addons":[{"name":"STD | Passengers","type":"input_multiplier","position":0,"required":false,"title_format":"label","default":"","description_enable":false,"description":"","placeholder_enable":false,"placeholder":"","display":"select","restrictions_type":"any_text","adjust_price":true,"price":"71400","price_type":"flat_fee","restrictions":false,"min":"0","max":"0","options":[],"id":1773237111}],"yoast_head":"<!-- This site is optimized with the Yoast SEO Premium plugin v24.5 (Yoast SEO v24.8) - https:\/\/yoast.com\/wordpress\/plugins\/seo\/ -->\n<title>San Mart\u00edn de los Andes por los 7 Lagos: Naturaleza, Miradores y Postales \u00danicas de la Patagonia - Rafting Valle del Manso | Aventura en los R\u00edos de Bariloche<\/title>\n<meta name=\"robots\" content=\"index, follow, max-snippet:-1, max-image-preview:large, max-video-preview:-1\" \/>\n<link rel=\"canonical\" href=\"https:\/\/raftingvalledelmanso.com\/en\/product\/san-martin-de-los-andes-by-7-lakes\/\" \/>\n<meta property=\"og:locale\" content=\"en_US\" \/>\n<meta property=\"og:type\" content=\"article\" \/>\n<meta property=\"og:title\" content=\"San Mart\u00edn de los Andes por los 7 Lagos: Naturaleza, Miradores y Postales \u00danicas de la Patagonia\" \/>\n<meta property=\"og:description\" content=\"Te espera una aventura inolvidable Permit\u00ed que el entorno te maraville al transitar la ruta de los 7 lagos rumbo a San Mart\u00edn de los Andes. Descubr\u00ed panoramas deslumbrantes y recorr\u00e9 una ciudad m\u00e1gica enmarcada por la naturaleza. \u00a1Reserv\u00e1 tu lugar y disfrut\u00e1 de esta experiencia irrepetible!\" \/>\n<meta property=\"og:url\" content=\"https:\/\/raftingvalledelmanso.com\/en\/product\/san-martin-de-los-andes-by-7-lakes\/\" \/>\n<meta property=\"og:site_name\" content=\"Rafting Valle del Manso | Aventura en los R\u00edos de Bariloche\" \/>\n<meta property=\"article:modified_time\" content=\"2026-04-09T12:21:12+00:00\" \/>\n<meta property=\"og:image\" content=\"https:\/\/raftingvalledelmanso.com\/wp-content\/uploads\/2025\/08\/12-D-GOPR1177-copia.jpg\" \/>\n\t<meta property=\"og:image:width\" content=\"850\" \/>\n\t<meta property=\"og:image:height\" content=\"1133\" \/>\n\t<meta property=\"og:image:type\" content=\"image\/jpeg\" \/>\n<meta name=\"twitter:card\" content=\"summary_large_image\" \/>\n<meta name=\"twitter:label1\" content=\"Price\" \/>\n\t<meta name=\"twitter:data1\" content=\"&#036;&nbsp;71,400.00\" \/>\n\t<meta name=\"twitter:label2\" content=\"Availability\" \/>\n\t<meta name=\"twitter:data2\" content=\"In stock\" \/>\n<script type=\"application\/ld+json\" class=\"yoast-schema-graph\">{\"@context\":\"https:\/\/schema.org\",\"@graph\":[{\"@type\":[\"WebPage\",\"ItemPage\"],\"@id\":\"https:\/\/raftingvalledelmanso.com\/product\/san-martin-de-los-andes-por-7-lagos\",\"url\":\"https:\/\/raftingvalledelmanso.com\/product\/san-martin-de-los-andes-por-7-lagos\",\"name\":\"San Mart\u00edn de los Andes por los 7 Lagos: Naturaleza, Miradores y Postales \u00danicas de la Patagonia - Rafting Valle del Manso | Aventura en los R\u00edos de Bariloche\",\"isPartOf\":{\"@id\":\"https:\/\/raftingvalledelmanso.com\/#website\"},\"primaryImageOfPage\":{\"@id\":\"https:\/\/raftingvalledelmanso.com\/product\/san-martin-de-los-andes-por-7-lagos#primaryimage\"},\"image\":{\"@id\":\"https:\/\/raftingvalledelmanso.com\/product\/san-martin-de-los-andes-por-7-lagos#primaryimage\"},\"thumbnailUrl\":\"https:\/\/raftingvalledelmanso.com\/wp-content\/uploads\/2025\/08\/12-D-GOPR1177-copia.jpg\",\"datePublished\":\"2025-08-18T16:32:35+00:00\",\"dateModified\":\"2026-04-09T12:21:12+00:00\",\"breadcrumb\":{\"@id\":\"https:\/\/raftingvalledelmanso.com\/product\/san-martin-de-los-andes-por-7-lagos#breadcrumb\"},\"inLanguage\":\"en-US\",\"potentialAction\":[{\"@type\":\"ReadAction\",\"target\":[\"https:\/\/raftingvalledelmanso.com\/product\/san-martin-de-los-andes-por-7-lagos\"]}]},{\"@type\":\"ImageObject\",\"inLanguage\":\"en-US\",\"@id\":\"https:\/\/raftingvalledelmanso.com\/product\/san-martin-de-los-andes-por-7-lagos#primaryimage\",\"url\":\"https:\/\/raftingvalledelmanso.com\/wp-content\/uploads\/2025\/08\/12-D-GOPR1177-copia.jpg\",\"contentUrl\":\"https:\/\/raftingvalledelmanso.com\/wp-content\/uploads\/2025\/08\/12-D-GOPR1177-copia.jpg\",\"width\":850,\"height\":1133,\"caption\":\"DCIM100GOPROGOPR1177.JPG\"},{\"@type\":\"BreadcrumbList\",\"@id\":\"https:\/\/raftingvalledelmanso.com\/product\/san-martin-de-los-andes-por-7-lagos#breadcrumb\",\"itemListElement\":[{\"@type\":\"ListItem\",\"position\":1,\"name\":\"Home\",\"item\":\"https:\/\/raftingvalledelmanso.com\/\"},{\"@type\":\"ListItem\",\"position\":2,\"name\":\"Shop\",\"item\":\"https:\/\/raftingvalledelmanso.com\/shop\/\"},{\"@type\":\"ListItem\",\"position\":3,\"name\":\"San Mart\u00edn de los Andes por los 7 Lagos: Naturaleza, Miradores y Postales \u00danicas de la Patagonia\"}]},{\"@type\":\"WebSite\",\"@id\":\"https:\/\/raftingvalledelmanso.com\/#website\",\"url\":\"https:\/\/raftingvalledelmanso.com\/\",\"name\":\"Rafting Valle del Manso | Aventura en los R\u00edos de Bariloche\",\"description\":\"Rafting en la Patagonia Argentina: aventura, naturaleza y emoci\u00f3n en los r\u00e1pidos del Valle del Manso, cerca de Bariloche.\",\"publisher\":{\"@id\":\"https:\/\/raftingvalledelmanso.com\/#organization\"},\"potentialAction\":[{\"@type\":\"SearchAction\",\"target\":{\"@type\":\"EntryPoint\",\"urlTemplate\":\"https:\/\/raftingvalledelmanso.com\/?s={search_term_string}\"},\"query-input\":{\"@type\":\"PropertyValueSpecification\",\"valueRequired\":true,\"valueName\":\"search_term_string\"}}],\"inLanguage\":\"en-US\"},{\"@type\":\"Organization\",\"@id\":\"https:\/\/raftingvalledelmanso.com\/#organization\",\"name\":\"Rafting Valle del Manso | Aventura en los R\u00edos de Bariloche\",\"url\":\"https:\/\/raftingvalledelmanso.com\/\",\"logo\":{\"@type\":\"ImageObject\",\"inLanguage\":\"en-US\",\"@id\":\"https:\/\/raftingvalledelmanso.com\/#\/schema\/logo\/image\/\",\"url\":\"https:\/\/raftingvalledelmanso.com\/wp-content\/uploads\/2023\/08\/favicon.png\",\"contentUrl\":\"https:\/\/raftingvalledelmanso.com\/wp-content\/uploads\/2023\/08\/favicon.png\",\"width\":100,\"height\":100,\"caption\":\"Rafting Valle del Manso | Aventura en los R\u00edos de Bariloche\"},\"image\":{\"@id\":\"https:\/\/raftingvalledelmanso.com\/#\/schema\/logo\/image\/\"}}]}<\/script>\n<meta property=\"product:price:amount\" content=\"71400.00\" \/>\n<meta property=\"product:price:currency\" content=\"ARS\" \/>\n<meta property=\"og:availability\" content=\"instock\" \/>\n<meta property=\"product:availability\" content=\"instock\" \/>\n<meta property=\"product:retailer_item_id\" content=\"ADV2025SAMADEQ219\" \/>\n<meta property=\"product:condition\" content=\"new\" \/>\n<!-- \/ Yoast SEO Premium plugin. -->","yoast_head_json":{"title":"San Mart\u00edn de los Andes by the 7 Lakes: Nature, Viewpoints and Unique Postcards of Patagonia - Rafting Manso Valley | Adventure on the Rivers of Bariloche","robots":{"index":"index","follow":"follow","max-snippet":"max-snippet:-1","max-image-preview":"max-image-preview:large","max-video-preview":"max-video-preview:-1"},"canonical":"https:\/\/raftingvalledelmanso.com\/en\/product\/san-martin-de-los-andes-by-7-lakes\/","og_locale":"en_US","og_type":"article","og_title":"San Mart\u00edn de los Andes por los 7 Lagos: Naturaleza, Miradores y Postales \u00danicas de la Patagonia","og_description":"Te espera una aventura inolvidable Permit\u00ed que el entorno te maraville al transitar la ruta de los 7 lagos rumbo a San Mart\u00edn de los Andes. Descubr\u00ed panoramas deslumbrantes y recorr\u00e9 una ciudad m\u00e1gica enmarcada por la naturaleza. \u00a1Reserv\u00e1 tu lugar y disfrut\u00e1 de esta experiencia irrepetible!","og_url":"https:\/\/raftingvalledelmanso.com\/en\/product\/san-martin-de-los-andes-by-7-lakes\/","og_site_name":"Rafting Valle del Manso | Aventura en los R\u00edos de Bariloche","article_modified_time":"2026-04-09T12:21:12+00:00","og_image":[{"width":850,"height":1133,"url":"https:\/\/raftingvalledelmanso.com\/wp-content\/uploads\/2025\/08\/12-D-GOPR1177-copia.jpg","type":"image\/jpeg"}],"twitter_card":"summary_large_image","twitter_misc":{"Price":"&#36;&nbsp;71,400.00","Availability":"In stock"},"schema":{"@context":"https:\/\/schema.org","@graph":[{"@type":["WebPage","ItemPage"],"@id":"https:\/\/raftingvalledelmanso.com\/product\/san-martin-de-los-andes-por-7-lagos","url":"https:\/\/raftingvalledelmanso.com\/product\/san-martin-de-los-andes-por-7-lagos","name":"San Mart\u00edn de los Andes by the 7 Lakes: Nature, Viewpoints and Unique Postcards of Patagonia - Rafting Manso Valley | Adventure on the Rivers of Bariloche","isPartOf":{"@id":"https:\/\/raftingvalledelmanso.com\/#website"},"primaryImageOfPage":{"@id":"https:\/\/raftingvalledelmanso.com\/product\/san-martin-de-los-andes-por-7-lagos#primaryimage"},"image":{"@id":"https:\/\/raftingvalledelmanso.com\/product\/san-martin-de-los-andes-por-7-lagos#primaryimage"},"thumbnailUrl":"https:\/\/raftingvalledelmanso.com\/wp-content\/uploads\/2025\/08\/12-D-GOPR1177-copia.jpg","datePublished":"2025-08-18T16:32:35+00:00","dateModified":"2026-04-09T12:21:12+00:00","breadcrumb":{"@id":"https:\/\/raftingvalledelmanso.com\/product\/san-martin-de-los-andes-por-7-lagos#breadcrumb"},"inLanguage":"en-US","potentialAction":[{"@type":"ReadAction","target":["https:\/\/raftingvalledelmanso.com\/product\/san-martin-de-los-andes-por-7-lagos"]}]},{"@type":"ImageObject","inLanguage":"en-US","@id":"https:\/\/raftingvalledelmanso.com\/product\/san-martin-de-los-andes-por-7-lagos#primaryimage","url":"https:\/\/raftingvalledelmanso.com\/wp-content\/uploads\/2025\/08\/12-D-GOPR1177-copia.jpg","contentUrl":"https:\/\/raftingvalledelmanso.com\/wp-content\/uploads\/2025\/08\/12-D-GOPR1177-copia.jpg","width":850,"height":1133,"caption":"DCIM100GOPROGOPR1177.JPG"},{"@type":"BreadcrumbList","@id":"https:\/\/raftingvalledelmanso.com\/product\/san-martin-de-los-andes-por-7-lagos#breadcrumb","itemListElement":[{"@type":"ListItem","position":1,"name":"Home","item":"https:\/\/raftingvalledelmanso.com\/"},{"@type":"ListItem","position":2,"name":"Shop","item":"https:\/\/raftingvalledelmanso.com\/shop\/"},{"@type":"ListItem","position":3,"name":"San Mart\u00edn de los Andes por los 7 Lagos: Naturaleza, Miradores y Postales \u00danicas de la Patagonia"}]},{"@type":"WebSite","@id":"https:\/\/raftingvalledelmanso.com\/#website","url":"https:\/\/raftingvalledelmanso.com\/","name":"Rafting Manso Valley | Bariloche Rivers Adventure","description":"Rafting in Patagonia Argentina: adventure, nature and excitement in the rapids of the Manso Valley, near Bariloche.","publisher":{"@id":"https:\/\/raftingvalledelmanso.com\/#organization"},"potentialAction":[{"@type":"SearchAction","target":{"@type":"EntryPoint","urlTemplate":"https:\/\/raftingvalledelmanso.com\/?s={search_term_string}"},"query-input":{"@type":"PropertyValueSpecification","valueRequired":true,"valueName":"search_term_string"}}],"inLanguage":"en-US"},{"@type":"Organization","@id":"https:\/\/raftingvalledelmanso.com\/#organization","name":"Rafting Manso Valley | Bariloche Rivers Adventure","url":"https:\/\/raftingvalledelmanso.com\/","logo":{"@type":"ImageObject","inLanguage":"en-US","@id":"https:\/\/raftingvalledelmanso.com\/#\/schema\/logo\/image\/","url":"https:\/\/raftingvalledelmanso.com\/wp-content\/uploads\/2023\/08\/favicon.png","contentUrl":"https:\/\/raftingvalledelmanso.com\/wp-content\/uploads\/2023\/08\/favicon.png","width":100,"height":100,"caption":"Rafting Valle del Manso | Aventura en los R\u00edos de Bariloche"},"image":{"@id":"https:\/\/raftingvalledelmanso.com\/#\/schema\/logo\/image\/"}}]},"product_price_amount":"71400.00","product_price_currency":"ARS","og_availability":"instock","product_availability":"instock","product_retailer_item_id":"ADV2025SAMADEQ219","product_condition":"new"},"_links":{"self":[{"href":"https:\/\/raftingvalledelmanso.com\/en\/wp-json\/wp\/v2\/product\/73189","targetHints":{"allow":["GET"]}}],"collection":[{"href":"https:\/\/raftingvalledelmanso.com\/en\/wp-json\/wp\/v2\/product"}],"about":[{"href":"https:\/\/raftingvalledelmanso.com\/en\/wp-json\/wp\/v2\/types\/product"}],"replies":[{"embeddable":true,"href":"https:\/\/raftingvalledelmanso.com\/en\/wp-json\/wp\/v2\/comments?post=73189"}],"wp:featuredmedia":[{"embeddable":true,"href":"https:\/\/raftingvalledelmanso.com\/en\/wp-json\/wp\/v2\/media\/73428"}],"wp:attachment":[{"href":"https:\/\/raftingvalledelmanso.com\/en\/wp-json\/wp\/v2\/media?parent=73189"}],"wp:term":[{"taxonomy":"product_brand","embeddable":true,"href":"https:\/\/raftingvalledelmanso.com\/en\/wp-json\/wp\/v2\/product_brand?post=73189"},{"taxonomy":"product_cat","embeddable":true,"href":"https:\/\/raftingvalledelmanso.com\/en\/wp-json\/wp\/v2\/product_cat?post=73189"},{"taxonomy":"product_tag","embeddable":true,"href":"https:\/\/raftingvalledelmanso.com\/en\/wp-json\/wp\/v2\/product_tag?post=73189"}],"curies":[{"name":"wp","href":"https:\/\/api.w.org\/{rel}","templated":true}]}}