{"id":73191,"date":"2025-08-18T13:33:33","date_gmt":"2025-08-18T16:33:33","guid":{"rendered":"https:\/\/raftingvalledelmanso.com\/product\/rafting-light-en-el-rio-manso-con-traslado"},"modified":"2026-04-28T10:41:07","modified_gmt":"2026-04-28T13:41:07","slug":"rafting-light-en-el-rio-manso-con-traslado","status":"publish","type":"product","link":"https:\/\/raftingvalledelmanso.com\/en\/product\/light-rafting-on-the-manso-river-with-transfer\/","title":{"rendered":"Rafting Light on the Manso River with transfer"},"content":{"rendered":"<h2>Experience the Power of the Manso River with Confidence<\/h2>\n<p>I felt the <strong>rafting adrenaline<\/strong> in the magical <strong>Manso River<\/strong>, where nature and emotion merge at another level. This <strong>soft rafting mode<\/strong> is ideal for families and children as young as 5 years old, opening the door to a safe experience close to the natural environment. We paddle <strong>6 km<\/strong> by waters of <strong>grade 1 and 2<\/strong>, perfect for those who want to get started in this world or are looking for a quiet outing on the river.<\/p>\n<h3>Experience a different kind of experience<\/h3>\n<p>At the meeting site, our <strong>certified guides<\/strong> accompany you to start together this memorable experience.<\/p>\n<ul>\n<li><strong>All equipment included:<\/strong> neoprene wetsuit, helmet, vest and all the necessary elements.<\/li>\n<li><strong>Personalized instruction:<\/strong> Before embarking you will receive a brief training to make rafting fun and safe.<\/li>\n<\/ul>\n<p>During the trip, you will enjoy breathtaking views and feel the pure contact with the water. The excursion has an approximate duration of <strong>of an hour and a half<\/strong>, You will be fully immersed in the mountain scenery.<\/p>\n<h3>Exit point<\/h3>\n<p data-pm-slice=\"1 1 []\">If you book a transfer, we leave from the center of Bariloche or we will meet you at the point we coordinate according to your accommodation. In case you use your own vehicle,<\/p>\n<p>You must be at our stop where the rafting excursion takes place at the Villegas Base, Route 83 Km 1. <a class=\"theme markdown__link\" href=\"https:\/\/maps.app.goo.gl\/NqbsUN6VB5Fnt7hVA\" target=\"_blank\" rel=\"noopener noreferrer\">https:\/\/maps.app.goo.gl\/NqbsUN6VB5Fnt7hVA<\/a> this is the link to the location of the parador.<\/p>\n<h3>Rest and good vibes<\/h3>\n<p>At the end of the tour, we will be waiting for you at the hostel to relax, share anecdotes with other adventurers and recharge your batteries.<\/p>\n<h3>Suggestions for your Exit<\/h3>\n<ul>\n<li><strong>Take away:<\/strong> a towel, a change of dry clothes and appropriate footwear that tolerates water.<\/li>\n<li><strong>Consider:<\/strong> During the tour you will probably get splashed with some drops, join the game!<\/li>\n<\/ul>\n<p>Don't miss this moment to get to know Patagonia from the inside, reserve your place now, don't let them tell you about it!<\/p>\n<p><strong>Important Notice<\/strong>This tour is currently available and has departures until April 30, according to the operating calendar.<\/p>","protected":false},"excerpt":{"rendered":"<p>Live a unique adventure of soft rafting on the Manso River. Perfect for beginners or those looking for a family plan, this proposal offers a safe and fun trip along 6 kilometers surrounded by breathtaking scenery.<\/p>","protected":false},"featured_media":73435,"comment_status":"open","ping_status":"closed","template":"","meta":[],"product_brand":[],"product_cat":[30,32,34,35,41,44,46,52],"product_tag":[],"class_list":{"0":"post-73191","1":"product","2":"type-product","3":"status-publish","4":"has-post-thumbnail","6":"product_cat-adultos","7":"product_cat-aventura","8":"product_cat-con-traslado","9":"product_cat-familia","10":"product_cat-ninos","11":"product_cat-primavera","12":"product_cat-sin-comida","13":"product_cat-verano","15":"first","16":"instock","17":"virtual","18":"sold-individually","19":"purchasable","20":"product-type-booking"},"booking_location":"","booking_location_type":"","booking_duration":1,"booking_duration_unit":"hour","booking_buffer":0,"booking_cost":0,"booking_resources":[],"exclude_global_add_ons":false,"addons":[{"name":"ADU | Adult","type":"input_multiplier","position":0,"required":false,"title_format":"label","default":"","description_enable":false,"description":"","placeholder_enable":false,"placeholder":"","display":"select","restrictions_type":"any_text","adjust_price":true,"price":"90000","price_type":"quantity_based","restrictions":false,"min":"0","max":"0","options":[],"id":1773236862},{"name":"EXTRA | Companion","type":"input_multiplier","position":1,"required":false,"title_format":"label","default":"","description_enable":false,"description":"","placeholder_enable":false,"placeholder":"","display":"select","restrictions_type":"any_text","adjust_price":true,"price":"45000","price_type":"quantity_based","restrictions":false,"min":"0","max":"0","options":[],"id":1773236863},{"name":"MEN512 | from 5 to 12","type":"input_multiplier","position":2,"required":false,"title_format":"label","default":"","description_enable":false,"description":"","placeholder_enable":false,"placeholder":"","display":"select","restrictions_type":"any_text","adjust_price":true,"price":"90000","price_type":"quantity_based","restrictions":false,"min":"0","max":"0","options":[],"id":1773236864}],"yoast_head":"<!-- This site is optimized with the Yoast SEO Premium plugin v24.5 (Yoast SEO v24.8) - https:\/\/yoast.com\/wordpress\/plugins\/seo\/ -->\n<title>Rafting Light en el r\u00edo Manso con traslado - Rafting Valle del Manso | Aventura en los R\u00edos de Bariloche<\/title>\n<meta name=\"description\" content=\"Viv\u00ed la experiencia de rafting en el R\u00edo Manso sin traslado desde Bariloche. Una aventura tranquila entre paisajes naturales \u00fanicos, ideal para familias.\" \/>\n<meta name=\"robots\" content=\"index, follow, max-snippet:-1, max-image-preview:large, max-video-preview:-1\" \/>\n<link rel=\"canonical\" href=\"https:\/\/raftingvalledelmanso.com\/en\/product\/light-rafting-on-the-manso-river-with-transfer\/\" \/>\n<meta property=\"og:locale\" content=\"en_US\" \/>\n<meta property=\"og:type\" content=\"article\" \/>\n<meta property=\"og:title\" content=\"Rafting Light en el r\u00edo Manso con traslado\" \/>\n<meta property=\"og:description\" content=\"Viv\u00ed la experiencia de rafting en el R\u00edo Manso sin traslado desde Bariloche. Una aventura tranquila entre paisajes naturales \u00fanicos, ideal para familias.\" \/>\n<meta property=\"og:url\" content=\"https:\/\/raftingvalledelmanso.com\/en\/product\/light-rafting-on-the-manso-river-with-transfer\/\" \/>\n<meta property=\"og:site_name\" content=\"Rafting Valle del Manso | Aventura en los R\u00edos de Bariloche\" \/>\n<meta property=\"article:modified_time\" content=\"2026-04-28T13:41:07+00:00\" \/>\n<meta property=\"og:image\" content=\"https:\/\/raftingvalledelmanso.com\/wp-content\/uploads\/2025\/08\/12-A-Rafting-light-rio-Manso-10.jpg\" \/>\n\t<meta property=\"og:image:width\" content=\"850\" \/>\n\t<meta property=\"og:image:height\" content=\"1133\" \/>\n\t<meta property=\"og:image:type\" content=\"image\/jpeg\" \/>\n<meta name=\"twitter:card\" content=\"summary_large_image\" \/>\n<meta name=\"twitter:label1\" content=\"Price\" \/>\n\t<meta name=\"twitter:data1\" content=\"&#036;&nbsp;90,000.00\" \/>\n\t<meta name=\"twitter:label2\" content=\"Availability\" \/>\n\t<meta name=\"twitter:data2\" content=\"In stock\" \/>\n<script type=\"application\/ld+json\" class=\"yoast-schema-graph\">{\"@context\":\"https:\/\/schema.org\",\"@graph\":[{\"@type\":[\"WebPage\",\"ItemPage\"],\"@id\":\"https:\/\/raftingvalledelmanso.com\/product\/rafting-light-en-el-rio-manso-con-traslado\/\",\"url\":\"https:\/\/raftingvalledelmanso.com\/product\/rafting-light-en-el-rio-manso-con-traslado\/\",\"name\":\"Rafting Light en el r\u00edo Manso con traslado - Rafting Valle del Manso | Aventura en los R\u00edos de Bariloche\",\"isPartOf\":{\"@id\":\"https:\/\/raftingvalledelmanso.com\/#website\"},\"primaryImageOfPage\":{\"@id\":\"https:\/\/raftingvalledelmanso.com\/product\/rafting-light-en-el-rio-manso-con-traslado\/#primaryimage\"},\"image\":{\"@id\":\"https:\/\/raftingvalledelmanso.com\/product\/rafting-light-en-el-rio-manso-con-traslado\/#primaryimage\"},\"thumbnailUrl\":\"https:\/\/raftingvalledelmanso.com\/wp-content\/uploads\/2025\/08\/12-A-Rafting-light-rio-Manso-10.jpg\",\"datePublished\":\"2025-08-18T16:33:33+00:00\",\"dateModified\":\"2026-04-28T13:41:07+00:00\",\"description\":\"Viv\u00ed la experiencia de rafting en el R\u00edo Manso sin traslado desde Bariloche. Una aventura tranquila entre paisajes naturales \u00fanicos, ideal para familias.\",\"breadcrumb\":{\"@id\":\"https:\/\/raftingvalledelmanso.com\/product\/rafting-light-en-el-rio-manso-con-traslado\/#breadcrumb\"},\"inLanguage\":\"en-US\",\"potentialAction\":[{\"@type\":\"ReadAction\",\"target\":[\"https:\/\/raftingvalledelmanso.com\/product\/rafting-light-en-el-rio-manso-con-traslado\/\"]}]},{\"@type\":\"ImageObject\",\"inLanguage\":\"en-US\",\"@id\":\"https:\/\/raftingvalledelmanso.com\/product\/rafting-light-en-el-rio-manso-con-traslado\/#primaryimage\",\"url\":\"https:\/\/raftingvalledelmanso.com\/wp-content\/uploads\/2025\/08\/12-A-Rafting-light-rio-Manso-10.jpg\",\"contentUrl\":\"https:\/\/raftingvalledelmanso.com\/wp-content\/uploads\/2025\/08\/12-A-Rafting-light-rio-Manso-10.jpg\",\"width\":850,\"height\":1133},{\"@type\":\"BreadcrumbList\",\"@id\":\"https:\/\/raftingvalledelmanso.com\/product\/rafting-light-en-el-rio-manso-con-traslado\/#breadcrumb\",\"itemListElement\":[{\"@type\":\"ListItem\",\"position\":1,\"name\":\"Home\",\"item\":\"https:\/\/raftingvalledelmanso.com\/\"},{\"@type\":\"ListItem\",\"position\":2,\"name\":\"Shop\",\"item\":\"https:\/\/raftingvalledelmanso.com\/shop\/\"},{\"@type\":\"ListItem\",\"position\":3,\"name\":\"Rafting Light en el r\u00edo Manso con traslado\"}]},{\"@type\":\"WebSite\",\"@id\":\"https:\/\/raftingvalledelmanso.com\/#website\",\"url\":\"https:\/\/raftingvalledelmanso.com\/\",\"name\":\"Rafting Valle del Manso | Aventura en los R\u00edos de Bariloche\",\"description\":\"Rafting en la Patagonia Argentina: aventura, naturaleza y emoci\u00f3n en los r\u00e1pidos del Valle del Manso, cerca de Bariloche.\",\"publisher\":{\"@id\":\"https:\/\/raftingvalledelmanso.com\/#organization\"},\"potentialAction\":[{\"@type\":\"SearchAction\",\"target\":{\"@type\":\"EntryPoint\",\"urlTemplate\":\"https:\/\/raftingvalledelmanso.com\/?s={search_term_string}\"},\"query-input\":{\"@type\":\"PropertyValueSpecification\",\"valueRequired\":true,\"valueName\":\"search_term_string\"}}],\"inLanguage\":\"en-US\"},{\"@type\":\"Organization\",\"@id\":\"https:\/\/raftingvalledelmanso.com\/#organization\",\"name\":\"Rafting Valle del Manso | Aventura en los R\u00edos de Bariloche\",\"url\":\"https:\/\/raftingvalledelmanso.com\/\",\"logo\":{\"@type\":\"ImageObject\",\"inLanguage\":\"en-US\",\"@id\":\"https:\/\/raftingvalledelmanso.com\/#\/schema\/logo\/image\/\",\"url\":\"https:\/\/raftingvalledelmanso.com\/wp-content\/uploads\/2023\/08\/favicon.png\",\"contentUrl\":\"https:\/\/raftingvalledelmanso.com\/wp-content\/uploads\/2023\/08\/favicon.png\",\"width\":100,\"height\":100,\"caption\":\"Rafting Valle del Manso | Aventura en los R\u00edos de Bariloche\"},\"image\":{\"@id\":\"https:\/\/raftingvalledelmanso.com\/#\/schema\/logo\/image\/\"}}]}<\/script>\n<meta property=\"product:price:amount\" content=\"90000.00\" \/>\n<meta property=\"product:price:currency\" content=\"ARS\" \/>\n<meta property=\"og:availability\" content=\"instock\" \/>\n<meta property=\"product:availability\" content=\"instock\" \/>\n<meta property=\"product:retailer_item_id\" content=\"ADV2025RALIENP3DA\" \/>\n<meta property=\"product:condition\" content=\"new\" \/>\n<!-- \/ Yoast SEO Premium plugin. -->","yoast_head_json":{"title":"Rafting Light on the Manso River with transfer - Rafting Valle del Manso | Bariloche River Adventure","description":"Live the experience of rafting on the Manso River without transfer from Bariloche. A quiet adventure among unique natural landscapes, ideal for families.","robots":{"index":"index","follow":"follow","max-snippet":"max-snippet:-1","max-image-preview":"max-image-preview:large","max-video-preview":"max-video-preview:-1"},"canonical":"https:\/\/raftingvalledelmanso.com\/en\/product\/light-rafting-on-the-manso-river-with-transfer\/","og_locale":"en_US","og_type":"article","og_title":"Rafting Light en el r\u00edo Manso con traslado","og_description":"Viv\u00ed la experiencia de rafting en el R\u00edo Manso sin traslado desde Bariloche. Una aventura tranquila entre paisajes naturales \u00fanicos, ideal para familias.","og_url":"https:\/\/raftingvalledelmanso.com\/en\/product\/light-rafting-on-the-manso-river-with-transfer\/","og_site_name":"Rafting Valle del Manso | Aventura en los R\u00edos de Bariloche","article_modified_time":"2026-04-28T13:41:07+00:00","og_image":[{"width":850,"height":1133,"url":"https:\/\/raftingvalledelmanso.com\/wp-content\/uploads\/2025\/08\/12-A-Rafting-light-rio-Manso-10.jpg","type":"image\/jpeg"}],"twitter_card":"summary_large_image","twitter_misc":{"Price":"&#36;&nbsp;90,000.00","Availability":"In stock"},"schema":{"@context":"https:\/\/schema.org","@graph":[{"@type":["WebPage","ItemPage"],"@id":"https:\/\/raftingvalledelmanso.com\/product\/rafting-light-en-el-rio-manso-con-traslado\/","url":"https:\/\/raftingvalledelmanso.com\/product\/rafting-light-en-el-rio-manso-con-traslado\/","name":"Rafting Light on the Manso River with transfer - Rafting Valle del Manso | Bariloche River Adventure","isPartOf":{"@id":"https:\/\/raftingvalledelmanso.com\/#website"},"primaryImageOfPage":{"@id":"https:\/\/raftingvalledelmanso.com\/product\/rafting-light-en-el-rio-manso-con-traslado\/#primaryimage"},"image":{"@id":"https:\/\/raftingvalledelmanso.com\/product\/rafting-light-en-el-rio-manso-con-traslado\/#primaryimage"},"thumbnailUrl":"https:\/\/raftingvalledelmanso.com\/wp-content\/uploads\/2025\/08\/12-A-Rafting-light-rio-Manso-10.jpg","datePublished":"2025-08-18T16:33:33+00:00","dateModified":"2026-04-28T13:41:07+00:00","description":"Live the experience of rafting on the Manso River without transfer from Bariloche. A quiet adventure among unique natural landscapes, ideal for families.","breadcrumb":{"@id":"https:\/\/raftingvalledelmanso.com\/product\/rafting-light-en-el-rio-manso-con-traslado\/#breadcrumb"},"inLanguage":"en-US","potentialAction":[{"@type":"ReadAction","target":["https:\/\/raftingvalledelmanso.com\/product\/rafting-light-en-el-rio-manso-con-traslado\/"]}]},{"@type":"ImageObject","inLanguage":"en-US","@id":"https:\/\/raftingvalledelmanso.com\/product\/rafting-light-en-el-rio-manso-con-traslado\/#primaryimage","url":"https:\/\/raftingvalledelmanso.com\/wp-content\/uploads\/2025\/08\/12-A-Rafting-light-rio-Manso-10.jpg","contentUrl":"https:\/\/raftingvalledelmanso.com\/wp-content\/uploads\/2025\/08\/12-A-Rafting-light-rio-Manso-10.jpg","width":850,"height":1133},{"@type":"BreadcrumbList","@id":"https:\/\/raftingvalledelmanso.com\/product\/rafting-light-en-el-rio-manso-con-traslado\/#breadcrumb","itemListElement":[{"@type":"ListItem","position":1,"name":"Home","item":"https:\/\/raftingvalledelmanso.com\/"},{"@type":"ListItem","position":2,"name":"Shop","item":"https:\/\/raftingvalledelmanso.com\/shop\/"},{"@type":"ListItem","position":3,"name":"Rafting Light en el r\u00edo Manso con traslado"}]},{"@type":"WebSite","@id":"https:\/\/raftingvalledelmanso.com\/#website","url":"https:\/\/raftingvalledelmanso.com\/","name":"Rafting Manso Valley | Bariloche Rivers Adventure","description":"Rafting in Patagonia Argentina: adventure, nature and excitement in the rapids of the Manso Valley, near Bariloche.","publisher":{"@id":"https:\/\/raftingvalledelmanso.com\/#organization"},"potentialAction":[{"@type":"SearchAction","target":{"@type":"EntryPoint","urlTemplate":"https:\/\/raftingvalledelmanso.com\/?s={search_term_string}"},"query-input":{"@type":"PropertyValueSpecification","valueRequired":true,"valueName":"search_term_string"}}],"inLanguage":"en-US"},{"@type":"Organization","@id":"https:\/\/raftingvalledelmanso.com\/#organization","name":"Rafting Manso Valley | Bariloche Rivers Adventure","url":"https:\/\/raftingvalledelmanso.com\/","logo":{"@type":"ImageObject","inLanguage":"en-US","@id":"https:\/\/raftingvalledelmanso.com\/#\/schema\/logo\/image\/","url":"https:\/\/raftingvalledelmanso.com\/wp-content\/uploads\/2023\/08\/favicon.png","contentUrl":"https:\/\/raftingvalledelmanso.com\/wp-content\/uploads\/2023\/08\/favicon.png","width":100,"height":100,"caption":"Rafting Valle del Manso | Aventura en los R\u00edos de Bariloche"},"image":{"@id":"https:\/\/raftingvalledelmanso.com\/#\/schema\/logo\/image\/"}}]},"product_price_amount":"90000.00","product_price_currency":"ARS","og_availability":"instock","product_availability":"instock","product_retailer_item_id":"ADV2025RALIENP3DA","product_condition":"new"},"_links":{"self":[{"href":"https:\/\/raftingvalledelmanso.com\/en\/wp-json\/wp\/v2\/product\/73191","targetHints":{"allow":["GET"]}}],"collection":[{"href":"https:\/\/raftingvalledelmanso.com\/en\/wp-json\/wp\/v2\/product"}],"about":[{"href":"https:\/\/raftingvalledelmanso.com\/en\/wp-json\/wp\/v2\/types\/product"}],"replies":[{"embeddable":true,"href":"https:\/\/raftingvalledelmanso.com\/en\/wp-json\/wp\/v2\/comments?post=73191"}],"wp:featuredmedia":[{"embeddable":true,"href":"https:\/\/raftingvalledelmanso.com\/en\/wp-json\/wp\/v2\/media\/73435"}],"wp:attachment":[{"href":"https:\/\/raftingvalledelmanso.com\/en\/wp-json\/wp\/v2\/media?parent=73191"}],"wp:term":[{"taxonomy":"product_brand","embeddable":true,"href":"https:\/\/raftingvalledelmanso.com\/en\/wp-json\/wp\/v2\/product_brand?post=73191"},{"taxonomy":"product_cat","embeddable":true,"href":"https:\/\/raftingvalledelmanso.com\/en\/wp-json\/wp\/v2\/product_cat?post=73191"},{"taxonomy":"product_tag","embeddable":true,"href":"https:\/\/raftingvalledelmanso.com\/en\/wp-json\/wp\/v2\/product_tag?post=73191"}],"curies":[{"name":"wp","href":"https:\/\/api.w.org\/{rel}","templated":true}]}}