{"id":73194,"date":"2025-08-18T13:35:53","date_gmt":"2025-08-18T16:35:53","guid":{"rendered":"https:\/\/raftingvalledelmanso.com\/product\/rafting-al-limite-con-chile-sin-traslado"},"modified":"2026-04-28T10:39:05","modified_gmt":"2026-04-28T13:39:05","slug":"rafting-al-limite-con-chile-sin-traslado","status":"publish","type":"product","link":"https:\/\/raftingvalledelmanso.com\/en\/product\/rafting-to-the-chilean-border-without-transfer\/","title":{"rendered":"Rafting to the border with Chile No transfer"},"content":{"rendered":"<h2>River Adventure on the Chilean Border<\/h2>\n<p>Join us for a <strong>unique rafting experience<\/strong> that will make you vibrate and feel the purest connection with the environment. This tour brings to the forefront the grandeur of the Manso River, where the rapids category <strong>3 y 4<\/strong> make the difference, extending the adrenaline to the border with Chile.<\/p>\n<h3>Start of the Tour<\/h3>\n<p>We start at our usual meeting point. Then, our certified instructors will give you the essential equipment: neoprene, helmets and life jackets, always putting safety first.<\/p>\n<h3>Manso River Crossing<\/h3>\n<ul>\n<li><strong>Route:<\/strong> You will row for <strong>10 km<\/strong> adventure along the Manso River, in a crossing of close to <strong>2 hours<\/strong>.<\/li>\n<li><strong>Difficulty:<\/strong> Descend through vertiginous rapids of varying grade <strong>III\/IV<\/strong>.<\/li>\n<li>When we reach the border with Chile, we organize the safe return to the departure point.<\/li>\n<\/ul>\n<h3>Gastronomic Options<\/h3>\n<p>At the end of the excursion, you can enjoy a lunch of your choice at the parador. It is not included in the original price, but we can provide you with <strong>roasted<\/strong>, <strong>pasta<\/strong> or salads, each with its own additional price.<\/p>\n<h3>Recommendations for Adventurers<\/h3>\n<ul>\n<li>Proposal oriented to <strong>youth and adults<\/strong> over the age of <strong>14 years<\/strong>.<\/li>\n<li>We suggest you bring a <strong>towel<\/strong> and change of clothes for after the expedition.<\/li>\n<\/ul>\n<h3>Specifications for the Non-Transfer Option<\/h3>\n<p>For those who opt for the modality without transfer, the meeting is in our parador located at the <strong data-start=\"372\" data-end=\"389\">Villegas Base<\/strong>, on the <strong data-start=\"400\" data-end=\"417\">Route 83, Km 1, San Carlos de Bariloche, R\u00edo Negro.<\/strong><br data-start=\"418\" data-end=\"421\" \/>Find us on Google Maps: <a class=\"\" href=\"https:\/\/maps.app.goo.gl\/NqbsUN6VB5Fnt7hVA\" target=\"_new\" rel=\"noopener\" data-start=\"449\" data-end=\"535\">https:\/\/maps.app.goo.gl\/NqbsUN6VB5Fnt7hVA<\/a><\/p>\n<h3>Key Data<\/h3>\n<ul>\n<li><strong>Duration:<\/strong> From the <strong>8:30 a.m. to 6:00 p.m.<\/strong>, approximately.<\/li>\n<li><strong>Includes:<\/strong> Rafting excursion and all equipment (wetsuit, vest, waterproof jacket, neoprene shoes, paddle and helmet).<\/li>\n<li><strong>Does not include:<\/strong> Transfer, hotel pick up, breakfast and lunch.<\/li>\n<\/ul>\n<h2>Frequently Asked Questions<\/h2>\n<ul>\n<li><strong>From what age can they participate?<\/strong><br \/>\nThe proposal is intended for people over 14 years of age.<\/li>\n<li><strong>What equipment is delivered?<\/strong><br \/>\nWe provide wetsuits, vests, helmets, boots and paddles.<\/li>\n<li><strong>Is lunch included in the price?<\/strong><br \/>\nNo, lunch is not included in the package; however, at the parador you have several alternatives paying separately.<\/li>\n<li><strong>Where is the pre-meeting held?<\/strong><br \/>\nIf you choose the modality without transfer, you must present yourself at the <strong data-start=\"372\" data-end=\"389\">Villegas Base<\/strong>, on the <strong data-start=\"400\" data-end=\"417\">Route 83, Km 1, San Carlos de Bariloche, R\u00edo Negro.<br \/>\nFind the map on Google Maps: <a class=\"\" href=\"https:\/\/maps.app.goo.gl\/NqbsUN6VB5Fnt7hVA\" target=\"_new\" rel=\"noopener\" data-start=\"449\" data-end=\"535\">https:\/\/maps.app.goo.gl\/NqbsUN6VB5Fnt7hVA<\/a><br \/>\n<\/strong><\/li>\n<\/ul>\n<p><strong>Important Notice<\/strong>This tour is currently available and has departures until April 30, according to the operating calendar.<\/p>","protected":false},"excerpt":{"rendered":"<p>Enjoy the unique experience of paddling the Manso River, without worrying about transfers. Immerse yourself in level III\/IV rapids. Perfect for people over 14 years old, this proposal combines adventure, breathtaking landscapes and pure adrenaline.<\/p>","protected":false},"featured_media":73440,"comment_status":"open","ping_status":"closed","template":"","meta":[],"product_brand":[],"product_cat":[30,32,35,42,44,46,47,52],"product_tag":[],"class_list":{"0":"post-73194","1":"product","2":"type-product","3":"status-publish","4":"has-post-thumbnail","6":"product_cat-adultos","7":"product_cat-aventura","8":"product_cat-familia","9":"product_cat-otono","10":"product_cat-primavera","11":"product_cat-sin-comida","12":"product_cat-sin-traslado","13":"product_cat-verano","15":"first","16":"instock","17":"virtual","18":"sold-individually","19":"purchasable","20":"product-type-booking"},"booking_location":"","booking_location_type":"","booking_duration":1,"booking_duration_unit":"hour","booking_buffer":0,"booking_cost":0,"booking_resources":[],"exclude_global_add_ons":false,"addons":[{"name":"ADU | Adult","type":"input_multiplier","position":0,"required":false,"title_format":"label","default":"","description_enable":false,"description":"","placeholder_enable":false,"placeholder":"","display":"select","restrictions_type":"any_text","adjust_price":true,"price":"140400","price_type":"quantity_based","restrictions":false,"min":"0","max":"0","options":[],"id":1773236380},{"name":"EXTRA | Companion","type":"input_multiplier","position":1,"required":false,"title_format":"label","default":"","description_enable":false,"description":"","placeholder_enable":false,"placeholder":"","display":"select","restrictions_type":"any_text","adjust_price":true,"price":"70200","price_type":"quantity_based","restrictions":false,"min":"0","max":"0","options":[],"id":1773236381},{"name":"MEN1418 | from 14 to 18","type":"input_multiplier","position":2,"required":false,"title_format":"label","default":"","description_enable":false,"description":"","placeholder_enable":false,"placeholder":"","display":"select","restrictions_type":"any_text","adjust_price":true,"price":"140400","price_type":"quantity_based","restrictions":false,"min":"0","max":"0","options":[],"id":1773236382}],"yoast_head":"<!-- This site is optimized with the Yoast SEO Premium plugin v24.5 (Yoast SEO v24.8) - https:\/\/yoast.com\/wordpress\/plugins\/seo\/ -->\n<title>Rafting al l\u00edmite con Chile Sin traslado - Rafting Valle del Manso | Aventura en los R\u00edos de Bariloche<\/title>\n<meta name=\"description\" content=\"Viv\u00ed la experiencia de rafting en Bariloche hasta la frontera con Chile. R\u00e1pidos grado III y IV, gu\u00edas expertos y pura adrenalina en la Patagonia.\" \/>\n<meta name=\"robots\" content=\"index, follow, max-snippet:-1, max-image-preview:large, max-video-preview:-1\" \/>\n<link rel=\"canonical\" href=\"https:\/\/raftingvalledelmanso.com\/en\/product\/rafting-to-the-chilean-border-without-transfer\/\" \/>\n<meta property=\"og:locale\" content=\"en_US\" \/>\n<meta property=\"og:type\" content=\"article\" \/>\n<meta property=\"og:title\" content=\"Rafting al l\u00edmite con Chile Sin traslado\" \/>\n<meta property=\"og:description\" content=\"Viv\u00ed la experiencia de rafting en Bariloche hasta la frontera con Chile. R\u00e1pidos grado III y IV, gu\u00edas expertos y pura adrenalina en la Patagonia.\" \/>\n<meta property=\"og:url\" content=\"https:\/\/raftingvalledelmanso.com\/en\/product\/rafting-to-the-chilean-border-without-transfer\/\" \/>\n<meta property=\"og:site_name\" content=\"Rafting Valle del Manso | Aventura en los R\u00edos de Bariloche\" \/>\n<meta property=\"article:modified_time\" content=\"2026-04-28T13:39:05+00:00\" \/>\n<meta property=\"og:image\" content=\"https:\/\/raftingvalledelmanso.com\/wp-content\/uploads\/2025\/08\/12-B-veni-a-disfrutar-de-una.jpg\" \/>\n\t<meta property=\"og:image:width\" content=\"850\" \/>\n\t<meta property=\"og:image:height\" content=\"1133\" \/>\n\t<meta property=\"og:image:type\" content=\"image\/jpeg\" \/>\n<meta name=\"twitter:card\" content=\"summary_large_image\" \/>\n<meta name=\"twitter:label1\" content=\"Price\" \/>\n\t<meta name=\"twitter:data1\" content=\"&#036;&nbsp;140,400.00\" \/>\n\t<meta name=\"twitter:label2\" content=\"Availability\" \/>\n\t<meta name=\"twitter:data2\" content=\"In stock\" \/>\n<script type=\"application\/ld+json\" class=\"yoast-schema-graph\">{\"@context\":\"https:\/\/schema.org\",\"@graph\":[{\"@type\":[\"WebPage\",\"ItemPage\"],\"@id\":\"https:\/\/raftingvalledelmanso.com\/product\/rafting-al-limite-con-chile-sin-traslado\/\",\"url\":\"https:\/\/raftingvalledelmanso.com\/product\/rafting-al-limite-con-chile-sin-traslado\/\",\"name\":\"Rafting al l\u00edmite con Chile Sin traslado - Rafting Valle del Manso | Aventura en los R\u00edos de Bariloche\",\"isPartOf\":{\"@id\":\"https:\/\/raftingvalledelmanso.com\/#website\"},\"primaryImageOfPage\":{\"@id\":\"https:\/\/raftingvalledelmanso.com\/product\/rafting-al-limite-con-chile-sin-traslado\/#primaryimage\"},\"image\":{\"@id\":\"https:\/\/raftingvalledelmanso.com\/product\/rafting-al-limite-con-chile-sin-traslado\/#primaryimage\"},\"thumbnailUrl\":\"https:\/\/raftingvalledelmanso.com\/wp-content\/uploads\/2025\/08\/12-B-veni-a-disfrutar-de-una.jpg\",\"datePublished\":\"2025-08-18T16:35:53+00:00\",\"dateModified\":\"2026-04-28T13:39:05+00:00\",\"description\":\"Viv\u00ed la experiencia de rafting en Bariloche hasta la frontera con Chile. R\u00e1pidos grado III y IV, gu\u00edas expertos y pura adrenalina en la Patagonia.\",\"breadcrumb\":{\"@id\":\"https:\/\/raftingvalledelmanso.com\/product\/rafting-al-limite-con-chile-sin-traslado\/#breadcrumb\"},\"inLanguage\":\"en-US\",\"potentialAction\":[{\"@type\":\"ReadAction\",\"target\":[\"https:\/\/raftingvalledelmanso.com\/product\/rafting-al-limite-con-chile-sin-traslado\/\"]}]},{\"@type\":\"ImageObject\",\"inLanguage\":\"en-US\",\"@id\":\"https:\/\/raftingvalledelmanso.com\/product\/rafting-al-limite-con-chile-sin-traslado\/#primaryimage\",\"url\":\"https:\/\/raftingvalledelmanso.com\/wp-content\/uploads\/2025\/08\/12-B-veni-a-disfrutar-de-una.jpg\",\"contentUrl\":\"https:\/\/raftingvalledelmanso.com\/wp-content\/uploads\/2025\/08\/12-B-veni-a-disfrutar-de-una.jpg\",\"width\":850,\"height\":1133},{\"@type\":\"BreadcrumbList\",\"@id\":\"https:\/\/raftingvalledelmanso.com\/product\/rafting-al-limite-con-chile-sin-traslado\/#breadcrumb\",\"itemListElement\":[{\"@type\":\"ListItem\",\"position\":1,\"name\":\"Home\",\"item\":\"https:\/\/raftingvalledelmanso.com\/\"},{\"@type\":\"ListItem\",\"position\":2,\"name\":\"Shop\",\"item\":\"https:\/\/raftingvalledelmanso.com\/shop\/\"},{\"@type\":\"ListItem\",\"position\":3,\"name\":\"Rafting al l\u00edmite con Chile Sin traslado\"}]},{\"@type\":\"WebSite\",\"@id\":\"https:\/\/raftingvalledelmanso.com\/#website\",\"url\":\"https:\/\/raftingvalledelmanso.com\/\",\"name\":\"Rafting Valle del Manso | Aventura en los R\u00edos de Bariloche\",\"description\":\"Rafting en la Patagonia Argentina: aventura, naturaleza y emoci\u00f3n en los r\u00e1pidos del Valle del Manso, cerca de Bariloche.\",\"publisher\":{\"@id\":\"https:\/\/raftingvalledelmanso.com\/#organization\"},\"potentialAction\":[{\"@type\":\"SearchAction\",\"target\":{\"@type\":\"EntryPoint\",\"urlTemplate\":\"https:\/\/raftingvalledelmanso.com\/?s={search_term_string}\"},\"query-input\":{\"@type\":\"PropertyValueSpecification\",\"valueRequired\":true,\"valueName\":\"search_term_string\"}}],\"inLanguage\":\"en-US\"},{\"@type\":\"Organization\",\"@id\":\"https:\/\/raftingvalledelmanso.com\/#organization\",\"name\":\"Rafting Valle del Manso | Aventura en los R\u00edos de Bariloche\",\"url\":\"https:\/\/raftingvalledelmanso.com\/\",\"logo\":{\"@type\":\"ImageObject\",\"inLanguage\":\"en-US\",\"@id\":\"https:\/\/raftingvalledelmanso.com\/#\/schema\/logo\/image\/\",\"url\":\"https:\/\/raftingvalledelmanso.com\/wp-content\/uploads\/2023\/08\/favicon.png\",\"contentUrl\":\"https:\/\/raftingvalledelmanso.com\/wp-content\/uploads\/2023\/08\/favicon.png\",\"width\":100,\"height\":100,\"caption\":\"Rafting Valle del Manso | Aventura en los R\u00edos de Bariloche\"},\"image\":{\"@id\":\"https:\/\/raftingvalledelmanso.com\/#\/schema\/logo\/image\/\"}}]}<\/script>\n<meta property=\"product:price:amount\" content=\"140400.00\" \/>\n<meta property=\"product:price:currency\" content=\"ARS\" \/>\n<meta property=\"og:availability\" content=\"instock\" \/>\n<meta property=\"product:availability\" content=\"instock\" \/>\n<meta property=\"product:retailer_item_id\" content=\"ADV2025RAALL\u00cd530P\" \/>\n<meta property=\"product:condition\" content=\"new\" \/>\n<!-- \/ Yoast SEO Premium plugin. -->","yoast_head_json":{"title":"Rafting to the border with Chile Without transfer - Rafting Valle del Manso | Bariloche Rivers Adventure","description":"Live the experience of rafting in Bariloche to the border with Chile. Grade III and IV rapids, expert guides and pure adrenaline in Patagonia.","robots":{"index":"index","follow":"follow","max-snippet":"max-snippet:-1","max-image-preview":"max-image-preview:large","max-video-preview":"max-video-preview:-1"},"canonical":"https:\/\/raftingvalledelmanso.com\/en\/product\/rafting-to-the-chilean-border-without-transfer\/","og_locale":"en_US","og_type":"article","og_title":"Rafting al l\u00edmite con Chile Sin traslado","og_description":"Viv\u00ed la experiencia de rafting en Bariloche hasta la frontera con Chile. R\u00e1pidos grado III y IV, gu\u00edas expertos y pura adrenalina en la Patagonia.","og_url":"https:\/\/raftingvalledelmanso.com\/en\/product\/rafting-to-the-chilean-border-without-transfer\/","og_site_name":"Rafting Valle del Manso | Aventura en los R\u00edos de Bariloche","article_modified_time":"2026-04-28T13:39:05+00:00","og_image":[{"width":850,"height":1133,"url":"https:\/\/raftingvalledelmanso.com\/wp-content\/uploads\/2025\/08\/12-B-veni-a-disfrutar-de-una.jpg","type":"image\/jpeg"}],"twitter_card":"summary_large_image","twitter_misc":{"Price":"&#36;&nbsp;140,400.00","Availability":"In stock"},"schema":{"@context":"https:\/\/schema.org","@graph":[{"@type":["WebPage","ItemPage"],"@id":"https:\/\/raftingvalledelmanso.com\/product\/rafting-al-limite-con-chile-sin-traslado\/","url":"https:\/\/raftingvalledelmanso.com\/product\/rafting-al-limite-con-chile-sin-traslado\/","name":"Rafting to the border with Chile Without transfer - Rafting Valle del Manso | Bariloche Rivers Adventure","isPartOf":{"@id":"https:\/\/raftingvalledelmanso.com\/#website"},"primaryImageOfPage":{"@id":"https:\/\/raftingvalledelmanso.com\/product\/rafting-al-limite-con-chile-sin-traslado\/#primaryimage"},"image":{"@id":"https:\/\/raftingvalledelmanso.com\/product\/rafting-al-limite-con-chile-sin-traslado\/#primaryimage"},"thumbnailUrl":"https:\/\/raftingvalledelmanso.com\/wp-content\/uploads\/2025\/08\/12-B-veni-a-disfrutar-de-una.jpg","datePublished":"2025-08-18T16:35:53+00:00","dateModified":"2026-04-28T13:39:05+00:00","description":"Live the experience of rafting in Bariloche to the border with Chile. Grade III and IV rapids, expert guides and pure adrenaline in Patagonia.","breadcrumb":{"@id":"https:\/\/raftingvalledelmanso.com\/product\/rafting-al-limite-con-chile-sin-traslado\/#breadcrumb"},"inLanguage":"en-US","potentialAction":[{"@type":"ReadAction","target":["https:\/\/raftingvalledelmanso.com\/product\/rafting-al-limite-con-chile-sin-traslado\/"]}]},{"@type":"ImageObject","inLanguage":"en-US","@id":"https:\/\/raftingvalledelmanso.com\/product\/rafting-al-limite-con-chile-sin-traslado\/#primaryimage","url":"https:\/\/raftingvalledelmanso.com\/wp-content\/uploads\/2025\/08\/12-B-veni-a-disfrutar-de-una.jpg","contentUrl":"https:\/\/raftingvalledelmanso.com\/wp-content\/uploads\/2025\/08\/12-B-veni-a-disfrutar-de-una.jpg","width":850,"height":1133},{"@type":"BreadcrumbList","@id":"https:\/\/raftingvalledelmanso.com\/product\/rafting-al-limite-con-chile-sin-traslado\/#breadcrumb","itemListElement":[{"@type":"ListItem","position":1,"name":"Home","item":"https:\/\/raftingvalledelmanso.com\/"},{"@type":"ListItem","position":2,"name":"Shop","item":"https:\/\/raftingvalledelmanso.com\/shop\/"},{"@type":"ListItem","position":3,"name":"Rafting al l\u00edmite con Chile Sin traslado"}]},{"@type":"WebSite","@id":"https:\/\/raftingvalledelmanso.com\/#website","url":"https:\/\/raftingvalledelmanso.com\/","name":"Rafting Manso Valley | Bariloche Rivers Adventure","description":"Rafting in Patagonia Argentina: adventure, nature and excitement in the rapids of the Manso Valley, near Bariloche.","publisher":{"@id":"https:\/\/raftingvalledelmanso.com\/#organization"},"potentialAction":[{"@type":"SearchAction","target":{"@type":"EntryPoint","urlTemplate":"https:\/\/raftingvalledelmanso.com\/?s={search_term_string}"},"query-input":{"@type":"PropertyValueSpecification","valueRequired":true,"valueName":"search_term_string"}}],"inLanguage":"en-US"},{"@type":"Organization","@id":"https:\/\/raftingvalledelmanso.com\/#organization","name":"Rafting Manso Valley | Bariloche Rivers Adventure","url":"https:\/\/raftingvalledelmanso.com\/","logo":{"@type":"ImageObject","inLanguage":"en-US","@id":"https:\/\/raftingvalledelmanso.com\/#\/schema\/logo\/image\/","url":"https:\/\/raftingvalledelmanso.com\/wp-content\/uploads\/2023\/08\/favicon.png","contentUrl":"https:\/\/raftingvalledelmanso.com\/wp-content\/uploads\/2023\/08\/favicon.png","width":100,"height":100,"caption":"Rafting Valle del Manso | Aventura en los R\u00edos de Bariloche"},"image":{"@id":"https:\/\/raftingvalledelmanso.com\/#\/schema\/logo\/image\/"}}]},"product_price_amount":"140400.00","product_price_currency":"ARS","og_availability":"instock","product_availability":"instock","product_retailer_item_id":"ADV2025RAALL\u00cd530P","product_condition":"new"},"_links":{"self":[{"href":"https:\/\/raftingvalledelmanso.com\/en\/wp-json\/wp\/v2\/product\/73194","targetHints":{"allow":["GET"]}}],"collection":[{"href":"https:\/\/raftingvalledelmanso.com\/en\/wp-json\/wp\/v2\/product"}],"about":[{"href":"https:\/\/raftingvalledelmanso.com\/en\/wp-json\/wp\/v2\/types\/product"}],"replies":[{"embeddable":true,"href":"https:\/\/raftingvalledelmanso.com\/en\/wp-json\/wp\/v2\/comments?post=73194"}],"wp:featuredmedia":[{"embeddable":true,"href":"https:\/\/raftingvalledelmanso.com\/en\/wp-json\/wp\/v2\/media\/73440"}],"wp:attachment":[{"href":"https:\/\/raftingvalledelmanso.com\/en\/wp-json\/wp\/v2\/media?parent=73194"}],"wp:term":[{"taxonomy":"product_brand","embeddable":true,"href":"https:\/\/raftingvalledelmanso.com\/en\/wp-json\/wp\/v2\/product_brand?post=73194"},{"taxonomy":"product_cat","embeddable":true,"href":"https:\/\/raftingvalledelmanso.com\/en\/wp-json\/wp\/v2\/product_cat?post=73194"},{"taxonomy":"product_tag","embeddable":true,"href":"https:\/\/raftingvalledelmanso.com\/en\/wp-json\/wp\/v2\/product_tag?post=73194"}],"curies":[{"name":"wp","href":"https:\/\/api.w.org\/{rel}","templated":true}]}}