{"id":73199,"date":"2025-08-18T13:37:54","date_gmt":"2025-08-18T16:37:54","guid":{"rendered":"https:\/\/raftingvalledelmanso.com\/product\/paquete-promocional-de-3-dias-de-excursion"},"modified":"2026-04-09T09:21:12","modified_gmt":"2026-04-09T12:21:12","slug":"paquete-promocional-de-3-dias-de-excursion","status":"publish","type":"product","link":"https:\/\/raftingvalledelmanso.com\/en\/product\/promotional-3-day-tour-package\/","title":{"rendered":"Promotional 3-day excursion package"},"content":{"rendered":"<h2>Experience authentic Patagonia in three unique days<\/h2>\n<p>Join us for a <strong>unique experience<\/strong> with our <strong>exclusive three-day excursion package<\/strong>. Designed down to the last detail, this tour invites you to discover the most beautiful landscapes in the world. <strong>of Argentina's Patagonia<\/strong>, combining adventure and the comfort you deserve.<\/p>\n<h3>What does this pack include?<\/h3>\n<ul>\n<li><strong>Personalized tour:<\/strong><\/li>\n<li>Tour of <strong>San Martin de los Andes<\/strong> and the magical <strong>Route of the 7 Lakes<\/strong> departing at 08:00 hs<\/li>\n<li>Exploration of the imposing <strong>Cerro Tronador<\/strong> and the surprising <strong>Ventisquero Negro Glacier<\/strong> departing at 09:00 hs.<\/li>\n<li>Walk through the classic <strong>Small Circuit<\/strong> with unparalleled panoramic views with departure at 08:30 am.<\/li>\n<\/ul>\n<p>You have the chance to adjust your schedule, giving you the opportunity to <strong>flexibility<\/strong> to live every outing your way.<\/p>\n<h3>Circuit details<\/h3>\n<ul>\n<li><strong>Route:<\/strong> It includes San Mart\u00edn de los Andes, Circuito Chico and Cerro Tronador.<\/li>\n<li><strong>Schedules:<\/strong> Consult our timetable alternatives for each tour.<\/li>\n<\/ul>\n<h3>Services included<\/h3>\n<ul>\n<li><strong>Ground transportation:<\/strong> Transfers in comfortable and reliable vehicles.<\/li>\n<li><strong>Specialized guide:<\/strong> In Spanish, with bilingual option available for an additional fee.<\/li>\n<\/ul>\n<p><strong>Important:<\/strong> Meals are not part of the package. But you will be able to enjoy <strong>patagonian gastronomic proposals<\/strong> at each stage.<\/p>\n<h3>Reserve your place and start the adventure!<\/h3>\n<p>This <strong>special package<\/strong> is only offered during the warm season, don't stay outside and explore Patagonia with a different perspective!<\/p>\n<h3>Frequently Asked Questions<\/h3>\n<ul>\n<li><strong>Can I modify the circuit activities?<\/strong><br \/>\nYes, you are free to rearrange the excursions according to what you like best.<\/li>\n<li><strong>Are there proposals for vegetarians and vegans?<\/strong><br \/>\nThe gastronomic points usually have alternatives for different eating styles.<\/li>\n<li><strong>What clothing do I need for the excursions?<\/strong><br \/>\nWe suggest wearing comfortable clothing suitable for outdoor activities, as well as sun protection gear.<\/li>\n<\/ul>","protected":false},"excerpt":{"rendered":"<p>Live a unique experience touring Patagonia with this 3-day tour package. Explore the beauty of San Martin de los Andes, the famous 7 Lakes Route, the outstanding Cerro Tronador and the classic Circuito Chico. Take advantage of an adaptable schedule in a context of true privilege.<\/p>","protected":false},"featured_media":73451,"comment_status":"open","ping_status":"closed","template":"","meta":[],"product_brand":[],"product_cat":[30,34,35,41,45,46,49,51],"product_tag":[],"class_list":{"0":"post-73199","1":"product","2":"type-product","3":"status-publish","4":"has-post-thumbnail","6":"product_cat-adultos","7":"product_cat-con-traslado","8":"product_cat-familia","9":"product_cat-ninos","10":"product_cat-promos","11":"product_cat-sin-comida","12":"product_cat-terrestre","13":"product_cat-todo-el-ano","15":"first","16":"instock","17":"virtual","18":"sold-individually","19":"purchasable","20":"product-type-booking"},"booking_location":"","booking_location_type":"","booking_duration":1,"booking_duration_unit":"hour","booking_buffer":0,"booking_cost":0,"booking_resources":[],"exclude_global_add_ons":false,"addons":[{"name":"STD | Passengers","type":"input_multiplier","position":0,"required":false,"title_format":"label","default":"","description_enable":false,"description":"","placeholder_enable":false,"placeholder":"","display":"select","restrictions_type":"any_text","adjust_price":true,"price":"156000","price_type":"quantity_based","restrictions":false,"min":"0","max":"0","options":[],"id":1773234688}],"yoast_head":"<!-- This site is optimized with the Yoast SEO Premium plugin v24.5 (Yoast SEO v24.8) - https:\/\/yoast.com\/wordpress\/plugins\/seo\/ -->\n<title>Paquete promocional de 3 d\u00edas de excursi\u00f3n - Rafting Valle del Manso | Aventura en los R\u00edos de Bariloche<\/title>\n<meta name=\"robots\" content=\"index, follow, max-snippet:-1, max-image-preview:large, max-video-preview:-1\" \/>\n<link rel=\"canonical\" href=\"https:\/\/raftingvalledelmanso.com\/en\/product\/promotional-3-day-tour-package\/\" \/>\n<meta property=\"og:locale\" content=\"en_US\" \/>\n<meta property=\"og:type\" content=\"article\" \/>\n<meta property=\"og:title\" content=\"Paquete promocional de 3 d\u00edas de excursi\u00f3n\" \/>\n<meta property=\"og:description\" content=\"Viv\u00ed una experiencia \u00fanica recorriendo la Patagonia con este paquete de excursiones de 3 d\u00edas. Explor\u00e1 la belleza de San Mart\u00edn de los Andes, la famosa Ruta de los 7 Lagos, el destacado Cerro Tronador y el cl\u00e1sico Circuito Chico. Aprovech\u00e1 un cronograma adaptable en un contexto de verdadero privilegio.\" \/>\n<meta property=\"og:url\" content=\"https:\/\/raftingvalledelmanso.com\/en\/product\/promotional-3-day-tour-package\/\" \/>\n<meta property=\"og:site_name\" content=\"Rafting Valle del Manso | Aventura en los R\u00edos de Bariloche\" \/>\n<meta property=\"article:modified_time\" content=\"2026-04-09T12:21:12+00:00\" \/>\n<meta property=\"og:image\" content=\"https:\/\/raftingvalledelmanso.com\/wp-content\/uploads\/2025\/08\/12-A-DSC_0001.jpg\" \/>\n\t<meta property=\"og:image:width\" content=\"850\" \/>\n\t<meta property=\"og:image:height\" content=\"1133\" \/>\n\t<meta property=\"og:image:type\" content=\"image\/jpeg\" \/>\n<meta name=\"twitter:card\" content=\"summary_large_image\" \/>\n<meta name=\"twitter:label1\" content=\"Price\" \/>\n\t<meta name=\"twitter:data1\" content=\"&#036;&nbsp;156,000.00\" \/>\n\t<meta name=\"twitter:label2\" content=\"Availability\" \/>\n\t<meta name=\"twitter:data2\" content=\"In stock\" \/>\n<script type=\"application\/ld+json\" class=\"yoast-schema-graph\">{\"@context\":\"https:\/\/schema.org\",\"@graph\":[{\"@type\":[\"WebPage\",\"ItemPage\"],\"@id\":\"https:\/\/raftingvalledelmanso.com\/product\/paquete-promocional-de-3-dias-de-excursion\",\"url\":\"https:\/\/raftingvalledelmanso.com\/product\/paquete-promocional-de-3-dias-de-excursion\",\"name\":\"Paquete promocional de 3 d\u00edas de excursi\u00f3n - Rafting Valle del Manso | Aventura en los R\u00edos de Bariloche\",\"isPartOf\":{\"@id\":\"https:\/\/raftingvalledelmanso.com\/#website\"},\"primaryImageOfPage\":{\"@id\":\"https:\/\/raftingvalledelmanso.com\/product\/paquete-promocional-de-3-dias-de-excursion#primaryimage\"},\"image\":{\"@id\":\"https:\/\/raftingvalledelmanso.com\/product\/paquete-promocional-de-3-dias-de-excursion#primaryimage\"},\"thumbnailUrl\":\"https:\/\/raftingvalledelmanso.com\/wp-content\/uploads\/2025\/08\/12-A-DSC_0001.jpg\",\"datePublished\":\"2025-08-18T16:37:54+00:00\",\"dateModified\":\"2026-04-09T12:21:12+00:00\",\"breadcrumb\":{\"@id\":\"https:\/\/raftingvalledelmanso.com\/product\/paquete-promocional-de-3-dias-de-excursion#breadcrumb\"},\"inLanguage\":\"en-US\",\"potentialAction\":[{\"@type\":\"ReadAction\",\"target\":[\"https:\/\/raftingvalledelmanso.com\/product\/paquete-promocional-de-3-dias-de-excursion\"]}]},{\"@type\":\"ImageObject\",\"inLanguage\":\"en-US\",\"@id\":\"https:\/\/raftingvalledelmanso.com\/product\/paquete-promocional-de-3-dias-de-excursion#primaryimage\",\"url\":\"https:\/\/raftingvalledelmanso.com\/wp-content\/uploads\/2025\/08\/12-A-DSC_0001.jpg\",\"contentUrl\":\"https:\/\/raftingvalledelmanso.com\/wp-content\/uploads\/2025\/08\/12-A-DSC_0001.jpg\",\"width\":850,\"height\":1133},{\"@type\":\"BreadcrumbList\",\"@id\":\"https:\/\/raftingvalledelmanso.com\/product\/paquete-promocional-de-3-dias-de-excursion#breadcrumb\",\"itemListElement\":[{\"@type\":\"ListItem\",\"position\":1,\"name\":\"Home\",\"item\":\"https:\/\/raftingvalledelmanso.com\/\"},{\"@type\":\"ListItem\",\"position\":2,\"name\":\"Shop\",\"item\":\"https:\/\/raftingvalledelmanso.com\/shop\/\"},{\"@type\":\"ListItem\",\"position\":3,\"name\":\"Paquete promocional de 3 d\u00edas de excursi\u00f3n\"}]},{\"@type\":\"WebSite\",\"@id\":\"https:\/\/raftingvalledelmanso.com\/#website\",\"url\":\"https:\/\/raftingvalledelmanso.com\/\",\"name\":\"Rafting Valle del Manso | Aventura en los R\u00edos de Bariloche\",\"description\":\"Rafting en la Patagonia Argentina: aventura, naturaleza y emoci\u00f3n en los r\u00e1pidos del Valle del Manso, cerca de Bariloche.\",\"publisher\":{\"@id\":\"https:\/\/raftingvalledelmanso.com\/#organization\"},\"potentialAction\":[{\"@type\":\"SearchAction\",\"target\":{\"@type\":\"EntryPoint\",\"urlTemplate\":\"https:\/\/raftingvalledelmanso.com\/?s={search_term_string}\"},\"query-input\":{\"@type\":\"PropertyValueSpecification\",\"valueRequired\":true,\"valueName\":\"search_term_string\"}}],\"inLanguage\":\"en-US\"},{\"@type\":\"Organization\",\"@id\":\"https:\/\/raftingvalledelmanso.com\/#organization\",\"name\":\"Rafting Valle del Manso | Aventura en los R\u00edos de Bariloche\",\"url\":\"https:\/\/raftingvalledelmanso.com\/\",\"logo\":{\"@type\":\"ImageObject\",\"inLanguage\":\"en-US\",\"@id\":\"https:\/\/raftingvalledelmanso.com\/#\/schema\/logo\/image\/\",\"url\":\"https:\/\/raftingvalledelmanso.com\/wp-content\/uploads\/2023\/08\/favicon.png\",\"contentUrl\":\"https:\/\/raftingvalledelmanso.com\/wp-content\/uploads\/2023\/08\/favicon.png\",\"width\":100,\"height\":100,\"caption\":\"Rafting Valle del Manso | Aventura en los R\u00edos de Bariloche\"},\"image\":{\"@id\":\"https:\/\/raftingvalledelmanso.com\/#\/schema\/logo\/image\/\"}}]}<\/script>\n<meta property=\"product:price:amount\" content=\"156000.00\" \/>\n<meta property=\"product:price:currency\" content=\"ARS\" \/>\n<meta property=\"og:availability\" content=\"instock\" \/>\n<meta property=\"product:availability\" content=\"instock\" \/>\n<meta property=\"product:retailer_item_id\" content=\"ADV2025PAPRDE20W5\" \/>\n<meta property=\"product:condition\" content=\"new\" \/>\n<!-- \/ Yoast SEO Premium plugin. -->","yoast_head_json":{"title":"Promotional 3-day excursion package - Rafting Manso Valley | Bariloche Rivers Adventure","robots":{"index":"index","follow":"follow","max-snippet":"max-snippet:-1","max-image-preview":"max-image-preview:large","max-video-preview":"max-video-preview:-1"},"canonical":"https:\/\/raftingvalledelmanso.com\/en\/product\/promotional-3-day-tour-package\/","og_locale":"en_US","og_type":"article","og_title":"Paquete promocional de 3 d\u00edas de excursi\u00f3n","og_description":"Viv\u00ed una experiencia \u00fanica recorriendo la Patagonia con este paquete de excursiones de 3 d\u00edas. Explor\u00e1 la belleza de San Mart\u00edn de los Andes, la famosa Ruta de los 7 Lagos, el destacado Cerro Tronador y el cl\u00e1sico Circuito Chico. Aprovech\u00e1 un cronograma adaptable en un contexto de verdadero privilegio.","og_url":"https:\/\/raftingvalledelmanso.com\/en\/product\/promotional-3-day-tour-package\/","og_site_name":"Rafting Valle del Manso | Aventura en los R\u00edos de Bariloche","article_modified_time":"2026-04-09T12:21:12+00:00","og_image":[{"width":850,"height":1133,"url":"https:\/\/raftingvalledelmanso.com\/wp-content\/uploads\/2025\/08\/12-A-DSC_0001.jpg","type":"image\/jpeg"}],"twitter_card":"summary_large_image","twitter_misc":{"Price":"&#36;&nbsp;156,000.00","Availability":"In stock"},"schema":{"@context":"https:\/\/schema.org","@graph":[{"@type":["WebPage","ItemPage"],"@id":"https:\/\/raftingvalledelmanso.com\/product\/paquete-promocional-de-3-dias-de-excursion","url":"https:\/\/raftingvalledelmanso.com\/product\/paquete-promocional-de-3-dias-de-excursion","name":"Promotional 3-day excursion package - Rafting Manso Valley | Bariloche Rivers Adventure","isPartOf":{"@id":"https:\/\/raftingvalledelmanso.com\/#website"},"primaryImageOfPage":{"@id":"https:\/\/raftingvalledelmanso.com\/product\/paquete-promocional-de-3-dias-de-excursion#primaryimage"},"image":{"@id":"https:\/\/raftingvalledelmanso.com\/product\/paquete-promocional-de-3-dias-de-excursion#primaryimage"},"thumbnailUrl":"https:\/\/raftingvalledelmanso.com\/wp-content\/uploads\/2025\/08\/12-A-DSC_0001.jpg","datePublished":"2025-08-18T16:37:54+00:00","dateModified":"2026-04-09T12:21:12+00:00","breadcrumb":{"@id":"https:\/\/raftingvalledelmanso.com\/product\/paquete-promocional-de-3-dias-de-excursion#breadcrumb"},"inLanguage":"en-US","potentialAction":[{"@type":"ReadAction","target":["https:\/\/raftingvalledelmanso.com\/product\/paquete-promocional-de-3-dias-de-excursion"]}]},{"@type":"ImageObject","inLanguage":"en-US","@id":"https:\/\/raftingvalledelmanso.com\/product\/paquete-promocional-de-3-dias-de-excursion#primaryimage","url":"https:\/\/raftingvalledelmanso.com\/wp-content\/uploads\/2025\/08\/12-A-DSC_0001.jpg","contentUrl":"https:\/\/raftingvalledelmanso.com\/wp-content\/uploads\/2025\/08\/12-A-DSC_0001.jpg","width":850,"height":1133},{"@type":"BreadcrumbList","@id":"https:\/\/raftingvalledelmanso.com\/product\/paquete-promocional-de-3-dias-de-excursion#breadcrumb","itemListElement":[{"@type":"ListItem","position":1,"name":"Home","item":"https:\/\/raftingvalledelmanso.com\/"},{"@type":"ListItem","position":2,"name":"Shop","item":"https:\/\/raftingvalledelmanso.com\/shop\/"},{"@type":"ListItem","position":3,"name":"Paquete promocional de 3 d\u00edas de excursi\u00f3n"}]},{"@type":"WebSite","@id":"https:\/\/raftingvalledelmanso.com\/#website","url":"https:\/\/raftingvalledelmanso.com\/","name":"Rafting Manso Valley | Bariloche Rivers Adventure","description":"Rafting in Patagonia Argentina: adventure, nature and excitement in the rapids of the Manso Valley, near Bariloche.","publisher":{"@id":"https:\/\/raftingvalledelmanso.com\/#organization"},"potentialAction":[{"@type":"SearchAction","target":{"@type":"EntryPoint","urlTemplate":"https:\/\/raftingvalledelmanso.com\/?s={search_term_string}"},"query-input":{"@type":"PropertyValueSpecification","valueRequired":true,"valueName":"search_term_string"}}],"inLanguage":"en-US"},{"@type":"Organization","@id":"https:\/\/raftingvalledelmanso.com\/#organization","name":"Rafting Manso Valley | Bariloche Rivers Adventure","url":"https:\/\/raftingvalledelmanso.com\/","logo":{"@type":"ImageObject","inLanguage":"en-US","@id":"https:\/\/raftingvalledelmanso.com\/#\/schema\/logo\/image\/","url":"https:\/\/raftingvalledelmanso.com\/wp-content\/uploads\/2023\/08\/favicon.png","contentUrl":"https:\/\/raftingvalledelmanso.com\/wp-content\/uploads\/2023\/08\/favicon.png","width":100,"height":100,"caption":"Rafting Valle del Manso | Aventura en los R\u00edos de Bariloche"},"image":{"@id":"https:\/\/raftingvalledelmanso.com\/#\/schema\/logo\/image\/"}}]},"product_price_amount":"156000.00","product_price_currency":"ARS","og_availability":"instock","product_availability":"instock","product_retailer_item_id":"ADV2025PAPRDE20W5","product_condition":"new"},"_links":{"self":[{"href":"https:\/\/raftingvalledelmanso.com\/en\/wp-json\/wp\/v2\/product\/73199","targetHints":{"allow":["GET"]}}],"collection":[{"href":"https:\/\/raftingvalledelmanso.com\/en\/wp-json\/wp\/v2\/product"}],"about":[{"href":"https:\/\/raftingvalledelmanso.com\/en\/wp-json\/wp\/v2\/types\/product"}],"replies":[{"embeddable":true,"href":"https:\/\/raftingvalledelmanso.com\/en\/wp-json\/wp\/v2\/comments?post=73199"}],"wp:featuredmedia":[{"embeddable":true,"href":"https:\/\/raftingvalledelmanso.com\/en\/wp-json\/wp\/v2\/media\/73451"}],"wp:attachment":[{"href":"https:\/\/raftingvalledelmanso.com\/en\/wp-json\/wp\/v2\/media?parent=73199"}],"wp:term":[{"taxonomy":"product_brand","embeddable":true,"href":"https:\/\/raftingvalledelmanso.com\/en\/wp-json\/wp\/v2\/product_brand?post=73199"},{"taxonomy":"product_cat","embeddable":true,"href":"https:\/\/raftingvalledelmanso.com\/en\/wp-json\/wp\/v2\/product_cat?post=73199"},{"taxonomy":"product_tag","embeddable":true,"href":"https:\/\/raftingvalledelmanso.com\/en\/wp-json\/wp\/v2\/product_tag?post=73199"}],"curies":[{"name":"wp","href":"https:\/\/api.w.org\/{rel}","templated":true}]}}