{"id":73205,"date":"2025-08-18T13:41:01","date_gmt":"2025-08-18T16:41:01","guid":{"rendered":"https:\/\/raftingvalledelmanso.com\/product\/puerto-blest-y-cascada-los-cantaros-lago-frias-sin-traslado"},"modified":"2026-04-09T09:21:12","modified_gmt":"2026-04-09T12:21:12","slug":"puerto-blest-cascada-cantaros-lago-frias-sin-traslado","status":"publish","type":"product","link":"https:\/\/raftingvalledelmanso.com\/en\/product\/puerto-blest-waterfall-cantaros-lake-frias-without-transfer\/","title":{"rendered":"Puerto Blest and \u201cLos Cantaros\u201d Waterfall + Lake Frias without Transfer"},"content":{"rendered":"<h2>Let yourself be enveloped by the calm of Puerto Blest and the Cascada de los C\u00e1ntaros.<\/h2>\n<p>Start from <strong>Puerto Pa\u00f1uelo<\/strong>, only 25 km from <strong>San Carlos de Bariloche<\/strong>, and enjoy a unique experience while sailing the <strong>Nahuel Huapi Lake<\/strong>. Along the way, marvel at the <strong>Sentinel Islet<\/strong>, rest of one of the greats, the <strong>Perito Moreno<\/strong>, and followed amazing catwalks to the unrivalled <strong>Los C\u00e1ntaros Waterfall<\/strong>, embraced by impressive granite walls.<\/p>\n<h3>A Profound Encounter with Nature<\/h3>\n<p>In the middle of navigation, immerse yourself in incredible postcards of the <strong>Andes mountain range<\/strong> and the islands that adorn the landscape. When you get to <strong>Puerto Blest<\/strong>, the peace and quiet of the <strong>Bay<\/strong> and marvel at the emerald waters of the <strong>Lake Frias<\/strong>, that reflect the glacial energy of the <strong>Cerro Tronador<\/strong>.<\/p>\n<h3>Moments of Adventure and Discovery<\/h3>\n<ul>\n<li><strong>Guided trekking<\/strong> through the unique Valdivian rainforest, an environment with amazing fauna and flora.<\/li>\n<li><strong>Trails<\/strong> designed for all levels, ideal to go according to your energy.<\/li>\n<\/ul>\n<h2>Navigation Options and Services<\/h2>\n<p>The proposal concludes by returning to <strong>Puerto Pa\u00f1uelo<\/strong> by the <strong>Blest Arm<\/strong>, where the sunset over the <strong>Cerro Tronador<\/strong> is a real spectacle. If you decide to add the extension to the <strong>Lake Frias<\/strong>, there is a short bus transfer of 3 km to <strong>Puerto Alegre<\/strong>, From there, you embark on modern boats to enjoy this wonderful lake to the fullest.<\/p>\n<h3>Important Information<\/h3>\n<ul>\n<li><strong>Duration:<\/strong> 9:00 a.m. to 5:00 p.m. approximately.<\/li>\n<li><strong>Included:<\/strong> Boat ride with guide, trekking in the forest, navigation on Frias Lake.<\/li>\n<li><strong>Not included:<\/strong> Transfer to <strong>Puerto Pa\u00f1uelo<\/strong>, There are places to buy meals (there are places to buy them) and access fees to National Parks.<\/li>\n<\/ul>\n<h2>Frequently Asked Questions and Answers<\/h2>\n<ul>\n<li><strong>Where do I pay the National Park entrance and boarding fee?<\/strong><br \/>\nPaid directly at <strong>Puerto Pa\u00f1uelo<\/strong>, The amount was paid in cash and in Argentine pesos on the same day. The residents of <strong>San Carlos de Bariloche<\/strong>, The disabled, people with disabilities, children under five years of age and retirees are exempted from this tax.<\/li>\n<li><strong>Is the discount for retirees valid only for Argentines?<\/strong><br \/>\nThat's right, the bonus is extended only to Argentine retirees, who must carry their ID card at the time of boarding.<\/li>\n<li><strong>How long are the walks?<\/strong><br \/>\nExcursions in <strong>Puerto Blest<\/strong> vary according to the level of difficulty. To reach the <strong>Los C\u00e1ntaros Waterfall<\/strong>, There are about 700 steps to climb, but the viewpoints and rest areas make the journey easier.<\/li>\n<\/ul>","protected":false},"excerpt":{"rendered":"<h2>Adventure in Puerto Blest and \u00abLos C\u00e1ntaros\u00bb Falls\u00bb<\/h2>\n<p>Exit from <strong>Puerto Pa\u00f1uelo<\/strong> in a unique experience on the road to the <strong>Los C\u00e1ntaros Waterfall<\/strong>, crossing the calm waters of the <strong>Nahuel Huapi Lake<\/strong>. Learn about the mysterious <strong>Lake Frias<\/strong> and travel the roads of the <strong>valdivian forest<\/strong> under the imposing presence of the <strong>Andes mountain range<\/strong>.<\/p>","protected":false},"featured_media":73464,"comment_status":"open","ping_status":"closed","template":"","meta":[],"product_brand":[],"product_cat":[30,35,38,39,41,46,47,51],"product_tag":[],"class_list":{"0":"post-73205","1":"product","2":"type-product","3":"status-publish","4":"has-post-thumbnail","6":"product_cat-adultos","7":"product_cat-familia","8":"product_cat-jubilados","9":"product_cat-lacustre","10":"product_cat-ninos","11":"product_cat-sin-comida","12":"product_cat-sin-traslado","13":"product_cat-todo-el-ano","15":"first","16":"instock","17":"virtual","18":"sold-individually","19":"purchasable","20":"product-type-booking"},"booking_location":"","booking_location_type":"","booking_duration":60,"booking_duration_unit":"minute","booking_buffer":0,"booking_cost":0,"booking_resources":[],"exclude_global_add_ons":false,"addons":[{"name":"ADU | Adult","type":"input_multiplier","position":0,"required":false,"title_format":"label","default":"","description_enable":false,"description":"","placeholder_enable":false,"placeholder":"","display":"select","restrictions_type":"any_text","adjust_price":true,"price":"190000","price_type":"quantity_based","restrictions":false,"min":"0","max":"0","options":[],"id":1773233364},{"name":"MEN512 | from 5 to 12","type":"input_multiplier","position":1,"required":false,"title_format":"label","default":"","description_enable":false,"description":"","placeholder_enable":false,"placeholder":"","display":"select","restrictions_type":"any_text","adjust_price":true,"price":"97000","price_type":"quantity_based","restrictions":false,"min":"0","max":"0","options":[],"id":1773233365},{"name":"ADUJ : Retired","type":"input_multiplier","position":2,"required":false,"title_format":"label","default":"","description_enable":false,"description":"","placeholder_enable":false,"placeholder":"","display":"select","restrictions_type":"any_text","adjust_price":true,"price":"97000","price_type":"quantity_based","restrictions":false,"min":"0","max":"0","options":[],"id":1773233366}],"yoast_head":"<!-- This site is optimized with the Yoast SEO Premium plugin v24.5 (Yoast SEO v24.8) - https:\/\/yoast.com\/wordpress\/plugins\/seo\/ -->\n<title>Puerto Blest y Lago Fr\u00edas sin traslado | Rafting Valle del Manso<\/title>\n<meta name=\"description\" content=\"Excursi\u00f3n a Puerto Blest y Cascada Los C\u00e1ntaros con paseo en el Lago Fr\u00edas sin traslado. Naturaleza, cascadas y aventura en Bariloche. \u00a1Reserv\u00e1 online!\" \/>\n<meta name=\"robots\" content=\"index, follow, max-snippet:-1, max-image-preview:large, max-video-preview:-1\" \/>\n<link rel=\"canonical\" href=\"https:\/\/raftingvalledelmanso.com\/en\/product\/puerto-blest-waterfall-cantaros-lake-frias-without-transfer\/\" \/>\n<meta property=\"og:locale\" content=\"en_US\" \/>\n<meta property=\"og:type\" content=\"article\" \/>\n<meta property=\"og:title\" content=\"Puerto Blest y Cascada \u201cLos Cantaros\u201d + Lago Frias sin Traslado\" \/>\n<meta property=\"og:description\" content=\"Excursi\u00f3n a Puerto Blest y Cascada Los C\u00e1ntaros con paseo en el Lago Fr\u00edas sin traslado. Naturaleza, cascadas y aventura en Bariloche. \u00a1Reserv\u00e1 online!\" \/>\n<meta property=\"og:url\" content=\"https:\/\/raftingvalledelmanso.com\/en\/product\/puerto-blest-waterfall-cantaros-lake-frias-without-transfer\/\" \/>\n<meta property=\"og:site_name\" content=\"Rafting Valle del Manso | Aventura en los R\u00edos de Bariloche\" \/>\n<meta property=\"article:modified_time\" content=\"2026-04-09T12:21:12+00:00\" \/>\n<meta property=\"og:image\" content=\"https:\/\/raftingvalledelmanso.com\/wp-content\/uploads\/2025\/08\/12-B-492045882_1127476386076881_2355391693978548889_n.jpg\" \/>\n\t<meta property=\"og:image:width\" content=\"850\" \/>\n\t<meta property=\"og:image:height\" content=\"1133\" \/>\n\t<meta property=\"og:image:type\" content=\"image\/jpeg\" \/>\n<meta name=\"twitter:card\" content=\"summary_large_image\" \/>\n<meta name=\"twitter:label1\" content=\"Price\" \/>\n\t<meta name=\"twitter:data1\" content=\"&#036;&nbsp;190,000.00\" \/>\n\t<meta name=\"twitter:label2\" content=\"Availability\" \/>\n\t<meta name=\"twitter:data2\" content=\"In stock\" \/>\n<script type=\"application\/ld+json\" class=\"yoast-schema-graph\">{\"@context\":\"https:\/\/schema.org\",\"@graph\":[{\"@type\":[\"WebPage\",\"ItemPage\"],\"@id\":\"https:\/\/raftingvalledelmanso.com\/product\/puerto-blest-cascada-cantaros-lago-frias-sin-traslado\/\",\"url\":\"https:\/\/raftingvalledelmanso.com\/product\/puerto-blest-cascada-cantaros-lago-frias-sin-traslado\/\",\"name\":\"Puerto Blest y Lago Fr\u00edas sin traslado | Rafting Valle del Manso\",\"isPartOf\":{\"@id\":\"https:\/\/raftingvalledelmanso.com\/#website\"},\"primaryImageOfPage\":{\"@id\":\"https:\/\/raftingvalledelmanso.com\/product\/puerto-blest-cascada-cantaros-lago-frias-sin-traslado\/#primaryimage\"},\"image\":{\"@id\":\"https:\/\/raftingvalledelmanso.com\/product\/puerto-blest-cascada-cantaros-lago-frias-sin-traslado\/#primaryimage\"},\"thumbnailUrl\":\"https:\/\/raftingvalledelmanso.com\/wp-content\/uploads\/2025\/08\/12-B-492045882_1127476386076881_2355391693978548889_n.jpg\",\"datePublished\":\"2025-08-18T16:41:01+00:00\",\"dateModified\":\"2026-04-09T12:21:12+00:00\",\"description\":\"Excursi\u00f3n a Puerto Blest y Cascada Los C\u00e1ntaros con paseo en el Lago Fr\u00edas sin traslado. Naturaleza, cascadas y aventura en Bariloche. \u00a1Reserv\u00e1 online!\",\"breadcrumb\":{\"@id\":\"https:\/\/raftingvalledelmanso.com\/product\/puerto-blest-cascada-cantaros-lago-frias-sin-traslado\/#breadcrumb\"},\"inLanguage\":\"en-US\",\"potentialAction\":[{\"@type\":\"ReadAction\",\"target\":[\"https:\/\/raftingvalledelmanso.com\/product\/puerto-blest-cascada-cantaros-lago-frias-sin-traslado\/\"]}]},{\"@type\":\"ImageObject\",\"inLanguage\":\"en-US\",\"@id\":\"https:\/\/raftingvalledelmanso.com\/product\/puerto-blest-cascada-cantaros-lago-frias-sin-traslado\/#primaryimage\",\"url\":\"https:\/\/raftingvalledelmanso.com\/wp-content\/uploads\/2025\/08\/12-B-492045882_1127476386076881_2355391693978548889_n.jpg\",\"contentUrl\":\"https:\/\/raftingvalledelmanso.com\/wp-content\/uploads\/2025\/08\/12-B-492045882_1127476386076881_2355391693978548889_n.jpg\",\"width\":850,\"height\":1133},{\"@type\":\"BreadcrumbList\",\"@id\":\"https:\/\/raftingvalledelmanso.com\/product\/puerto-blest-cascada-cantaros-lago-frias-sin-traslado\/#breadcrumb\",\"itemListElement\":[{\"@type\":\"ListItem\",\"position\":1,\"name\":\"Home\",\"item\":\"https:\/\/raftingvalledelmanso.com\/\"},{\"@type\":\"ListItem\",\"position\":2,\"name\":\"Shop\",\"item\":\"https:\/\/raftingvalledelmanso.com\/shop\/\"},{\"@type\":\"ListItem\",\"position\":3,\"name\":\"Puerto Blest y Cascada \u201cLos Cantaros\u201d + Lago Frias sin Traslado\"}]},{\"@type\":\"WebSite\",\"@id\":\"https:\/\/raftingvalledelmanso.com\/#website\",\"url\":\"https:\/\/raftingvalledelmanso.com\/\",\"name\":\"Rafting Valle del Manso | Aventura en los R\u00edos de Bariloche\",\"description\":\"Rafting en la Patagonia Argentina: aventura, naturaleza y emoci\u00f3n en los r\u00e1pidos del Valle del Manso, cerca de Bariloche.\",\"publisher\":{\"@id\":\"https:\/\/raftingvalledelmanso.com\/#organization\"},\"potentialAction\":[{\"@type\":\"SearchAction\",\"target\":{\"@type\":\"EntryPoint\",\"urlTemplate\":\"https:\/\/raftingvalledelmanso.com\/?s={search_term_string}\"},\"query-input\":{\"@type\":\"PropertyValueSpecification\",\"valueRequired\":true,\"valueName\":\"search_term_string\"}}],\"inLanguage\":\"en-US\"},{\"@type\":\"Organization\",\"@id\":\"https:\/\/raftingvalledelmanso.com\/#organization\",\"name\":\"Rafting Valle del Manso | Aventura en los R\u00edos de Bariloche\",\"url\":\"https:\/\/raftingvalledelmanso.com\/\",\"logo\":{\"@type\":\"ImageObject\",\"inLanguage\":\"en-US\",\"@id\":\"https:\/\/raftingvalledelmanso.com\/#\/schema\/logo\/image\/\",\"url\":\"https:\/\/raftingvalledelmanso.com\/wp-content\/uploads\/2023\/08\/favicon.png\",\"contentUrl\":\"https:\/\/raftingvalledelmanso.com\/wp-content\/uploads\/2023\/08\/favicon.png\",\"width\":100,\"height\":100,\"caption\":\"Rafting Valle del Manso | Aventura en los R\u00edos de Bariloche\"},\"image\":{\"@id\":\"https:\/\/raftingvalledelmanso.com\/#\/schema\/logo\/image\/\"}}]}<\/script>\n<meta property=\"product:price:amount\" content=\"190000.00\" \/>\n<meta property=\"product:price:currency\" content=\"ARS\" \/>\n<meta property=\"og:availability\" content=\"instock\" \/>\n<meta property=\"product:availability\" content=\"instock\" \/>\n<meta property=\"product:retailer_item_id\" content=\"ADV2025PUBLYC33V7\" \/>\n<meta property=\"product:condition\" content=\"new\" \/>\n<!-- \/ Yoast SEO Premium plugin. -->","yoast_head_json":{"title":"Puerto Blest and Lago Frias without transfer : Manso Valley Rafting","description":"Excursion to Puerto Blest and Los C\u00e1ntaros Waterfall with a walk in Lake Frias without transfer. Nature, waterfalls and adventure in Bariloche, book online!","robots":{"index":"index","follow":"follow","max-snippet":"max-snippet:-1","max-image-preview":"max-image-preview:large","max-video-preview":"max-video-preview:-1"},"canonical":"https:\/\/raftingvalledelmanso.com\/en\/product\/puerto-blest-waterfall-cantaros-lake-frias-without-transfer\/","og_locale":"en_US","og_type":"article","og_title":"Puerto Blest y Cascada \u201cLos Cantaros\u201d + Lago Frias sin Traslado","og_description":"Excursi\u00f3n a Puerto Blest y Cascada Los C\u00e1ntaros con paseo en el Lago Fr\u00edas sin traslado. Naturaleza, cascadas y aventura en Bariloche. \u00a1Reserv\u00e1 online!","og_url":"https:\/\/raftingvalledelmanso.com\/en\/product\/puerto-blest-waterfall-cantaros-lake-frias-without-transfer\/","og_site_name":"Rafting Valle del Manso | Aventura en los R\u00edos de Bariloche","article_modified_time":"2026-04-09T12:21:12+00:00","og_image":[{"width":850,"height":1133,"url":"https:\/\/raftingvalledelmanso.com\/wp-content\/uploads\/2025\/08\/12-B-492045882_1127476386076881_2355391693978548889_n.jpg","type":"image\/jpeg"}],"twitter_card":"summary_large_image","twitter_misc":{"Price":"&#36;&nbsp;190,000.00","Availability":"In stock"},"schema":{"@context":"https:\/\/schema.org","@graph":[{"@type":["WebPage","ItemPage"],"@id":"https:\/\/raftingvalledelmanso.com\/product\/puerto-blest-cascada-cantaros-lago-frias-sin-traslado\/","url":"https:\/\/raftingvalledelmanso.com\/product\/puerto-blest-cascada-cantaros-lago-frias-sin-traslado\/","name":"Puerto Blest and Lago Frias without transfer : Manso Valley Rafting","isPartOf":{"@id":"https:\/\/raftingvalledelmanso.com\/#website"},"primaryImageOfPage":{"@id":"https:\/\/raftingvalledelmanso.com\/product\/puerto-blest-cascada-cantaros-lago-frias-sin-traslado\/#primaryimage"},"image":{"@id":"https:\/\/raftingvalledelmanso.com\/product\/puerto-blest-cascada-cantaros-lago-frias-sin-traslado\/#primaryimage"},"thumbnailUrl":"https:\/\/raftingvalledelmanso.com\/wp-content\/uploads\/2025\/08\/12-B-492045882_1127476386076881_2355391693978548889_n.jpg","datePublished":"2025-08-18T16:41:01+00:00","dateModified":"2026-04-09T12:21:12+00:00","description":"Excursion to Puerto Blest and Los C\u00e1ntaros Waterfall with a walk in Lake Frias without transfer. Nature, waterfalls and adventure in Bariloche, book online!","breadcrumb":{"@id":"https:\/\/raftingvalledelmanso.com\/product\/puerto-blest-cascada-cantaros-lago-frias-sin-traslado\/#breadcrumb"},"inLanguage":"en-US","potentialAction":[{"@type":"ReadAction","target":["https:\/\/raftingvalledelmanso.com\/product\/puerto-blest-cascada-cantaros-lago-frias-sin-traslado\/"]}]},{"@type":"ImageObject","inLanguage":"en-US","@id":"https:\/\/raftingvalledelmanso.com\/product\/puerto-blest-cascada-cantaros-lago-frias-sin-traslado\/#primaryimage","url":"https:\/\/raftingvalledelmanso.com\/wp-content\/uploads\/2025\/08\/12-B-492045882_1127476386076881_2355391693978548889_n.jpg","contentUrl":"https:\/\/raftingvalledelmanso.com\/wp-content\/uploads\/2025\/08\/12-B-492045882_1127476386076881_2355391693978548889_n.jpg","width":850,"height":1133},{"@type":"BreadcrumbList","@id":"https:\/\/raftingvalledelmanso.com\/product\/puerto-blest-cascada-cantaros-lago-frias-sin-traslado\/#breadcrumb","itemListElement":[{"@type":"ListItem","position":1,"name":"Home","item":"https:\/\/raftingvalledelmanso.com\/"},{"@type":"ListItem","position":2,"name":"Shop","item":"https:\/\/raftingvalledelmanso.com\/shop\/"},{"@type":"ListItem","position":3,"name":"Puerto Blest y Cascada \u201cLos Cantaros\u201d + Lago Frias sin Traslado"}]},{"@type":"WebSite","@id":"https:\/\/raftingvalledelmanso.com\/#website","url":"https:\/\/raftingvalledelmanso.com\/","name":"Rafting Manso Valley | Bariloche Rivers Adventure","description":"Rafting in Patagonia Argentina: adventure, nature and excitement in the rapids of the Manso Valley, near Bariloche.","publisher":{"@id":"https:\/\/raftingvalledelmanso.com\/#organization"},"potentialAction":[{"@type":"SearchAction","target":{"@type":"EntryPoint","urlTemplate":"https:\/\/raftingvalledelmanso.com\/?s={search_term_string}"},"query-input":{"@type":"PropertyValueSpecification","valueRequired":true,"valueName":"search_term_string"}}],"inLanguage":"en-US"},{"@type":"Organization","@id":"https:\/\/raftingvalledelmanso.com\/#organization","name":"Rafting Manso Valley | Bariloche Rivers Adventure","url":"https:\/\/raftingvalledelmanso.com\/","logo":{"@type":"ImageObject","inLanguage":"en-US","@id":"https:\/\/raftingvalledelmanso.com\/#\/schema\/logo\/image\/","url":"https:\/\/raftingvalledelmanso.com\/wp-content\/uploads\/2023\/08\/favicon.png","contentUrl":"https:\/\/raftingvalledelmanso.com\/wp-content\/uploads\/2023\/08\/favicon.png","width":100,"height":100,"caption":"Rafting Valle del Manso | Aventura en los R\u00edos de Bariloche"},"image":{"@id":"https:\/\/raftingvalledelmanso.com\/#\/schema\/logo\/image\/"}}]},"product_price_amount":"190000.00","product_price_currency":"ARS","og_availability":"instock","product_availability":"instock","product_retailer_item_id":"ADV2025PUBLYC33V7","product_condition":"new"},"_links":{"self":[{"href":"https:\/\/raftingvalledelmanso.com\/en\/wp-json\/wp\/v2\/product\/73205","targetHints":{"allow":["GET"]}}],"collection":[{"href":"https:\/\/raftingvalledelmanso.com\/en\/wp-json\/wp\/v2\/product"}],"about":[{"href":"https:\/\/raftingvalledelmanso.com\/en\/wp-json\/wp\/v2\/types\/product"}],"replies":[{"embeddable":true,"href":"https:\/\/raftingvalledelmanso.com\/en\/wp-json\/wp\/v2\/comments?post=73205"}],"wp:featuredmedia":[{"embeddable":true,"href":"https:\/\/raftingvalledelmanso.com\/en\/wp-json\/wp\/v2\/media\/73464"}],"wp:attachment":[{"href":"https:\/\/raftingvalledelmanso.com\/en\/wp-json\/wp\/v2\/media?parent=73205"}],"wp:term":[{"taxonomy":"product_brand","embeddable":true,"href":"https:\/\/raftingvalledelmanso.com\/en\/wp-json\/wp\/v2\/product_brand?post=73205"},{"taxonomy":"product_cat","embeddable":true,"href":"https:\/\/raftingvalledelmanso.com\/en\/wp-json\/wp\/v2\/product_cat?post=73205"},{"taxonomy":"product_tag","embeddable":true,"href":"https:\/\/raftingvalledelmanso.com\/en\/wp-json\/wp\/v2\/product_tag?post=73205"}],"curies":[{"name":"wp","href":"https:\/\/api.w.org\/{rel}","templated":true}]}}