{"id":73176,"date":"2025-08-18T13:28:35","date_gmt":"2025-08-18T16:28:35","guid":{"rendered":"https:\/\/raftingvalledelmanso.com\/product\/rafting-en-rio-limay-desde-bariloche-naturaleza-aventura-y-estepa-patagonica"},"modified":"2026-04-28T10:38:08","modified_gmt":"2026-04-28T13:38:08","slug":"rafting-limay-por-la-estepa-patagonica","status":"publish","type":"product","link":"https:\/\/raftingvalledelmanso.com\/pt\/product\/rafting-em-limay-pela-estepe-patagonica\/","title":{"rendered":"Rafting no rio Limay desde Bariloche: natureza, aventura e estepe patag\u00f4nica"},"content":{"rendered":"<h2>Viva uma aventura \u00fanica na Patag\u00f4nia<\/h2>\n<p>Descubra a beleza estonteante do Rio Limay em um passeio de rafting de baixa dificuldade. \u00c9 a alternativa perfeita para quem deseja agregar emo\u00e7\u00e3o, conforto e o prazer de percorrer paisagens patag\u00f4nicas de tirar o f\u00f4lego. Projetada para fam\u00edlias, grupos e praticantes de rafting de primeira viagem, essa proposta o aproxima da aventura em um ambiente seguro e cativante.<\/p>\n<h3>Principais vantagens<\/h3>\n<ul>\n<li><strong>Aventura segura para todos:<\/strong> Corredeiras de classe I\/II, adequadas a partir de 3 anos de idade.<\/li>\n<li><strong>Tudo inclu\u00eddo e traslados:<\/strong> Fornece colete salva-vidas, remos, transporte e coordena\u00e7\u00e3o a partir do ponto de encontro.<\/li>\n<li><strong>Hor\u00e1rio de partida pontual:<\/strong> A atividade come\u00e7a \u00e0s 13:00, para que voc\u00ea possa aproveitar ao m\u00e1ximo cada momento entre divers\u00e3o e relaxamento.<\/li>\n<li><strong>Parar de energizar:<\/strong> Desfrute do caf\u00e9 da manh\u00e3 ou de um lanche, ideal para recarregar as baterias e continuar com a aventura ao m\u00e1ximo.<\/li>\n<\/ul>\n<h3>Conex\u00e3o natural: aventura e conforto<\/h3>\n<p>Deixe-se levar por uma proposta que combina a tranquilidade das \u00e1guas patag\u00f4nicas e a adrenalina das suaves corredeiras do rio Limay. Cada detalhe foi pensado para que voc\u00ea leve lembran\u00e7as inesquec\u00edveis, combinando o esplendor natural da regi\u00e3o com o diferencial de um servi\u00e7o que sempre prioriza sua tranquilidade e bem-estar.<\/p>\n<h3>Perguntas frequentes (FAQ)<\/h3>\n<ul>\n<li><strong>O que est\u00e1 inclu\u00eddo no resultado?<\/strong>O passeio inclui traslado at\u00e9 o ponto de encontro, equipamento completo (colete e remos), al\u00e9m de caf\u00e9 da manh\u00e3 ou lanche, garantindo uma experi\u00eancia perfeita.<\/li>\n<li><strong>Ele \u00e9 destinado a fam\u00edlias com crian\u00e7as?<\/strong>Naturalmente, a atividade \u00e9 adaptada para todos, aceitando meninas e meninos a partir de 3 anos de idade, o que a torna a op\u00e7\u00e3o perfeita para desfrutar juntos.<\/li>\n<li><strong>Qu\u00e3o dif\u00edcil \u00e9 a jornada?<\/strong>A viagem passa por corredeiras de classe I\/II, garantindo uma experi\u00eancia tranquila e adequada para aqueles que querem experimentar o rafting pela primeira vez.<\/li>\n<li><strong>\u00c9 necess\u00e1rio ter experi\u00eancia anterior?<\/strong>N\u00e3o, voc\u00ea n\u00e3o precisa de nenhuma experi\u00eancia anterior. \u00c9 ideal para aqueles que querem experimentar o rafting de uma forma segura e divertida.<\/li>\n<\/ul>\n<p><strong>Aviso importante<\/strong>Este passeio j\u00e1 est\u00e1 dispon\u00edvel para pr\u00e9-reserva. As sa\u00eddas operam de 30 de abril a 30 de setembro, sujeitas ao calend\u00e1rio sazonal.<\/p>","protected":false},"excerpt":{"rendered":"<p>Conhe\u00e7a o rio Limay com uma viagem tranquila de rafting, projetada para garantir prote\u00e7\u00e3o e um servi\u00e7o personalizado em uma paisagem natural \u00fanica. Perfeito para grupos familiares e para aqueles que est\u00e3o come\u00e7ando a se aventurar.<\/p>","protected":false},"featured_media":73577,"comment_status":"open","ping_status":"closed","template":"","meta":[],"product_brand":[],"product_cat":[30,32,34,35,37,39,41,42,46],"product_tag":[],"class_list":{"0":"post-73176","1":"product","2":"type-product","3":"status-publish","4":"has-post-thumbnail","6":"product_cat-adultos","7":"product_cat-aventura","8":"product_cat-con-traslado","9":"product_cat-familia","10":"product_cat-invierno","11":"product_cat-lacustre","12":"product_cat-ninos","13":"product_cat-otono","14":"product_cat-sin-comida","16":"first","17":"instock","18":"virtual","19":"sold-individually","20":"purchasable","21":"product-type-booking"},"booking_location":"","booking_location_type":"","booking_duration":1,"booking_duration_unit":"hour","booking_buffer":0,"booking_cost":0,"booking_resources":[],"exclude_global_add_ons":false,"addons":[{"name":"ADU | Adulto","type":"input_multiplier","position":0,"required":false,"title_format":"label","default":"","description_enable":false,"description":"","placeholder_enable":false,"placeholder":"","display":"select","restrictions_type":"any_text","adjust_price":true,"price":"99500","price_type":"quantity_based","restrictions":false,"min":"0","max":"0","options":[],"id":1777372689}],"yoast_head":"<!-- This site is optimized with the Yoast SEO Premium plugin v24.5 (Yoast SEO v24.8) - https:\/\/yoast.com\/wordpress\/plugins\/seo\/ -->\n<title>Rafting en R\u00edo Limay desde Bariloche - Rafting Valle del Manso | Aventura en los R\u00edos de Bariloche<\/title>\n<meta name=\"description\" content=\"Viv\u00ed una experiencia segura de rafting en el R\u00edo Limay. Naturaleza, diversi\u00f3n y relax en paisajes patag\u00f3nicos \u00fanicos, ideal para toda la familia.\" \/>\n<meta name=\"robots\" content=\"index, follow, max-snippet:-1, max-image-preview:large, max-video-preview:-1\" \/>\n<link rel=\"canonical\" href=\"https:\/\/raftingvalledelmanso.com\/pt\/product\/rafting-em-limay-pela-estepe-patagonica\/\" \/>\n<meta property=\"og:locale\" content=\"pt_BR\" \/>\n<meta property=\"og:type\" content=\"article\" \/>\n<meta property=\"og:title\" content=\"Rafting en R\u00edo Limay desde Bariloche: Naturaleza, Aventura y Estepa Patag\u00f3nica\" \/>\n<meta property=\"og:description\" content=\"Viv\u00ed una experiencia segura de rafting en el R\u00edo Limay. Naturaleza, diversi\u00f3n y relax en paisajes patag\u00f3nicos \u00fanicos, ideal para toda la familia.\" \/>\n<meta property=\"og:url\" content=\"https:\/\/raftingvalledelmanso.com\/pt\/product\/rafting-em-limay-pela-estepe-patagonica\/\" \/>\n<meta property=\"og:site_name\" content=\"Rafting Valle del Manso | Aventura en los R\u00edos de Bariloche\" \/>\n<meta property=\"article:modified_time\" content=\"2026-04-28T13:38:08+00:00\" \/>\n<meta property=\"og:image\" content=\"https:\/\/raftingvalledelmanso.com\/wp-content\/uploads\/2025\/08\/1-A-GOPR2576-1-scaled.jpg\" \/>\n\t<meta property=\"og:image:width\" content=\"1920\" \/>\n\t<meta property=\"og:image:height\" content=\"2560\" \/>\n\t<meta property=\"og:image:type\" content=\"image\/jpeg\" \/>\n<meta name=\"twitter:card\" content=\"summary_large_image\" \/>\n<meta name=\"twitter:label1\" content=\"Pre\u00e7o\" \/>\n\t<meta name=\"twitter:data1\" content=\"&#036;&nbsp;99,500.00\" \/>\n\t<meta name=\"twitter:label2\" content=\"Disponibilidade\" \/>\n\t<meta name=\"twitter:data2\" content=\"Em Estoque\" \/>\n<script type=\"application\/ld+json\" class=\"yoast-schema-graph\">{\"@context\":\"https:\/\/schema.org\",\"@graph\":[{\"@type\":[\"WebPage\",\"ItemPage\"],\"@id\":\"https:\/\/raftingvalledelmanso.com\/product\/rafting-limay-por-la-estepa-patagonica\/\",\"url\":\"https:\/\/raftingvalledelmanso.com\/product\/rafting-limay-por-la-estepa-patagonica\/\",\"name\":\"Rafting en R\u00edo Limay desde Bariloche - Rafting Valle del Manso | Aventura en los R\u00edos de Bariloche\",\"isPartOf\":{\"@id\":\"https:\/\/raftingvalledelmanso.com\/#website\"},\"primaryImageOfPage\":{\"@id\":\"https:\/\/raftingvalledelmanso.com\/product\/rafting-limay-por-la-estepa-patagonica\/#primaryimage\"},\"image\":{\"@id\":\"https:\/\/raftingvalledelmanso.com\/product\/rafting-limay-por-la-estepa-patagonica\/#primaryimage\"},\"thumbnailUrl\":\"https:\/\/raftingvalledelmanso.com\/wp-content\/uploads\/2025\/08\/1-A-GOPR2576-1-scaled.jpg\",\"datePublished\":\"2025-08-18T16:28:35+00:00\",\"dateModified\":\"2026-04-28T13:38:08+00:00\",\"description\":\"Viv\u00ed una experiencia segura de rafting en el R\u00edo Limay. Naturaleza, diversi\u00f3n y relax en paisajes patag\u00f3nicos \u00fanicos, ideal para toda la familia.\",\"breadcrumb\":{\"@id\":\"https:\/\/raftingvalledelmanso.com\/product\/rafting-limay-por-la-estepa-patagonica\/#breadcrumb\"},\"inLanguage\":\"pt-BR\",\"potentialAction\":[{\"@type\":\"ReadAction\",\"target\":[\"https:\/\/raftingvalledelmanso.com\/product\/rafting-limay-por-la-estepa-patagonica\/\"]}]},{\"@type\":\"ImageObject\",\"inLanguage\":\"pt-BR\",\"@id\":\"https:\/\/raftingvalledelmanso.com\/product\/rafting-limay-por-la-estepa-patagonica\/#primaryimage\",\"url\":\"https:\/\/raftingvalledelmanso.com\/wp-content\/uploads\/2025\/08\/1-A-GOPR2576-1-scaled.jpg\",\"contentUrl\":\"https:\/\/raftingvalledelmanso.com\/wp-content\/uploads\/2025\/08\/1-A-GOPR2576-1-scaled.jpg\",\"width\":1920,\"height\":2560},{\"@type\":\"BreadcrumbList\",\"@id\":\"https:\/\/raftingvalledelmanso.com\/product\/rafting-limay-por-la-estepa-patagonica\/#breadcrumb\",\"itemListElement\":[{\"@type\":\"ListItem\",\"position\":1,\"name\":\"Home\",\"item\":\"https:\/\/raftingvalledelmanso.com\/\"},{\"@type\":\"ListItem\",\"position\":2,\"name\":\"Shop\",\"item\":\"https:\/\/raftingvalledelmanso.com\/shop\/\"},{\"@type\":\"ListItem\",\"position\":3,\"name\":\"Rafting en R\u00edo Limay desde Bariloche: Naturaleza, Aventura y Estepa Patag\u00f3nica\"}]},{\"@type\":\"WebSite\",\"@id\":\"https:\/\/raftingvalledelmanso.com\/#website\",\"url\":\"https:\/\/raftingvalledelmanso.com\/\",\"name\":\"Rafting Valle del Manso | Aventura en los R\u00edos de Bariloche\",\"description\":\"Rafting en la Patagonia Argentina: aventura, naturaleza y emoci\u00f3n en los r\u00e1pidos del Valle del Manso, cerca de Bariloche.\",\"publisher\":{\"@id\":\"https:\/\/raftingvalledelmanso.com\/#organization\"},\"potentialAction\":[{\"@type\":\"SearchAction\",\"target\":{\"@type\":\"EntryPoint\",\"urlTemplate\":\"https:\/\/raftingvalledelmanso.com\/?s={search_term_string}\"},\"query-input\":{\"@type\":\"PropertyValueSpecification\",\"valueRequired\":true,\"valueName\":\"search_term_string\"}}],\"inLanguage\":\"pt-BR\"},{\"@type\":\"Organization\",\"@id\":\"https:\/\/raftingvalledelmanso.com\/#organization\",\"name\":\"Rafting Valle del Manso | Aventura en los R\u00edos de Bariloche\",\"url\":\"https:\/\/raftingvalledelmanso.com\/\",\"logo\":{\"@type\":\"ImageObject\",\"inLanguage\":\"pt-BR\",\"@id\":\"https:\/\/raftingvalledelmanso.com\/#\/schema\/logo\/image\/\",\"url\":\"https:\/\/raftingvalledelmanso.com\/wp-content\/uploads\/2023\/08\/favicon.png\",\"contentUrl\":\"https:\/\/raftingvalledelmanso.com\/wp-content\/uploads\/2023\/08\/favicon.png\",\"width\":100,\"height\":100,\"caption\":\"Rafting Valle del Manso | Aventura en los R\u00edos de Bariloche\"},\"image\":{\"@id\":\"https:\/\/raftingvalledelmanso.com\/#\/schema\/logo\/image\/\"}}]}<\/script>\n<meta property=\"product:price:amount\" content=\"99500.00\" \/>\n<meta property=\"product:price:currency\" content=\"ARS\" \/>\n<meta property=\"og:availability\" content=\"instock\" \/>\n<meta property=\"product:availability\" content=\"instock\" \/>\n<meta property=\"product:retailer_item_id\" content=\"ADV2025RALIPO7XQ4\" \/>\n<meta property=\"product:condition\" content=\"new\" \/>\n<!-- \/ Yoast SEO Premium plugin. -->","yoast_head_json":{"title":"Rafting no Rio Limay desde Bariloche - Rafting Valle del Manso | Bariloche River Adventure","description":"Viva uma experi\u00eancia segura de rafting no Rio Limay. Natureza, divers\u00e3o e relaxamento em paisagens patag\u00f4nicas \u00fanicas, ideais para toda a fam\u00edlia.","robots":{"index":"index","follow":"follow","max-snippet":"max-snippet:-1","max-image-preview":"max-image-preview:large","max-video-preview":"max-video-preview:-1"},"canonical":"https:\/\/raftingvalledelmanso.com\/pt\/product\/rafting-em-limay-pela-estepe-patagonica\/","og_locale":"pt_BR","og_type":"article","og_title":"Rafting en R\u00edo Limay desde Bariloche: Naturaleza, Aventura y Estepa Patag\u00f3nica","og_description":"Viv\u00ed una experiencia segura de rafting en el R\u00edo Limay. Naturaleza, diversi\u00f3n y relax en paisajes patag\u00f3nicos \u00fanicos, ideal para toda la familia.","og_url":"https:\/\/raftingvalledelmanso.com\/pt\/product\/rafting-em-limay-pela-estepe-patagonica\/","og_site_name":"Rafting Valle del Manso | Aventura en los R\u00edos de Bariloche","article_modified_time":"2026-04-28T13:38:08+00:00","og_image":[{"width":1920,"height":2560,"url":"https:\/\/raftingvalledelmanso.com\/wp-content\/uploads\/2025\/08\/1-A-GOPR2576-1-scaled.jpg","type":"image\/jpeg"}],"twitter_card":"summary_large_image","twitter_misc":{"Pre\u00e7o":"&#36;&nbsp;99,500.00","Disponibilidade":"Em Estoque"},"schema":{"@context":"https:\/\/schema.org","@graph":[{"@type":["WebPage","ItemPage"],"@id":"https:\/\/raftingvalledelmanso.com\/product\/rafting-limay-por-la-estepa-patagonica\/","url":"https:\/\/raftingvalledelmanso.com\/product\/rafting-limay-por-la-estepa-patagonica\/","name":"Rafting no Rio Limay desde Bariloche - Rafting Valle del Manso | Bariloche River Adventure","isPartOf":{"@id":"https:\/\/raftingvalledelmanso.com\/#website"},"primaryImageOfPage":{"@id":"https:\/\/raftingvalledelmanso.com\/product\/rafting-limay-por-la-estepa-patagonica\/#primaryimage"},"image":{"@id":"https:\/\/raftingvalledelmanso.com\/product\/rafting-limay-por-la-estepa-patagonica\/#primaryimage"},"thumbnailUrl":"https:\/\/raftingvalledelmanso.com\/wp-content\/uploads\/2025\/08\/1-A-GOPR2576-1-scaled.jpg","datePublished":"2025-08-18T16:28:35+00:00","dateModified":"2026-04-28T13:38:08+00:00","description":"Viva uma experi\u00eancia segura de rafting no Rio Limay. Natureza, divers\u00e3o e relaxamento em paisagens patag\u00f4nicas \u00fanicas, ideais para toda a fam\u00edlia.","breadcrumb":{"@id":"https:\/\/raftingvalledelmanso.com\/product\/rafting-limay-por-la-estepa-patagonica\/#breadcrumb"},"inLanguage":"pt-BR","potentialAction":[{"@type":"ReadAction","target":["https:\/\/raftingvalledelmanso.com\/product\/rafting-limay-por-la-estepa-patagonica\/"]}]},{"@type":"ImageObject","inLanguage":"pt-BR","@id":"https:\/\/raftingvalledelmanso.com\/product\/rafting-limay-por-la-estepa-patagonica\/#primaryimage","url":"https:\/\/raftingvalledelmanso.com\/wp-content\/uploads\/2025\/08\/1-A-GOPR2576-1-scaled.jpg","contentUrl":"https:\/\/raftingvalledelmanso.com\/wp-content\/uploads\/2025\/08\/1-A-GOPR2576-1-scaled.jpg","width":1920,"height":2560},{"@type":"BreadcrumbList","@id":"https:\/\/raftingvalledelmanso.com\/product\/rafting-limay-por-la-estepa-patagonica\/#breadcrumb","itemListElement":[{"@type":"ListItem","position":1,"name":"Home","item":"https:\/\/raftingvalledelmanso.com\/"},{"@type":"ListItem","position":2,"name":"Shop","item":"https:\/\/raftingvalledelmanso.com\/shop\/"},{"@type":"ListItem","position":3,"name":"Rafting en R\u00edo Limay desde Bariloche: Naturaleza, Aventura y Estepa Patag\u00f3nica"}]},{"@type":"WebSite","@id":"https:\/\/raftingvalledelmanso.com\/#website","url":"https:\/\/raftingvalledelmanso.com\/","name":"Rafting Valle del Manso | Bariloche Rivers Adventure","description":"Rafting na Patag\u00f4nia Argentina: aventura, natureza e emo\u00e7\u00e3o nas corredeiras do Vale do Manso, perto de Bariloche.","publisher":{"@id":"https:\/\/raftingvalledelmanso.com\/#organization"},"potentialAction":[{"@type":"SearchAction","target":{"@type":"EntryPoint","urlTemplate":"https:\/\/raftingvalledelmanso.com\/?s={search_term_string}"},"query-input":{"@type":"PropertyValueSpecification","valueRequired":true,"valueName":"search_term_string"}}],"inLanguage":"pt-BR"},{"@type":"Organization","@id":"https:\/\/raftingvalledelmanso.com\/#organization","name":"Rafting Valle del Manso | Bariloche Rivers Adventure","url":"https:\/\/raftingvalledelmanso.com\/","logo":{"@type":"ImageObject","inLanguage":"pt-BR","@id":"https:\/\/raftingvalledelmanso.com\/#\/schema\/logo\/image\/","url":"https:\/\/raftingvalledelmanso.com\/wp-content\/uploads\/2023\/08\/favicon.png","contentUrl":"https:\/\/raftingvalledelmanso.com\/wp-content\/uploads\/2023\/08\/favicon.png","width":100,"height":100,"caption":"Rafting Valle del Manso | Aventura en los R\u00edos de Bariloche"},"image":{"@id":"https:\/\/raftingvalledelmanso.com\/#\/schema\/logo\/image\/"}}]},"product_price_amount":"99500.00","product_price_currency":"ARS","og_availability":"instock","product_availability":"instock","product_retailer_item_id":"ADV2025RALIPO7XQ4","product_condition":"new"},"_links":{"self":[{"href":"https:\/\/raftingvalledelmanso.com\/pt\/wp-json\/wp\/v2\/product\/73176","targetHints":{"allow":["GET"]}}],"collection":[{"href":"https:\/\/raftingvalledelmanso.com\/pt\/wp-json\/wp\/v2\/product"}],"about":[{"href":"https:\/\/raftingvalledelmanso.com\/pt\/wp-json\/wp\/v2\/types\/product"}],"replies":[{"embeddable":true,"href":"https:\/\/raftingvalledelmanso.com\/pt\/wp-json\/wp\/v2\/comments?post=73176"}],"wp:featuredmedia":[{"embeddable":true,"href":"https:\/\/raftingvalledelmanso.com\/pt\/wp-json\/wp\/v2\/media\/73577"}],"wp:attachment":[{"href":"https:\/\/raftingvalledelmanso.com\/pt\/wp-json\/wp\/v2\/media?parent=73176"}],"wp:term":[{"taxonomy":"product_brand","embeddable":true,"href":"https:\/\/raftingvalledelmanso.com\/pt\/wp-json\/wp\/v2\/product_brand?post=73176"},{"taxonomy":"product_cat","embeddable":true,"href":"https:\/\/raftingvalledelmanso.com\/pt\/wp-json\/wp\/v2\/product_cat?post=73176"},{"taxonomy":"product_tag","embeddable":true,"href":"https:\/\/raftingvalledelmanso.com\/pt\/wp-json\/wp\/v2\/product_tag?post=73176"}],"curies":[{"name":"wp","href":"https:\/\/api.w.org\/{rel}","templated":true}]}}