{"id":73177,"date":"2025-08-18T13:29:00","date_gmt":"2025-08-18T16:29:00","guid":{"rendered":"https:\/\/raftingvalledelmanso.com\/product\/pack-de-reserva-flexible-viaja-con-tranquilidad-y-sin-preocupaciones"},"modified":"2025-09-08T13:46:44","modified_gmt":"2025-09-08T16:46:44","slug":"pack-de-reserva-flexible-viaja-con-tranquilidad-y-sin-preocupaciones","status":"publish","type":"product","link":"https:\/\/raftingvalledelmanso.com\/pt\/product\/pacote-de-reservas-flexivel-viaje-com-tranquilidade-e-sem-preocupacoes\/","title":{"rendered":"Pacote de reservas flex\u00edveis - Viaje com tranquilidade e sem preocupa\u00e7\u00f5es"},"content":{"rendered":"<h3 data-start=\"232\" data-end=\"273\">Adapte seus planos sempre que desejar<\/h3>\n<p data-start=\"275\" data-end=\"620\">Com o Pacote de Reserva Flex\u00edvel, voc\u00ea pode organizar sua viagem a Bariloche com a tranquilidade de saber que, se acontecer algum imprevisto, voc\u00ea poder\u00e1 modificar ou cancelar sua reserva rapidamente e sem complica\u00e7\u00f5es. Esse produto combina os benef\u00edcios do Seguro de Reprograma\u00e7\u00e3o com o Seguro de Cancelamento, proporcionando a voc\u00ea o m\u00e1ximo de liberdade e tranquilidade em uma \u00fanica etapa.<\/p>\n<h3 data-start=\"627\" data-end=\"652\">O que h\u00e1 no pacote?<\/h3>\n<ul data-start=\"654\" data-end=\"1014\">\n<li data-start=\"654\" data-end=\"726\">\n<p data-start=\"656\" data-end=\"726\">Reagendamento sem custo adicional at\u00e9 o dia anterior ao passeio.<\/p>\n<\/li>\n<li data-start=\"727\" data-end=\"797\">\n<p data-start=\"729\" data-end=\"797\">Cancelamento com reembolso parcial at\u00e9 as 19h do dia anterior.<\/p>\n<\/li>\n<li data-start=\"798\" data-end=\"870\">\n<p data-start=\"800\" data-end=\"870\">Voc\u00ea pode adicion\u00e1-lo at\u00e9 30 minutos ap\u00f3s receber seu voucher.<\/p>\n<\/li>\n<li data-start=\"871\" data-end=\"930\">\n<p data-start=\"873\" data-end=\"930\">A contrata\u00e7\u00e3o do Pacote \u00e9 <strong data-start=\"893\" data-end=\"929\">individual e exclusivamente para cada excurs\u00e3o<\/strong>.<\/p>\n<\/li>\n<li data-start=\"931\" data-end=\"1014\">\n<p data-start=\"933\" data-end=\"1014\">Perfeito para uma viagem sem estresse, mesmo que seus planos mudem rapidamente.<\/p>\n<\/li>\n<\/ul>\n<h3 data-start=\"1021\" data-end=\"1048\">Principais fatos a serem considerados<\/h3>\n<ul data-start=\"1050\" data-end=\"1393\">\n<li data-start=\"1050\" data-end=\"1134\">\n<p data-start=\"1052\" data-end=\"1134\">O pacote \u00e9 comprado individualmente: ele corresponde a cada passageiro e a cada excurs\u00e3o que voc\u00ea reservar.<\/p>\n<\/li>\n<li data-start=\"1135\" data-end=\"1236\">\n<p data-start=\"1137\" data-end=\"1236\">Deve ser reservado junto com a reserva ou em at\u00e9 30 minutos ap\u00f3s a emiss\u00e3o do voucher.<\/p>\n<\/li>\n<li data-start=\"1237\" data-end=\"1317\">\n<p data-start=\"1239\" data-end=\"1317\">V\u00e1lido para a maioria das excurs\u00f5es (consulte as restri\u00e7\u00f5es espec\u00edficas).<\/p>\n<\/li>\n<li data-start=\"1318\" data-end=\"1393\">\n<p data-start=\"1320\" data-end=\"1393\">O reembolso parcial por cancelamento \u00e9 feito de acordo com as regras no momento da solicita\u00e7\u00e3o.<\/p>\n<\/li>\n<\/ul>\n<h3 data-start=\"1400\" data-end=\"1424\">Perguntas frequentes<\/h3>\n<p data-start=\"1426\" data-end=\"1565\"><strong data-start=\"1426\" data-end=\"1475\">Posso adicionar o pacote ap\u00f3s a reserva?<\/strong><br data-start=\"1475\" data-end=\"1478\" \/>Sim, voc\u00ea tem at\u00e9 30 minutos ap\u00f3s a emiss\u00e3o do voucher para adicion\u00e1-lo \u00e0 sua compra.<\/p>\n<p data-start=\"1567\" data-end=\"1731\"><strong data-start=\"1567\" data-end=\"1610\">\u00c9 poss\u00edvel cancelar sem motivo?<\/strong><br data-start=\"1610\" data-end=\"1613\" \/>\u00c9 claro. Voc\u00ea pode cancelar at\u00e9 as 19h do dia anterior e receber um reembolso parcial, sem precisar dar desculpas ou apresentar documenta\u00e7\u00e3o.<\/p>\n<p data-start=\"1733\" data-end=\"1866\"><strong data-start=\"1733\" data-end=\"1781\">As datas podem ser alteradas sem pagar mais?<\/strong><br data-start=\"1781\" data-end=\"1784\" \/>\u00c9 claro. Voc\u00ea pode reagendar seu passeio at\u00e9 o dia anterior, sujeito \u00e0 disponibilidade.<\/p>\n<p data-start=\"1868\" data-end=\"2032\"><strong data-start=\"1868\" data-end=\"1910\">Ele \u00e9 adequado para qualquer excurs\u00e3o?<\/strong><br data-start=\"1910\" data-end=\"1913\" \/>Ele cobre a maioria de nossas partidas, exceto por pequenas exce\u00e7\u00f5es que informaremos no momento da reserva.<\/p>","protected":false},"excerpt":{"rendered":"<p>Reserva flex\u00edvel: altere ou cancele sua partida por passageiro e por excurs\u00e3o, com reembolso parcial dispon\u00edvel com at\u00e9 24 horas de anteced\u00eancia. Mais tranquilidade para planejar sua viagem a Bariloche.<\/p>","protected":false},"featured_media":73413,"comment_status":"open","ping_status":"closed","template":"","meta":[],"product_brand":[],"product_cat":[43],"product_tag":[],"class_list":{"0":"post-73177","1":"product","2":"type-product","3":"status-publish","4":"has-post-thumbnail","6":"product_cat-otros","8":"first","9":"instock","10":"sale","11":"virtual","12":"purchasable","13":"product-type-simple"},"booking_location":null,"booking_location_type":null,"booking_duration":null,"booking_duration_unit":null,"booking_buffer":null,"booking_cost":null,"booking_resources":null,"exclude_global_add_ons":[],"addons":[],"yoast_head":"<!-- This site is optimized with the Yoast SEO Premium plugin v24.5 (Yoast SEO v24.8) - https:\/\/yoast.com\/wordpress\/plugins\/seo\/ -->\n<title>Pack de Reserva Flexible \u2013 Viaj\u00e1 con tranquilidad y sin preocupaciones - Rafting Valle del Manso | Aventura en los R\u00edos de Bariloche<\/title>\n<meta name=\"robots\" content=\"index, follow, max-snippet:-1, max-image-preview:large, max-video-preview:-1\" \/>\n<link rel=\"canonical\" href=\"https:\/\/raftingvalledelmanso.com\/pt\/product\/pacote-de-reservas-flexivel-viaje-com-tranquilidade-e-sem-preocupacoes\/\" \/>\n<meta property=\"og:locale\" content=\"pt_BR\" \/>\n<meta property=\"og:type\" content=\"article\" \/>\n<meta property=\"og:title\" content=\"Pack de Reserva Flexible \u2013 Viaj\u00e1 con tranquilidad y sin preocupaciones\" \/>\n<meta property=\"og:description\" content=\"Reserva Flexible: cambi\u00e1 o anul\u00e1 tu salida por pasajero y por excursi\u00f3n, con reembolso parcial disponible hasta 24 horas antes. Mayor tranquilidad para planificar tu viaje a Bariloche.\" \/>\n<meta property=\"og:url\" content=\"https:\/\/raftingvalledelmanso.com\/pt\/product\/pacote-de-reservas-flexivel-viaje-com-tranquilidade-e-sem-preocupacoes\/\" \/>\n<meta property=\"og:site_name\" content=\"Rafting Valle del Manso | Aventura en los R\u00edos de Bariloche\" \/>\n<meta property=\"article:modified_time\" content=\"2025-09-08T16:46:44+00:00\" \/>\n<meta property=\"og:image\" content=\"https:\/\/raftingvalledelmanso.com\/wp-content\/uploads\/2025\/08\/12-A.jpg\" \/>\n\t<meta property=\"og:image:width\" content=\"850\" \/>\n\t<meta property=\"og:image:height\" content=\"1133\" \/>\n\t<meta property=\"og:image:type\" content=\"image\/jpeg\" \/>\n<meta name=\"twitter:card\" content=\"summary_large_image\" \/>\n<meta name=\"twitter:label1\" content=\"Pre\u00e7o\" \/>\n\t<meta name=\"twitter:data1\" content=\"&#036;&nbsp;25,000.00\" \/>\n\t<meta name=\"twitter:label2\" content=\"Disponibilidade\" \/>\n\t<meta name=\"twitter:data2\" content=\"Em Estoque\" \/>\n<script type=\"application\/ld+json\" class=\"yoast-schema-graph\">{\"@context\":\"https:\/\/schema.org\",\"@graph\":[{\"@type\":[\"WebPage\",\"ItemPage\"],\"@id\":\"https:\/\/raftingvalledelmanso.com\/product\/pack-de-reserva-flexible-viaja-con-tranquilidad-y-sin-preocupaciones\",\"url\":\"https:\/\/raftingvalledelmanso.com\/product\/pack-de-reserva-flexible-viaja-con-tranquilidad-y-sin-preocupaciones\",\"name\":\"Pack de Reserva Flexible \u2013 Viaj\u00e1 con tranquilidad y sin preocupaciones - Rafting Valle del Manso | Aventura en los R\u00edos de Bariloche\",\"isPartOf\":{\"@id\":\"https:\/\/raftingvalledelmanso.com\/#website\"},\"primaryImageOfPage\":{\"@id\":\"https:\/\/raftingvalledelmanso.com\/product\/pack-de-reserva-flexible-viaja-con-tranquilidad-y-sin-preocupaciones#primaryimage\"},\"image\":{\"@id\":\"https:\/\/raftingvalledelmanso.com\/product\/pack-de-reserva-flexible-viaja-con-tranquilidad-y-sin-preocupaciones#primaryimage\"},\"thumbnailUrl\":\"https:\/\/raftingvalledelmanso.com\/wp-content\/uploads\/2025\/08\/12-A.jpg\",\"datePublished\":\"2025-08-18T16:29:00+00:00\",\"dateModified\":\"2025-09-08T16:46:44+00:00\",\"breadcrumb\":{\"@id\":\"https:\/\/raftingvalledelmanso.com\/product\/pack-de-reserva-flexible-viaja-con-tranquilidad-y-sin-preocupaciones#breadcrumb\"},\"inLanguage\":\"pt-BR\",\"potentialAction\":[{\"@type\":\"ReadAction\",\"target\":[\"https:\/\/raftingvalledelmanso.com\/product\/pack-de-reserva-flexible-viaja-con-tranquilidad-y-sin-preocupaciones\"]}]},{\"@type\":\"ImageObject\",\"inLanguage\":\"pt-BR\",\"@id\":\"https:\/\/raftingvalledelmanso.com\/product\/pack-de-reserva-flexible-viaja-con-tranquilidad-y-sin-preocupaciones#primaryimage\",\"url\":\"https:\/\/raftingvalledelmanso.com\/wp-content\/uploads\/2025\/08\/12-A.jpg\",\"contentUrl\":\"https:\/\/raftingvalledelmanso.com\/wp-content\/uploads\/2025\/08\/12-A.jpg\",\"width\":850,\"height\":1133},{\"@type\":\"BreadcrumbList\",\"@id\":\"https:\/\/raftingvalledelmanso.com\/product\/pack-de-reserva-flexible-viaja-con-tranquilidad-y-sin-preocupaciones#breadcrumb\",\"itemListElement\":[{\"@type\":\"ListItem\",\"position\":1,\"name\":\"Home\",\"item\":\"https:\/\/raftingvalledelmanso.com\/\"},{\"@type\":\"ListItem\",\"position\":2,\"name\":\"Shop\",\"item\":\"https:\/\/raftingvalledelmanso.com\/shop\/\"},{\"@type\":\"ListItem\",\"position\":3,\"name\":\"Pack de Reserva Flexible \u2013 Viaj\u00e1 con tranquilidad y sin preocupaciones\"}]},{\"@type\":\"WebSite\",\"@id\":\"https:\/\/raftingvalledelmanso.com\/#website\",\"url\":\"https:\/\/raftingvalledelmanso.com\/\",\"name\":\"Rafting Valle del Manso | Aventura en los R\u00edos de Bariloche\",\"description\":\"Rafting en la Patagonia Argentina: aventura, naturaleza y emoci\u00f3n en los r\u00e1pidos del Valle del Manso, cerca de Bariloche.\",\"publisher\":{\"@id\":\"https:\/\/raftingvalledelmanso.com\/#organization\"},\"potentialAction\":[{\"@type\":\"SearchAction\",\"target\":{\"@type\":\"EntryPoint\",\"urlTemplate\":\"https:\/\/raftingvalledelmanso.com\/?s={search_term_string}\"},\"query-input\":{\"@type\":\"PropertyValueSpecification\",\"valueRequired\":true,\"valueName\":\"search_term_string\"}}],\"inLanguage\":\"pt-BR\"},{\"@type\":\"Organization\",\"@id\":\"https:\/\/raftingvalledelmanso.com\/#organization\",\"name\":\"Rafting Valle del Manso | Aventura en los R\u00edos de Bariloche\",\"url\":\"https:\/\/raftingvalledelmanso.com\/\",\"logo\":{\"@type\":\"ImageObject\",\"inLanguage\":\"pt-BR\",\"@id\":\"https:\/\/raftingvalledelmanso.com\/#\/schema\/logo\/image\/\",\"url\":\"https:\/\/raftingvalledelmanso.com\/wp-content\/uploads\/2023\/08\/favicon.png\",\"contentUrl\":\"https:\/\/raftingvalledelmanso.com\/wp-content\/uploads\/2023\/08\/favicon.png\",\"width\":100,\"height\":100,\"caption\":\"Rafting Valle del Manso | Aventura en los R\u00edos de Bariloche\"},\"image\":{\"@id\":\"https:\/\/raftingvalledelmanso.com\/#\/schema\/logo\/image\/\"}}]}<\/script>\n<meta property=\"product:price:amount\" content=\"25000.00\" \/>\n<meta property=\"product:price:currency\" content=\"ARS\" \/>\n<meta property=\"og:availability\" content=\"instock\" \/>\n<meta property=\"product:availability\" content=\"instock\" \/>\n<meta property=\"product:condition\" content=\"new\" \/>\n<!-- \/ Yoast SEO Premium plugin. -->","yoast_head_json":{"title":"Pacote de reservas flex\u00edveis - Viaje com tranquilidade - Rafting Vale do Manso | Bariloche Rivers Adventure","robots":{"index":"index","follow":"follow","max-snippet":"max-snippet:-1","max-image-preview":"max-image-preview:large","max-video-preview":"max-video-preview:-1"},"canonical":"https:\/\/raftingvalledelmanso.com\/pt\/product\/pacote-de-reservas-flexivel-viaje-com-tranquilidade-e-sem-preocupacoes\/","og_locale":"pt_BR","og_type":"article","og_title":"Pack de Reserva Flexible \u2013 Viaj\u00e1 con tranquilidad y sin preocupaciones","og_description":"Reserva Flexible: cambi\u00e1 o anul\u00e1 tu salida por pasajero y por excursi\u00f3n, con reembolso parcial disponible hasta 24 horas antes. Mayor tranquilidad para planificar tu viaje a Bariloche.","og_url":"https:\/\/raftingvalledelmanso.com\/pt\/product\/pacote-de-reservas-flexivel-viaje-com-tranquilidade-e-sem-preocupacoes\/","og_site_name":"Rafting Valle del Manso | Aventura en los R\u00edos de Bariloche","article_modified_time":"2025-09-08T16:46:44+00:00","og_image":[{"width":850,"height":1133,"url":"https:\/\/raftingvalledelmanso.com\/wp-content\/uploads\/2025\/08\/12-A.jpg","type":"image\/jpeg"}],"twitter_card":"summary_large_image","twitter_misc":{"Pre\u00e7o":"&#36;&nbsp;25,000.00","Disponibilidade":"Em Estoque"},"schema":{"@context":"https:\/\/schema.org","@graph":[{"@type":["WebPage","ItemPage"],"@id":"https:\/\/raftingvalledelmanso.com\/product\/pack-de-reserva-flexible-viaja-con-tranquilidad-y-sin-preocupaciones","url":"https:\/\/raftingvalledelmanso.com\/product\/pack-de-reserva-flexible-viaja-con-tranquilidad-y-sin-preocupaciones","name":"Pacote de reservas flex\u00edveis - Viaje com tranquilidade - Rafting Vale do Manso | Bariloche Rivers Adventure","isPartOf":{"@id":"https:\/\/raftingvalledelmanso.com\/#website"},"primaryImageOfPage":{"@id":"https:\/\/raftingvalledelmanso.com\/product\/pack-de-reserva-flexible-viaja-con-tranquilidad-y-sin-preocupaciones#primaryimage"},"image":{"@id":"https:\/\/raftingvalledelmanso.com\/product\/pack-de-reserva-flexible-viaja-con-tranquilidad-y-sin-preocupaciones#primaryimage"},"thumbnailUrl":"https:\/\/raftingvalledelmanso.com\/wp-content\/uploads\/2025\/08\/12-A.jpg","datePublished":"2025-08-18T16:29:00+00:00","dateModified":"2025-09-08T16:46:44+00:00","breadcrumb":{"@id":"https:\/\/raftingvalledelmanso.com\/product\/pack-de-reserva-flexible-viaja-con-tranquilidad-y-sin-preocupaciones#breadcrumb"},"inLanguage":"pt-BR","potentialAction":[{"@type":"ReadAction","target":["https:\/\/raftingvalledelmanso.com\/product\/pack-de-reserva-flexible-viaja-con-tranquilidad-y-sin-preocupaciones"]}]},{"@type":"ImageObject","inLanguage":"pt-BR","@id":"https:\/\/raftingvalledelmanso.com\/product\/pack-de-reserva-flexible-viaja-con-tranquilidad-y-sin-preocupaciones#primaryimage","url":"https:\/\/raftingvalledelmanso.com\/wp-content\/uploads\/2025\/08\/12-A.jpg","contentUrl":"https:\/\/raftingvalledelmanso.com\/wp-content\/uploads\/2025\/08\/12-A.jpg","width":850,"height":1133},{"@type":"BreadcrumbList","@id":"https:\/\/raftingvalledelmanso.com\/product\/pack-de-reserva-flexible-viaja-con-tranquilidad-y-sin-preocupaciones#breadcrumb","itemListElement":[{"@type":"ListItem","position":1,"name":"Home","item":"https:\/\/raftingvalledelmanso.com\/"},{"@type":"ListItem","position":2,"name":"Shop","item":"https:\/\/raftingvalledelmanso.com\/shop\/"},{"@type":"ListItem","position":3,"name":"Pack de Reserva Flexible \u2013 Viaj\u00e1 con tranquilidad y sin preocupaciones"}]},{"@type":"WebSite","@id":"https:\/\/raftingvalledelmanso.com\/#website","url":"https:\/\/raftingvalledelmanso.com\/","name":"Rafting Valle del Manso | Bariloche Rivers Adventure","description":"Rafting na Patag\u00f4nia Argentina: aventura, natureza e emo\u00e7\u00e3o nas corredeiras do Vale do Manso, perto de Bariloche.","publisher":{"@id":"https:\/\/raftingvalledelmanso.com\/#organization"},"potentialAction":[{"@type":"SearchAction","target":{"@type":"EntryPoint","urlTemplate":"https:\/\/raftingvalledelmanso.com\/?s={search_term_string}"},"query-input":{"@type":"PropertyValueSpecification","valueRequired":true,"valueName":"search_term_string"}}],"inLanguage":"pt-BR"},{"@type":"Organization","@id":"https:\/\/raftingvalledelmanso.com\/#organization","name":"Rafting Valle del Manso | Bariloche Rivers Adventure","url":"https:\/\/raftingvalledelmanso.com\/","logo":{"@type":"ImageObject","inLanguage":"pt-BR","@id":"https:\/\/raftingvalledelmanso.com\/#\/schema\/logo\/image\/","url":"https:\/\/raftingvalledelmanso.com\/wp-content\/uploads\/2023\/08\/favicon.png","contentUrl":"https:\/\/raftingvalledelmanso.com\/wp-content\/uploads\/2023\/08\/favicon.png","width":100,"height":100,"caption":"Rafting Valle del Manso | Aventura en los R\u00edos de Bariloche"},"image":{"@id":"https:\/\/raftingvalledelmanso.com\/#\/schema\/logo\/image\/"}}]},"product_price_amount":"25000.00","product_price_currency":"ARS","og_availability":"instock","product_availability":"instock","product_condition":"new"},"_links":{"self":[{"href":"https:\/\/raftingvalledelmanso.com\/pt\/wp-json\/wp\/v2\/product\/73177","targetHints":{"allow":["GET"]}}],"collection":[{"href":"https:\/\/raftingvalledelmanso.com\/pt\/wp-json\/wp\/v2\/product"}],"about":[{"href":"https:\/\/raftingvalledelmanso.com\/pt\/wp-json\/wp\/v2\/types\/product"}],"replies":[{"embeddable":true,"href":"https:\/\/raftingvalledelmanso.com\/pt\/wp-json\/wp\/v2\/comments?post=73177"}],"wp:featuredmedia":[{"embeddable":true,"href":"https:\/\/raftingvalledelmanso.com\/pt\/wp-json\/wp\/v2\/media\/73413"}],"wp:attachment":[{"href":"https:\/\/raftingvalledelmanso.com\/pt\/wp-json\/wp\/v2\/media?parent=73177"}],"wp:term":[{"taxonomy":"product_brand","embeddable":true,"href":"https:\/\/raftingvalledelmanso.com\/pt\/wp-json\/wp\/v2\/product_brand?post=73177"},{"taxonomy":"product_cat","embeddable":true,"href":"https:\/\/raftingvalledelmanso.com\/pt\/wp-json\/wp\/v2\/product_cat?post=73177"},{"taxonomy":"product_tag","embeddable":true,"href":"https:\/\/raftingvalledelmanso.com\/pt\/wp-json\/wp\/v2\/product_tag?post=73177"}],"curies":[{"name":"wp","href":"https:\/\/api.w.org\/{rel}","templated":true}]}}