{"id":73181,"date":"2025-08-18T13:29:49","date_gmt":"2025-08-18T16:29:49","guid":{"rendered":"https:\/\/raftingvalledelmanso.com\/product\/seguro-de-reprogramacion-cambia-la-fecha-de-tu-excursion-sin-penalidades"},"modified":"2025-09-08T13:46:42","modified_gmt":"2025-09-08T16:46:42","slug":"seguro-de-reprogramacion-cambia-la-fecha-de-tu-excursion-sin-penalidades","status":"publish","type":"product","link":"https:\/\/raftingvalledelmanso.com\/pt\/product\/o-seguro-de-reagendamento-altera-a-data-de-sua-excursao-sem-penalidades\/","title":{"rendered":"Seguro de reagendamento - Altere a data de sua excurs\u00e3o sem penalidade"},"content":{"rendered":"<h3 data-start=\"245\" data-end=\"300\">Leve sua viagem para o pr\u00f3ximo n\u00edvel, despache o inesperado.<\/h3>\n<p data-start=\"302\" data-end=\"521\">Com o Seguro de Reagendamento, voc\u00ea pode adiar sua excurs\u00e3o para a data que precisar, sem pagar extras ou abrir m\u00e3o da flexibilidade, at\u00e9 o dia anterior. \u00c9 a solu\u00e7\u00e3o perfeita para os viajantes que desejam planejar sua viagem a Bariloche com calma e sem estresse.<\/p>\n<h3 data-start=\"528\" data-end=\"555\">O que esse seguro cobre?<\/h3>\n<ul data-start=\"557\" data-end=\"846\">\n<li data-start=\"557\" data-end=\"628\">\n<p data-start=\"559\" data-end=\"628\">Alterar a data sem custo adicional, at\u00e9 o dia anterior \u00e0 atividade.<\/p>\n<\/li>\n<li data-start=\"629\" data-end=\"678\">\n<p data-start=\"631\" data-end=\"678\">Reagendamento f\u00e1cil, sujeito \u00e0 disponibilidade.<\/p>\n<\/li>\n<li data-start=\"679\" data-end=\"738\">\n<p data-start=\"681\" data-end=\"738\">Gerenciamento instant\u00e2neo, sem desculpas ou procedimentos complicados.<\/p>\n<\/li>\n<li data-start=\"739\" data-end=\"786\">\n<p data-start=\"741\" data-end=\"786\">A cobertura \u00e9 por pessoa e por viagem.<\/p>\n<\/li>\n<li data-start=\"787\" data-end=\"846\">\n<p data-start=\"789\" data-end=\"846\">Dispon\u00edvel em at\u00e9 30 minutos ap\u00f3s a emiss\u00e3o do voucher.<\/p>\n<\/li>\n<\/ul>\n<h3 data-start=\"853\" data-end=\"880\">Principais fatos a serem considerados<\/h3>\n<ul data-start=\"882\" data-end=\"1214\">\n<li data-start=\"882\" data-end=\"957\">\n<p data-start=\"884\" data-end=\"957\">\u00c9 pessoal: contratar prote\u00e7\u00e3o para cada viajante e passeio escolhido.<\/p>\n<\/li>\n<li data-start=\"958\" data-end=\"1050\">\n<p data-start=\"960\" data-end=\"1050\">As altera\u00e7\u00f5es de data est\u00e3o sujeitas \u00e0 disponibilidade no momento da inscri\u00e7\u00e3o.<\/p>\n<\/li>\n<li data-start=\"1051\" data-end=\"1119\">\n<p data-start=\"1053\" data-end=\"1119\">Nenhuma altera\u00e7\u00e3o pode ser feita no dia da excurs\u00e3o programada.<\/p>\n<\/li>\n<li data-start=\"1120\" data-end=\"1214\">\n<p data-start=\"1122\" data-end=\"1214\">Adicione o seguro com sua reserva ou at\u00e9 30 minutos ap\u00f3s o voucher.<\/p>\n<\/li>\n<\/ul>\n<h3 data-start=\"1221\" data-end=\"1245\">Consultas comuns<\/h3>\n<p data-start=\"1247\" data-end=\"1380\"><strong data-start=\"1247\" data-end=\"1303\">Quando posso adicionar o Seguro de Reprograma\u00e7\u00e3o?<\/strong><br data-start=\"1303\" data-end=\"1306\" \/>Durante a reserva ou at\u00e9 30 minutos ap\u00f3s o recebimento do voucher.<\/p>\n<p data-start=\"1382\" data-end=\"1501\"><strong data-start=\"1382\" data-end=\"1441\">Preciso ter um motivo para alterar minha data?<\/strong><br data-start=\"1441\" data-end=\"1444\" \/>N\u00e3o. Nenhuma justificativa \u00e9 necess\u00e1ria para gerenciar a mudan\u00e7a.<\/p>\n<p data-start=\"1503\" data-end=\"1654\"><strong data-start=\"1503\" data-end=\"1563\">A nova data est\u00e1 garantida ao solicitar a altera\u00e7\u00e3o?<\/strong><br data-start=\"1563\" data-end=\"1566\" \/>O reagendamento depende da disponibilidade imediata da ger\u00eancia.<\/p>\n<p data-start=\"1656\" data-end=\"1766\"><strong data-start=\"1656\" data-end=\"1701\">Tenho a op\u00e7\u00e3o de reagendar no mesmo dia?<\/strong><br data-start=\"1701\" data-end=\"1704\" \/>N\u00e3o. O benef\u00edcio \u00e9 v\u00e1lido somente at\u00e9 o dia anterior \u00e0 atividade.<\/p>","protected":false},"excerpt":{"rendered":"<p>Seguro de reagendamento em Bariloche. Altere o dia de seu passeio sem custo adicional com at\u00e9 24 horas de anteced\u00eancia. Adicione-o \u00e0 sua compra no momento da reserva.<\/p>","protected":false},"featured_media":73415,"comment_status":"open","ping_status":"closed","template":"","meta":[],"product_brand":[],"product_cat":[43],"product_tag":[],"class_list":{"0":"post-73181","1":"product","2":"type-product","3":"status-publish","4":"has-post-thumbnail","6":"product_cat-otros","8":"first","9":"instock","10":"virtual","11":"purchasable","12":"product-type-simple"},"booking_location":null,"booking_location_type":null,"booking_duration":null,"booking_duration_unit":null,"booking_buffer":null,"booking_cost":null,"booking_resources":null,"exclude_global_add_ons":[],"addons":[],"yoast_head":"<!-- This site is optimized with the Yoast SEO Premium plugin v24.5 (Yoast SEO v24.8) - https:\/\/yoast.com\/wordpress\/plugins\/seo\/ -->\n<title>Seguro de Reprogramaci\u00f3n \u2013 Cambi\u00e1 la fecha de tu excursi\u00f3n sin penalidades - Rafting Valle del Manso | Aventura en los R\u00edos de Bariloche<\/title>\n<meta name=\"robots\" content=\"index, follow, max-snippet:-1, max-image-preview:large, max-video-preview:-1\" \/>\n<link rel=\"canonical\" href=\"https:\/\/raftingvalledelmanso.com\/pt\/product\/o-seguro-de-reagendamento-altera-a-data-de-sua-excursao-sem-penalidades\/\" \/>\n<meta property=\"og:locale\" content=\"pt_BR\" \/>\n<meta property=\"og:type\" content=\"article\" \/>\n<meta property=\"og:title\" content=\"Seguro de Reprogramaci\u00f3n \u2013 Cambi\u00e1 la fecha de tu excursi\u00f3n sin penalidades\" \/>\n<meta property=\"og:description\" content=\"Seguro de Reprogramaci\u00f3n en Bariloche. Modific\u00e1 el d\u00eda de tu excursi\u00f3n sin cargos extra hasta 24 horas antes. Sumalo a tu compra al momento de reservar.\" \/>\n<meta property=\"og:url\" content=\"https:\/\/raftingvalledelmanso.com\/pt\/product\/o-seguro-de-reagendamento-altera-a-data-de-sua-excursao-sem-penalidades\/\" \/>\n<meta property=\"og:site_name\" content=\"Rafting Valle del Manso | Aventura en los R\u00edos de Bariloche\" \/>\n<meta property=\"article:modified_time\" content=\"2025-09-08T16:46:42+00:00\" \/>\n<meta property=\"og:image\" content=\"https:\/\/raftingvalledelmanso.com\/wp-content\/uploads\/2025\/08\/12-A-2.jpg\" \/>\n\t<meta property=\"og:image:width\" content=\"850\" \/>\n\t<meta property=\"og:image:height\" content=\"1133\" \/>\n\t<meta property=\"og:image:type\" content=\"image\/jpeg\" \/>\n<meta name=\"twitter:card\" content=\"summary_large_image\" \/>\n<meta name=\"twitter:label1\" content=\"Pre\u00e7o\" \/>\n\t<meta name=\"twitter:data1\" content=\"&#036;&nbsp;15,000.00\" \/>\n\t<meta name=\"twitter:label2\" content=\"Disponibilidade\" \/>\n\t<meta name=\"twitter:data2\" content=\"Em Estoque\" \/>\n<script type=\"application\/ld+json\" class=\"yoast-schema-graph\">{\"@context\":\"https:\/\/schema.org\",\"@graph\":[{\"@type\":[\"WebPage\",\"ItemPage\"],\"@id\":\"https:\/\/raftingvalledelmanso.com\/product\/seguro-de-reprogramacion-cambia-la-fecha-de-tu-excursion-sin-penalidades\",\"url\":\"https:\/\/raftingvalledelmanso.com\/product\/seguro-de-reprogramacion-cambia-la-fecha-de-tu-excursion-sin-penalidades\",\"name\":\"Seguro de Reprogramaci\u00f3n \u2013 Cambi\u00e1 la fecha de tu excursi\u00f3n sin penalidades - Rafting Valle del Manso | Aventura en los R\u00edos de Bariloche\",\"isPartOf\":{\"@id\":\"https:\/\/raftingvalledelmanso.com\/#website\"},\"primaryImageOfPage\":{\"@id\":\"https:\/\/raftingvalledelmanso.com\/product\/seguro-de-reprogramacion-cambia-la-fecha-de-tu-excursion-sin-penalidades#primaryimage\"},\"image\":{\"@id\":\"https:\/\/raftingvalledelmanso.com\/product\/seguro-de-reprogramacion-cambia-la-fecha-de-tu-excursion-sin-penalidades#primaryimage\"},\"thumbnailUrl\":\"https:\/\/raftingvalledelmanso.com\/wp-content\/uploads\/2025\/08\/12-A-2.jpg\",\"datePublished\":\"2025-08-18T16:29:49+00:00\",\"dateModified\":\"2025-09-08T16:46:42+00:00\",\"breadcrumb\":{\"@id\":\"https:\/\/raftingvalledelmanso.com\/product\/seguro-de-reprogramacion-cambia-la-fecha-de-tu-excursion-sin-penalidades#breadcrumb\"},\"inLanguage\":\"pt-BR\",\"potentialAction\":[{\"@type\":\"ReadAction\",\"target\":[\"https:\/\/raftingvalledelmanso.com\/product\/seguro-de-reprogramacion-cambia-la-fecha-de-tu-excursion-sin-penalidades\"]}]},{\"@type\":\"ImageObject\",\"inLanguage\":\"pt-BR\",\"@id\":\"https:\/\/raftingvalledelmanso.com\/product\/seguro-de-reprogramacion-cambia-la-fecha-de-tu-excursion-sin-penalidades#primaryimage\",\"url\":\"https:\/\/raftingvalledelmanso.com\/wp-content\/uploads\/2025\/08\/12-A-2.jpg\",\"contentUrl\":\"https:\/\/raftingvalledelmanso.com\/wp-content\/uploads\/2025\/08\/12-A-2.jpg\",\"width\":850,\"height\":1133},{\"@type\":\"BreadcrumbList\",\"@id\":\"https:\/\/raftingvalledelmanso.com\/product\/seguro-de-reprogramacion-cambia-la-fecha-de-tu-excursion-sin-penalidades#breadcrumb\",\"itemListElement\":[{\"@type\":\"ListItem\",\"position\":1,\"name\":\"Home\",\"item\":\"https:\/\/raftingvalledelmanso.com\/\"},{\"@type\":\"ListItem\",\"position\":2,\"name\":\"Shop\",\"item\":\"https:\/\/raftingvalledelmanso.com\/shop\/\"},{\"@type\":\"ListItem\",\"position\":3,\"name\":\"Seguro de Reprogramaci\u00f3n \u2013 Cambi\u00e1 la fecha de tu excursi\u00f3n sin penalidades\"}]},{\"@type\":\"WebSite\",\"@id\":\"https:\/\/raftingvalledelmanso.com\/#website\",\"url\":\"https:\/\/raftingvalledelmanso.com\/\",\"name\":\"Rafting Valle del Manso | Aventura en los R\u00edos de Bariloche\",\"description\":\"Rafting en la Patagonia Argentina: aventura, naturaleza y emoci\u00f3n en los r\u00e1pidos del Valle del Manso, cerca de Bariloche.\",\"publisher\":{\"@id\":\"https:\/\/raftingvalledelmanso.com\/#organization\"},\"potentialAction\":[{\"@type\":\"SearchAction\",\"target\":{\"@type\":\"EntryPoint\",\"urlTemplate\":\"https:\/\/raftingvalledelmanso.com\/?s={search_term_string}\"},\"query-input\":{\"@type\":\"PropertyValueSpecification\",\"valueRequired\":true,\"valueName\":\"search_term_string\"}}],\"inLanguage\":\"pt-BR\"},{\"@type\":\"Organization\",\"@id\":\"https:\/\/raftingvalledelmanso.com\/#organization\",\"name\":\"Rafting Valle del Manso | Aventura en los R\u00edos de Bariloche\",\"url\":\"https:\/\/raftingvalledelmanso.com\/\",\"logo\":{\"@type\":\"ImageObject\",\"inLanguage\":\"pt-BR\",\"@id\":\"https:\/\/raftingvalledelmanso.com\/#\/schema\/logo\/image\/\",\"url\":\"https:\/\/raftingvalledelmanso.com\/wp-content\/uploads\/2023\/08\/favicon.png\",\"contentUrl\":\"https:\/\/raftingvalledelmanso.com\/wp-content\/uploads\/2023\/08\/favicon.png\",\"width\":100,\"height\":100,\"caption\":\"Rafting Valle del Manso | Aventura en los R\u00edos de Bariloche\"},\"image\":{\"@id\":\"https:\/\/raftingvalledelmanso.com\/#\/schema\/logo\/image\/\"}}]}<\/script>\n<meta property=\"product:price:amount\" content=\"15000.00\" \/>\n<meta property=\"product:price:currency\" content=\"ARS\" \/>\n<meta property=\"og:availability\" content=\"instock\" \/>\n<meta property=\"product:availability\" content=\"instock\" \/>\n<meta property=\"product:condition\" content=\"new\" \/>\n<!-- \/ Yoast SEO Premium plugin. -->","yoast_head_json":{"title":"Seguro de Reagendamento - Altere a data de sua viagem sem penalidade - Rafting Valle del Manso | Bariloche Rivers Adventure","robots":{"index":"index","follow":"follow","max-snippet":"max-snippet:-1","max-image-preview":"max-image-preview:large","max-video-preview":"max-video-preview:-1"},"canonical":"https:\/\/raftingvalledelmanso.com\/pt\/product\/o-seguro-de-reagendamento-altera-a-data-de-sua-excursao-sem-penalidades\/","og_locale":"pt_BR","og_type":"article","og_title":"Seguro de Reprogramaci\u00f3n \u2013 Cambi\u00e1 la fecha de tu excursi\u00f3n sin penalidades","og_description":"Seguro de Reprogramaci\u00f3n en Bariloche. Modific\u00e1 el d\u00eda de tu excursi\u00f3n sin cargos extra hasta 24 horas antes. Sumalo a tu compra al momento de reservar.","og_url":"https:\/\/raftingvalledelmanso.com\/pt\/product\/o-seguro-de-reagendamento-altera-a-data-de-sua-excursao-sem-penalidades\/","og_site_name":"Rafting Valle del Manso | Aventura en los R\u00edos de Bariloche","article_modified_time":"2025-09-08T16:46:42+00:00","og_image":[{"width":850,"height":1133,"url":"https:\/\/raftingvalledelmanso.com\/wp-content\/uploads\/2025\/08\/12-A-2.jpg","type":"image\/jpeg"}],"twitter_card":"summary_large_image","twitter_misc":{"Pre\u00e7o":"&#36;&nbsp;15,000.00","Disponibilidade":"Em Estoque"},"schema":{"@context":"https:\/\/schema.org","@graph":[{"@type":["WebPage","ItemPage"],"@id":"https:\/\/raftingvalledelmanso.com\/product\/seguro-de-reprogramacion-cambia-la-fecha-de-tu-excursion-sin-penalidades","url":"https:\/\/raftingvalledelmanso.com\/product\/seguro-de-reprogramacion-cambia-la-fecha-de-tu-excursion-sin-penalidades","name":"Seguro de Reagendamento - Altere a data de sua viagem sem penalidade - Rafting Valle del Manso | Bariloche Rivers Adventure","isPartOf":{"@id":"https:\/\/raftingvalledelmanso.com\/#website"},"primaryImageOfPage":{"@id":"https:\/\/raftingvalledelmanso.com\/product\/seguro-de-reprogramacion-cambia-la-fecha-de-tu-excursion-sin-penalidades#primaryimage"},"image":{"@id":"https:\/\/raftingvalledelmanso.com\/product\/seguro-de-reprogramacion-cambia-la-fecha-de-tu-excursion-sin-penalidades#primaryimage"},"thumbnailUrl":"https:\/\/raftingvalledelmanso.com\/wp-content\/uploads\/2025\/08\/12-A-2.jpg","datePublished":"2025-08-18T16:29:49+00:00","dateModified":"2025-09-08T16:46:42+00:00","breadcrumb":{"@id":"https:\/\/raftingvalledelmanso.com\/product\/seguro-de-reprogramacion-cambia-la-fecha-de-tu-excursion-sin-penalidades#breadcrumb"},"inLanguage":"pt-BR","potentialAction":[{"@type":"ReadAction","target":["https:\/\/raftingvalledelmanso.com\/product\/seguro-de-reprogramacion-cambia-la-fecha-de-tu-excursion-sin-penalidades"]}]},{"@type":"ImageObject","inLanguage":"pt-BR","@id":"https:\/\/raftingvalledelmanso.com\/product\/seguro-de-reprogramacion-cambia-la-fecha-de-tu-excursion-sin-penalidades#primaryimage","url":"https:\/\/raftingvalledelmanso.com\/wp-content\/uploads\/2025\/08\/12-A-2.jpg","contentUrl":"https:\/\/raftingvalledelmanso.com\/wp-content\/uploads\/2025\/08\/12-A-2.jpg","width":850,"height":1133},{"@type":"BreadcrumbList","@id":"https:\/\/raftingvalledelmanso.com\/product\/seguro-de-reprogramacion-cambia-la-fecha-de-tu-excursion-sin-penalidades#breadcrumb","itemListElement":[{"@type":"ListItem","position":1,"name":"Home","item":"https:\/\/raftingvalledelmanso.com\/"},{"@type":"ListItem","position":2,"name":"Shop","item":"https:\/\/raftingvalledelmanso.com\/shop\/"},{"@type":"ListItem","position":3,"name":"Seguro de Reprogramaci\u00f3n \u2013 Cambi\u00e1 la fecha de tu excursi\u00f3n sin penalidades"}]},{"@type":"WebSite","@id":"https:\/\/raftingvalledelmanso.com\/#website","url":"https:\/\/raftingvalledelmanso.com\/","name":"Rafting Valle del Manso | Bariloche Rivers Adventure","description":"Rafting na Patag\u00f4nia Argentina: aventura, natureza e emo\u00e7\u00e3o nas corredeiras do Vale do Manso, perto de Bariloche.","publisher":{"@id":"https:\/\/raftingvalledelmanso.com\/#organization"},"potentialAction":[{"@type":"SearchAction","target":{"@type":"EntryPoint","urlTemplate":"https:\/\/raftingvalledelmanso.com\/?s={search_term_string}"},"query-input":{"@type":"PropertyValueSpecification","valueRequired":true,"valueName":"search_term_string"}}],"inLanguage":"pt-BR"},{"@type":"Organization","@id":"https:\/\/raftingvalledelmanso.com\/#organization","name":"Rafting Valle del Manso | Bariloche Rivers Adventure","url":"https:\/\/raftingvalledelmanso.com\/","logo":{"@type":"ImageObject","inLanguage":"pt-BR","@id":"https:\/\/raftingvalledelmanso.com\/#\/schema\/logo\/image\/","url":"https:\/\/raftingvalledelmanso.com\/wp-content\/uploads\/2023\/08\/favicon.png","contentUrl":"https:\/\/raftingvalledelmanso.com\/wp-content\/uploads\/2023\/08\/favicon.png","width":100,"height":100,"caption":"Rafting Valle del Manso | Aventura en los R\u00edos de Bariloche"},"image":{"@id":"https:\/\/raftingvalledelmanso.com\/#\/schema\/logo\/image\/"}}]},"product_price_amount":"15000.00","product_price_currency":"ARS","og_availability":"instock","product_availability":"instock","product_condition":"new"},"_links":{"self":[{"href":"https:\/\/raftingvalledelmanso.com\/pt\/wp-json\/wp\/v2\/product\/73181","targetHints":{"allow":["GET"]}}],"collection":[{"href":"https:\/\/raftingvalledelmanso.com\/pt\/wp-json\/wp\/v2\/product"}],"about":[{"href":"https:\/\/raftingvalledelmanso.com\/pt\/wp-json\/wp\/v2\/types\/product"}],"replies":[{"embeddable":true,"href":"https:\/\/raftingvalledelmanso.com\/pt\/wp-json\/wp\/v2\/comments?post=73181"}],"wp:featuredmedia":[{"embeddable":true,"href":"https:\/\/raftingvalledelmanso.com\/pt\/wp-json\/wp\/v2\/media\/73415"}],"wp:attachment":[{"href":"https:\/\/raftingvalledelmanso.com\/pt\/wp-json\/wp\/v2\/media?parent=73181"}],"wp:term":[{"taxonomy":"product_brand","embeddable":true,"href":"https:\/\/raftingvalledelmanso.com\/pt\/wp-json\/wp\/v2\/product_brand?post=73181"},{"taxonomy":"product_cat","embeddable":true,"href":"https:\/\/raftingvalledelmanso.com\/pt\/wp-json\/wp\/v2\/product_cat?post=73181"},{"taxonomy":"product_tag","embeddable":true,"href":"https:\/\/raftingvalledelmanso.com\/pt\/wp-json\/wp\/v2\/product_tag?post=73181"}],"curies":[{"name":"wp","href":"https:\/\/api.w.org\/{rel}","templated":true}]}}