{"id":73187,"date":"2025-08-18T13:31:47","date_gmt":"2025-08-18T16:31:47","guid":{"rendered":"https:\/\/raftingvalledelmanso.com\/product\/el-bolson-y-lago-puelo-ruta-escenica-cultura-artesanal-y-naturaleza-viva"},"modified":"2026-04-09T09:21:12","modified_gmt":"2026-04-09T12:21:12","slug":"bolson-y-lago-puelo","status":"publish","type":"product","link":"https:\/\/raftingvalledelmanso.com\/pt\/product\/bolson-e-lago-puelo\/","title":{"rendered":"El Bols\u00f3n e Lago Puelo: rota c\u00eanica, cultura artesanal e natureza viva"},"content":{"rendered":"<h2>Descubra a magia de Bols\u00f3n e do Lago Puelo<\/h2>\n<p>Mergulhe em um tipo diferente de aventura que come\u00e7a na pitoresca cidade de San Carlos de Bariloche, sem d\u00favida um dos para\u00edsos mais cativantes da Patag\u00f4nia. Ao pegar a m\u00edtica Rota Nacional 40, paisagens deslumbrantes o aguardam: os lagos Guti\u00e9rrez, Mascardi e Guillelmo se desdobram diante de seus olhos. Cada trecho da estrada oferece cart\u00f5es postais inesquec\u00edveis e uma conex\u00e3o aut\u00eantica com a natureza patag\u00f4nica.<\/p>\n<h3>El Bols\u00f3n: arte e paisagens \u00fanicas<\/h3>\n<p><strong>El Bols\u00f3n<\/strong> \u00e9 conhecida por seu microclima ideal para o cultivo de bagas e l\u00fapulos selecionados, essenciais para cervejas de butique. L\u00e1, a ic\u00f4nica <strong>Feira de artesanato<\/strong>, onde a criatividade local o surpreender\u00e1. Conhe\u00e7a de perto o talento dos artes\u00e3os, que moldam pe\u00e7as exclusivas em metal, cer\u00e2mica e tecidos andinos, em um ambiente acolhedor e inspirador.<\/p>\n<h3>Surpresas no Parque Nacional Lago Puelo<\/h3>\n<p>A parada no <strong>Parque Nacional Lago Puelo<\/strong> convida voc\u00ea a descobrir \u00e1guas azul-turquesa e vistas panor\u00e2micas inigual\u00e1veis. A apenas 26 km de El Bols\u00f3n, esse santu\u00e1rio natural delimita R\u00edo Negro e Chubut. Encerre o dia com uma viagem de volta que oferece um p\u00f4r do sol de cart\u00e3o-postal sobre picos e espelhos d'\u00e1gua, uma lembran\u00e7a que voc\u00ea vai querer reviver v\u00e1rias vezes.<\/p>\n<h2>Detalhes da experi\u00eancia<\/h2>\n<ul>\n<li><strong>Rota:<\/strong> Dirija pelo Parque Nacional Nahuel Huapi, visitando El Bols\u00f3n e o Lago Puelo.<\/li>\n<li><strong>Hor\u00e1rio:<\/strong> Das 8h30 \u00e0s 18h30, aproximadamente.<\/li>\n<li><strong>Ele inclui:<\/strong> Traslados, acompanhamento de guia (guia que fala ingl\u00eas ou op\u00e7\u00e3o bil\u00edngue por uma taxa adicional).<\/li>\n<li><strong>N\u00e3o inclu\u00eddo:<\/strong> Almo\u00e7o durante a excurs\u00e3o e taxas de entrada em \u00e1reas nacionais protegidas.<\/li>\n<\/ul>\n<h2>Perguntas frequentes (FAQ)<\/h2>\n<h3>A excurs\u00e3o ser\u00e1 cancelada devido ao mau tempo?<\/h3>\n<p>N\u00e3o, ele sai todos os dias, independentemente de chuva ou neve. Lembre-se de que o clima da Patag\u00f4nia \u00e9 mut\u00e1vel e surpreendente.<\/p>\n<h3>Qual \u00e9 o custo para acessar o parque nacional?<\/h3>\n<p>A taxa de entrada para o Parque Nacional Lago Puelo \u00e9 paga separadamente da excurs\u00e3o e \u00e9 paga diretamente na entrada do parque.<\/p>","protected":false},"excerpt":{"rendered":"<p>Experimente uma viagem incompar\u00e1vel de Bariloche at\u00e9 o pitoresco Bols\u00f3n e o encantador Lago Puelo. Desfrute de vistas de tirar o f\u00f4lego, artesanato regional e o aut\u00eantico esp\u00edrito patag\u00f4nico em uma proposta criada especialmente para voc\u00ea.<\/p>","protected":false},"featured_media":73420,"comment_status":"open","ping_status":"closed","template":"","meta":[],"product_brand":[],"product_cat":[30,34,35,41,46,49,51],"product_tag":[],"class_list":{"0":"post-73187","1":"product","2":"type-product","3":"status-publish","4":"has-post-thumbnail","6":"product_cat-adultos","7":"product_cat-con-traslado","8":"product_cat-familia","9":"product_cat-ninos","10":"product_cat-sin-comida","11":"product_cat-terrestre","12":"product_cat-todo-el-ano","14":"first","15":"instock","16":"virtual","17":"sold-individually","18":"purchasable","19":"product-type-booking"},"booking_location":"","booking_location_type":"","booking_duration":1,"booking_duration_unit":"hour","booking_buffer":0,"booking_cost":0,"booking_resources":[],"exclude_global_add_ons":false,"addons":[{"name":"STD: Passageiros","type":"input_multiplier","position":0,"required":false,"title_format":"label","default":"","description_enable":false,"description":"","placeholder_enable":false,"placeholder":"","display":"select","restrictions_type":"any_text","adjust_price":true,"price":"59400","price_type":"flat_fee","restrictions":false,"min":"0","max":"0","options":[],"id":1773237174}],"yoast_head":"<!-- This site is optimized with the Yoast SEO Premium plugin v24.5 (Yoast SEO v24.8) - https:\/\/yoast.com\/wordpress\/plugins\/seo\/ -->\n<title>El Bols\u00f3n y Lago Puelo: ruta esc\u00e9nica, cultura artesanal y naturaleza viva - Rafting Valle del Manso | Aventura en los R\u00edos de Bariloche<\/title>\n<meta name=\"robots\" content=\"index, follow, max-snippet:-1, max-image-preview:large, max-video-preview:-1\" \/>\n<link rel=\"canonical\" href=\"https:\/\/raftingvalledelmanso.com\/pt\/product\/bolson-e-lago-puelo\/\" \/>\n<meta property=\"og:locale\" content=\"pt_BR\" \/>\n<meta property=\"og:type\" content=\"article\" \/>\n<meta property=\"og:title\" content=\"El Bols\u00f3n y Lago Puelo: ruta esc\u00e9nica, cultura artesanal y naturaleza viva\" \/>\n<meta property=\"og:description\" content=\"Viv\u00ed una traves\u00eda incomparable desde Bariloche hacia el pintoresco Bols\u00f3n y el encantador Lago Puelo. Disfrut\u00e1 de vistas imponentes, artesan\u00edas regionales y el aut\u00e9ntico esp\u00edritu patag\u00f3nico en una propuesta dise\u00f1ada especialmente para vos.\" \/>\n<meta property=\"og:url\" content=\"https:\/\/raftingvalledelmanso.com\/pt\/product\/bolson-e-lago-puelo\/\" \/>\n<meta property=\"og:site_name\" content=\"Rafting Valle del Manso | Aventura en los R\u00edos de Bariloche\" \/>\n<meta property=\"article:modified_time\" content=\"2026-04-09T12:21:12+00:00\" \/>\n<meta property=\"og:image\" content=\"https:\/\/raftingvalledelmanso.com\/wp-content\/uploads\/2025\/08\/12-A-000_0d5748-copia.jpg\" \/>\n\t<meta property=\"og:image:width\" content=\"850\" \/>\n\t<meta property=\"og:image:height\" content=\"1133\" \/>\n\t<meta property=\"og:image:type\" content=\"image\/jpeg\" \/>\n<meta name=\"twitter:card\" content=\"summary_large_image\" \/>\n<meta name=\"twitter:label1\" content=\"Pre\u00e7o\" \/>\n\t<meta name=\"twitter:data1\" content=\"&#036;&nbsp;59,400.00\" \/>\n\t<meta name=\"twitter:label2\" content=\"Disponibilidade\" \/>\n\t<meta name=\"twitter:data2\" content=\"Em Estoque\" \/>\n<script type=\"application\/ld+json\" class=\"yoast-schema-graph\">{\"@context\":\"https:\/\/schema.org\",\"@graph\":[{\"@type\":[\"WebPage\",\"ItemPage\"],\"@id\":\"https:\/\/raftingvalledelmanso.com\/product\/bolson-y-lago-puelo\",\"url\":\"https:\/\/raftingvalledelmanso.com\/product\/bolson-y-lago-puelo\",\"name\":\"El Bols\u00f3n y Lago Puelo: ruta esc\u00e9nica, cultura artesanal y naturaleza viva - Rafting Valle del Manso | Aventura en los R\u00edos de Bariloche\",\"isPartOf\":{\"@id\":\"https:\/\/raftingvalledelmanso.com\/#website\"},\"primaryImageOfPage\":{\"@id\":\"https:\/\/raftingvalledelmanso.com\/product\/bolson-y-lago-puelo#primaryimage\"},\"image\":{\"@id\":\"https:\/\/raftingvalledelmanso.com\/product\/bolson-y-lago-puelo#primaryimage\"},\"thumbnailUrl\":\"https:\/\/raftingvalledelmanso.com\/wp-content\/uploads\/2025\/08\/12-A-000_0d5748-copia.jpg\",\"datePublished\":\"2025-08-18T16:31:47+00:00\",\"dateModified\":\"2026-04-09T12:21:12+00:00\",\"breadcrumb\":{\"@id\":\"https:\/\/raftingvalledelmanso.com\/product\/bolson-y-lago-puelo#breadcrumb\"},\"inLanguage\":\"pt-BR\",\"potentialAction\":[{\"@type\":\"ReadAction\",\"target\":[\"https:\/\/raftingvalledelmanso.com\/product\/bolson-y-lago-puelo\"]}]},{\"@type\":\"ImageObject\",\"inLanguage\":\"pt-BR\",\"@id\":\"https:\/\/raftingvalledelmanso.com\/product\/bolson-y-lago-puelo#primaryimage\",\"url\":\"https:\/\/raftingvalledelmanso.com\/wp-content\/uploads\/2025\/08\/12-A-000_0d5748-copia.jpg\",\"contentUrl\":\"https:\/\/raftingvalledelmanso.com\/wp-content\/uploads\/2025\/08\/12-A-000_0d5748-copia.jpg\",\"width\":850,\"height\":1133},{\"@type\":\"BreadcrumbList\",\"@id\":\"https:\/\/raftingvalledelmanso.com\/product\/bolson-y-lago-puelo#breadcrumb\",\"itemListElement\":[{\"@type\":\"ListItem\",\"position\":1,\"name\":\"Home\",\"item\":\"https:\/\/raftingvalledelmanso.com\/\"},{\"@type\":\"ListItem\",\"position\":2,\"name\":\"Shop\",\"item\":\"https:\/\/raftingvalledelmanso.com\/shop\/\"},{\"@type\":\"ListItem\",\"position\":3,\"name\":\"El Bols\u00f3n y Lago Puelo: ruta esc\u00e9nica, cultura artesanal y naturaleza viva\"}]},{\"@type\":\"WebSite\",\"@id\":\"https:\/\/raftingvalledelmanso.com\/#website\",\"url\":\"https:\/\/raftingvalledelmanso.com\/\",\"name\":\"Rafting Valle del Manso | Aventura en los R\u00edos de Bariloche\",\"description\":\"Rafting en la Patagonia Argentina: aventura, naturaleza y emoci\u00f3n en los r\u00e1pidos del Valle del Manso, cerca de Bariloche.\",\"publisher\":{\"@id\":\"https:\/\/raftingvalledelmanso.com\/#organization\"},\"potentialAction\":[{\"@type\":\"SearchAction\",\"target\":{\"@type\":\"EntryPoint\",\"urlTemplate\":\"https:\/\/raftingvalledelmanso.com\/?s={search_term_string}\"},\"query-input\":{\"@type\":\"PropertyValueSpecification\",\"valueRequired\":true,\"valueName\":\"search_term_string\"}}],\"inLanguage\":\"pt-BR\"},{\"@type\":\"Organization\",\"@id\":\"https:\/\/raftingvalledelmanso.com\/#organization\",\"name\":\"Rafting Valle del Manso | Aventura en los R\u00edos de Bariloche\",\"url\":\"https:\/\/raftingvalledelmanso.com\/\",\"logo\":{\"@type\":\"ImageObject\",\"inLanguage\":\"pt-BR\",\"@id\":\"https:\/\/raftingvalledelmanso.com\/#\/schema\/logo\/image\/\",\"url\":\"https:\/\/raftingvalledelmanso.com\/wp-content\/uploads\/2023\/08\/favicon.png\",\"contentUrl\":\"https:\/\/raftingvalledelmanso.com\/wp-content\/uploads\/2023\/08\/favicon.png\",\"width\":100,\"height\":100,\"caption\":\"Rafting Valle del Manso | Aventura en los R\u00edos de Bariloche\"},\"image\":{\"@id\":\"https:\/\/raftingvalledelmanso.com\/#\/schema\/logo\/image\/\"}}]}<\/script>\n<meta property=\"product:price:amount\" content=\"59400.00\" \/>\n<meta property=\"product:price:currency\" content=\"ARS\" \/>\n<meta property=\"og:availability\" content=\"instock\" \/>\n<meta property=\"product:availability\" content=\"instock\" \/>\n<meta property=\"product:retailer_item_id\" content=\"ADV2025BOYLAPYFHS\" \/>\n<meta property=\"product:condition\" content=\"new\" \/>\n<!-- \/ Yoast SEO Premium plugin. -->","yoast_head_json":{"title":"El Bols\u00f3n e Lago Puelo: rota c\u00eanica, cultura artesanal e natureza viva - Rafting Valle del Manso | Bariloche River Adventure","robots":{"index":"index","follow":"follow","max-snippet":"max-snippet:-1","max-image-preview":"max-image-preview:large","max-video-preview":"max-video-preview:-1"},"canonical":"https:\/\/raftingvalledelmanso.com\/pt\/product\/bolson-e-lago-puelo\/","og_locale":"pt_BR","og_type":"article","og_title":"El Bols\u00f3n y Lago Puelo: ruta esc\u00e9nica, cultura artesanal y naturaleza viva","og_description":"Viv\u00ed una traves\u00eda incomparable desde Bariloche hacia el pintoresco Bols\u00f3n y el encantador Lago Puelo. Disfrut\u00e1 de vistas imponentes, artesan\u00edas regionales y el aut\u00e9ntico esp\u00edritu patag\u00f3nico en una propuesta dise\u00f1ada especialmente para vos.","og_url":"https:\/\/raftingvalledelmanso.com\/pt\/product\/bolson-e-lago-puelo\/","og_site_name":"Rafting Valle del Manso | Aventura en los R\u00edos de Bariloche","article_modified_time":"2026-04-09T12:21:12+00:00","og_image":[{"width":850,"height":1133,"url":"https:\/\/raftingvalledelmanso.com\/wp-content\/uploads\/2025\/08\/12-A-000_0d5748-copia.jpg","type":"image\/jpeg"}],"twitter_card":"summary_large_image","twitter_misc":{"Pre\u00e7o":"&#36;&nbsp;59,400.00","Disponibilidade":"Em Estoque"},"schema":{"@context":"https:\/\/schema.org","@graph":[{"@type":["WebPage","ItemPage"],"@id":"https:\/\/raftingvalledelmanso.com\/product\/bolson-y-lago-puelo","url":"https:\/\/raftingvalledelmanso.com\/product\/bolson-y-lago-puelo","name":"El Bols\u00f3n e Lago Puelo: rota c\u00eanica, cultura artesanal e natureza viva - Rafting Valle del Manso | Bariloche River Adventure","isPartOf":{"@id":"https:\/\/raftingvalledelmanso.com\/#website"},"primaryImageOfPage":{"@id":"https:\/\/raftingvalledelmanso.com\/product\/bolson-y-lago-puelo#primaryimage"},"image":{"@id":"https:\/\/raftingvalledelmanso.com\/product\/bolson-y-lago-puelo#primaryimage"},"thumbnailUrl":"https:\/\/raftingvalledelmanso.com\/wp-content\/uploads\/2025\/08\/12-A-000_0d5748-copia.jpg","datePublished":"2025-08-18T16:31:47+00:00","dateModified":"2026-04-09T12:21:12+00:00","breadcrumb":{"@id":"https:\/\/raftingvalledelmanso.com\/product\/bolson-y-lago-puelo#breadcrumb"},"inLanguage":"pt-BR","potentialAction":[{"@type":"ReadAction","target":["https:\/\/raftingvalledelmanso.com\/product\/bolson-y-lago-puelo"]}]},{"@type":"ImageObject","inLanguage":"pt-BR","@id":"https:\/\/raftingvalledelmanso.com\/product\/bolson-y-lago-puelo#primaryimage","url":"https:\/\/raftingvalledelmanso.com\/wp-content\/uploads\/2025\/08\/12-A-000_0d5748-copia.jpg","contentUrl":"https:\/\/raftingvalledelmanso.com\/wp-content\/uploads\/2025\/08\/12-A-000_0d5748-copia.jpg","width":850,"height":1133},{"@type":"BreadcrumbList","@id":"https:\/\/raftingvalledelmanso.com\/product\/bolson-y-lago-puelo#breadcrumb","itemListElement":[{"@type":"ListItem","position":1,"name":"Home","item":"https:\/\/raftingvalledelmanso.com\/"},{"@type":"ListItem","position":2,"name":"Shop","item":"https:\/\/raftingvalledelmanso.com\/shop\/"},{"@type":"ListItem","position":3,"name":"El Bols\u00f3n y Lago Puelo: ruta esc\u00e9nica, cultura artesanal y naturaleza viva"}]},{"@type":"WebSite","@id":"https:\/\/raftingvalledelmanso.com\/#website","url":"https:\/\/raftingvalledelmanso.com\/","name":"Rafting Valle del Manso | Bariloche Rivers Adventure","description":"Rafting na Patag\u00f4nia Argentina: aventura, natureza e emo\u00e7\u00e3o nas corredeiras do Vale do Manso, perto de Bariloche.","publisher":{"@id":"https:\/\/raftingvalledelmanso.com\/#organization"},"potentialAction":[{"@type":"SearchAction","target":{"@type":"EntryPoint","urlTemplate":"https:\/\/raftingvalledelmanso.com\/?s={search_term_string}"},"query-input":{"@type":"PropertyValueSpecification","valueRequired":true,"valueName":"search_term_string"}}],"inLanguage":"pt-BR"},{"@type":"Organization","@id":"https:\/\/raftingvalledelmanso.com\/#organization","name":"Rafting Valle del Manso | Bariloche Rivers Adventure","url":"https:\/\/raftingvalledelmanso.com\/","logo":{"@type":"ImageObject","inLanguage":"pt-BR","@id":"https:\/\/raftingvalledelmanso.com\/#\/schema\/logo\/image\/","url":"https:\/\/raftingvalledelmanso.com\/wp-content\/uploads\/2023\/08\/favicon.png","contentUrl":"https:\/\/raftingvalledelmanso.com\/wp-content\/uploads\/2023\/08\/favicon.png","width":100,"height":100,"caption":"Rafting Valle del Manso | Aventura en los R\u00edos de Bariloche"},"image":{"@id":"https:\/\/raftingvalledelmanso.com\/#\/schema\/logo\/image\/"}}]},"product_price_amount":"59400.00","product_price_currency":"ARS","og_availability":"instock","product_availability":"instock","product_retailer_item_id":"ADV2025BOYLAPYFHS","product_condition":"new"},"_links":{"self":[{"href":"https:\/\/raftingvalledelmanso.com\/pt\/wp-json\/wp\/v2\/product\/73187","targetHints":{"allow":["GET"]}}],"collection":[{"href":"https:\/\/raftingvalledelmanso.com\/pt\/wp-json\/wp\/v2\/product"}],"about":[{"href":"https:\/\/raftingvalledelmanso.com\/pt\/wp-json\/wp\/v2\/types\/product"}],"replies":[{"embeddable":true,"href":"https:\/\/raftingvalledelmanso.com\/pt\/wp-json\/wp\/v2\/comments?post=73187"}],"wp:featuredmedia":[{"embeddable":true,"href":"https:\/\/raftingvalledelmanso.com\/pt\/wp-json\/wp\/v2\/media\/73420"}],"wp:attachment":[{"href":"https:\/\/raftingvalledelmanso.com\/pt\/wp-json\/wp\/v2\/media?parent=73187"}],"wp:term":[{"taxonomy":"product_brand","embeddable":true,"href":"https:\/\/raftingvalledelmanso.com\/pt\/wp-json\/wp\/v2\/product_brand?post=73187"},{"taxonomy":"product_cat","embeddable":true,"href":"https:\/\/raftingvalledelmanso.com\/pt\/wp-json\/wp\/v2\/product_cat?post=73187"},{"taxonomy":"product_tag","embeddable":true,"href":"https:\/\/raftingvalledelmanso.com\/pt\/wp-json\/wp\/v2\/product_tag?post=73187"}],"curies":[{"name":"wp","href":"https:\/\/api.w.org\/{rel}","templated":true}]}}