{"id":73193,"date":"2025-08-18T13:34:24","date_gmt":"2025-08-18T16:34:24","guid":{"rendered":"https:\/\/raftingvalledelmanso.com\/product\/rafting-al-limite-con-chile-con-traslado"},"modified":"2026-04-28T10:39:37","modified_gmt":"2026-04-28T13:39:37","slug":"rafting-al-limite-con-chile-con-traslado","status":"publish","type":"product","link":"https:\/\/raftingvalledelmanso.com\/pt\/product\/rafting-ate-a-fronteira-do-chile-com-traslado\/","title":{"rendered":"Rafting at\u00e9 a fronteira com o Chile com traslado"},"content":{"rendered":"<h2>Experimente o Rafting mais vibrante do Rio Manso<\/h2>\n<p>Eu senti a <strong>adrenalina genu\u00edna do rafting<\/strong> ao longo do imponente Rio Manso, uma \u00e1rea repleta de <strong>natureza deslumbrante<\/strong> e aventura. Atravesse corredeiras de n\u00edvel 3 e 4 e chegue at\u00e9 o <strong>linha de fronteira com o Chile<\/strong>, A expedi\u00e7\u00e3o combina emo\u00e7\u00e3o, paisagens de sonho e desafios inesquec\u00edveis.<\/p>\n<h3>Plano de atividades<\/h3>\n<ul>\n<li><strong>Hor\u00e1rio de partida:<\/strong> O dia come\u00e7a \u00e0s 8:00 horas no centro de San Carlos de Bariloche, portanto, n\u00e3o durma!<\/li>\n<li><strong>Equipamento completo:<\/strong> Nossos guias especializados o preparar\u00e3o com roupas de neoprene, capacete e colete salva-vidas para que voc\u00ea possa aproveitar ao m\u00e1ximo sua viagem.<\/li>\n<li><strong>Tempo na \u00e1gua:<\/strong> Voc\u00ea enfrentar\u00e1 o rio e suas corredeiras por 11 km, em uma travessia intensa de aproximadamente duas horas.<\/li>\n<li><strong>Menu p\u00f3s-aventura:<\/strong> Ap\u00f3s o rafting, voc\u00ea pode escolher, por um custo extra, entre um churrasco argentino ou um mix de saladas frescas.<\/li>\n<li><strong>Assist\u00eancia permanente:<\/strong> Os caiaqueiros de apoio o acompanham a cada passo do caminho para que voc\u00ea s\u00f3 tenha que se preocupar em se divertir.<\/li>\n<\/ul>\n<h3>Informa\u00e7\u00f5es essenciais<\/h3>\n<ul>\n<li><strong>O que levar?<\/strong> \u00c9 essencial levar uma toalha e uma muda de roupa.<\/li>\n<li><strong>Limite de idade:<\/strong> A proposta foi elaborada para pessoas com mais de 14 anos de idade.<\/li>\n<\/ul>\n<h3>Hor\u00e1rios<\/h3>\n<p>O passeio come\u00e7a em <strong>8:00<\/strong> e termina em torno de <strong>18:00<\/strong> horas.<\/p>\n<h3>Inclui<\/h3>\n<ul>\n<li>Passeio integral de rafting.<\/li>\n<li>Todo o equipamento necess\u00e1rio: neoprene, colete salva-vidas, corta-vento, botas de neoprene, remos e capacetes.<\/li>\n<\/ul>\n<h3>Perguntas frequentes<\/h3>\n<h4>Ele pode ser acessado de forma independente?<\/h4>\n<p>Se preferir ir de carro, voc\u00ea deve estar em nossa parada de excurs\u00e3o de rafting na Base Villegas Ruta 83 Km 1. <a class=\"theme markdown__link\" href=\"https:\/\/maps.app.goo.gl\/NqbsUN6VB5Fnt7hVA\" target=\"_blank\" rel=\"noopener noreferrer\">https:\/\/maps.app.goo.gl\/NqbsUN6VB5Fnt7hVA<\/a> este \u00e9 o link para a localiza\u00e7\u00e3o do parador.<\/p>\n<h4>\u00c9 poss\u00edvel levar acompanhantes que n\u00e3o estejam trabalhando?<\/h4>\n<p>\u00c9 claro! Os acompanhantes que desejam relaxar \u00e0 beira do rio pagam apenas o <strong>50%<\/strong> do valor e n\u00e3o precisam entrar na onda.<\/p>\n<p><strong>Aviso importante<\/strong>Esse passeio est\u00e1 dispon\u00edvel no momento e tem sa\u00eddas at\u00e9 30 de abril, de acordo com o calend\u00e1rio operacional.<\/p>","protected":false},"excerpt":{"rendered":"<p>Eu vivi uma <strong>experi\u00eancia \u00fanica de rafting<\/strong> na fronteira com o Chile. Encare as emocionantes corredeiras do <strong>Rio Manso <\/strong>com todos os equipamentos inclu\u00eddos e o apoio de guias profissionais de caiaque. Ideal para quem quer mergulhar na natureza.<\/p>","protected":false},"featured_media":73439,"comment_status":"open","ping_status":"closed","template":"","meta":[],"product_brand":[],"product_cat":[30,32,34,35,44,46,52],"product_tag":[],"class_list":{"0":"post-73193","1":"product","2":"type-product","3":"status-publish","4":"has-post-thumbnail","6":"product_cat-adultos","7":"product_cat-aventura","8":"product_cat-con-traslado","9":"product_cat-familia","10":"product_cat-primavera","11":"product_cat-sin-comida","12":"product_cat-verano","14":"first","15":"instock","16":"virtual","17":"sold-individually","18":"purchasable","19":"product-type-booking"},"booking_location":"","booking_location_type":"","booking_duration":1,"booking_duration_unit":"hour","booking_buffer":0,"booking_cost":0,"booking_resources":[],"exclude_global_add_ons":false,"addons":[{"name":"ADU | Adulto","type":"input_multiplier","position":0,"required":false,"title_format":"label","default":"","description_enable":false,"description":"","placeholder_enable":false,"placeholder":"","display":"select","restrictions_type":"any_text","adjust_price":true,"price":"155400","price_type":"quantity_based","restrictions":false,"min":"0","max":"0","options":[],"id":1773236614},{"name":"EXTRA: acompanhante","type":"input_multiplier","position":1,"required":false,"title_format":"label","default":"","description_enable":false,"description":"","placeholder_enable":false,"placeholder":"","display":"select","restrictions_type":"any_text","adjust_price":true,"price":"77700","price_type":"quantity_based","restrictions":false,"min":"0","max":"0","options":[],"id":1773236615},{"name":"MEN1418 | de 14 a 18","type":"input_multiplier","position":2,"required":false,"title_format":"label","default":"","description_enable":false,"description":"","placeholder_enable":false,"placeholder":"","display":"select","restrictions_type":"any_text","adjust_price":true,"price":"155400","price_type":"quantity_based","restrictions":false,"min":"0","max":"0","options":[],"id":1773236616}],"yoast_head":"<!-- This site is optimized with the Yoast SEO Premium plugin v24.5 (Yoast SEO v24.8) - https:\/\/yoast.com\/wordpress\/plugins\/seo\/ -->\n<title>Rafting al l\u00edmite con Chile con traslado - Rafting Valle del Manso | Aventura en los R\u00edos de Bariloche<\/title>\n<meta name=\"description\" content=\"Viv\u00ed la experiencia de rafting en Bariloche hasta la frontera con Chile. R\u00e1pidos grado III y IV, gu\u00edas expertos y pura adrenalina en la Patagonia.\" \/>\n<meta name=\"robots\" content=\"index, follow, max-snippet:-1, max-image-preview:large, max-video-preview:-1\" \/>\n<link rel=\"canonical\" href=\"https:\/\/raftingvalledelmanso.com\/pt\/product\/rafting-ate-a-fronteira-do-chile-com-traslado\/\" \/>\n<meta property=\"og:locale\" content=\"pt_BR\" \/>\n<meta property=\"og:type\" content=\"article\" \/>\n<meta property=\"og:title\" content=\"Rafting al l\u00edmite con Chile con traslado\" \/>\n<meta property=\"og:description\" content=\"Viv\u00ed la experiencia de rafting en Bariloche hasta la frontera con Chile. R\u00e1pidos grado III y IV, gu\u00edas expertos y pura adrenalina en la Patagonia.\" \/>\n<meta property=\"og:url\" content=\"https:\/\/raftingvalledelmanso.com\/pt\/product\/rafting-ate-a-fronteira-do-chile-com-traslado\/\" \/>\n<meta property=\"og:site_name\" content=\"Rafting Valle del Manso | Aventura en los R\u00edos de Bariloche\" \/>\n<meta property=\"article:modified_time\" content=\"2026-04-28T13:39:37+00:00\" \/>\n<meta property=\"og:image\" content=\"https:\/\/raftingvalledelmanso.com\/wp-content\/uploads\/2025\/08\/12-A-el-rafting-es-un-deporte-Pica.jpg\" \/>\n\t<meta property=\"og:image:width\" content=\"850\" \/>\n\t<meta property=\"og:image:height\" content=\"1133\" \/>\n\t<meta property=\"og:image:type\" content=\"image\/jpeg\" \/>\n<meta name=\"twitter:card\" content=\"summary_large_image\" \/>\n<meta name=\"twitter:label1\" content=\"Pre\u00e7o\" \/>\n\t<meta name=\"twitter:data1\" content=\"&#036;&nbsp;155,400.00\" \/>\n\t<meta name=\"twitter:label2\" content=\"Disponibilidade\" \/>\n\t<meta name=\"twitter:data2\" content=\"Em Estoque\" \/>\n<script type=\"application\/ld+json\" class=\"yoast-schema-graph\">{\"@context\":\"https:\/\/schema.org\",\"@graph\":[{\"@type\":[\"WebPage\",\"ItemPage\"],\"@id\":\"https:\/\/raftingvalledelmanso.com\/product\/rafting-al-limite-con-chile-con-traslado\/\",\"url\":\"https:\/\/raftingvalledelmanso.com\/product\/rafting-al-limite-con-chile-con-traslado\/\",\"name\":\"Rafting al l\u00edmite con Chile con traslado - Rafting Valle del Manso | Aventura en los R\u00edos de Bariloche\",\"isPartOf\":{\"@id\":\"https:\/\/raftingvalledelmanso.com\/#website\"},\"primaryImageOfPage\":{\"@id\":\"https:\/\/raftingvalledelmanso.com\/product\/rafting-al-limite-con-chile-con-traslado\/#primaryimage\"},\"image\":{\"@id\":\"https:\/\/raftingvalledelmanso.com\/product\/rafting-al-limite-con-chile-con-traslado\/#primaryimage\"},\"thumbnailUrl\":\"https:\/\/raftingvalledelmanso.com\/wp-content\/uploads\/2025\/08\/12-A-el-rafting-es-un-deporte-Pica.jpg\",\"datePublished\":\"2025-08-18T16:34:24+00:00\",\"dateModified\":\"2026-04-28T13:39:37+00:00\",\"description\":\"Viv\u00ed la experiencia de rafting en Bariloche hasta la frontera con Chile. R\u00e1pidos grado III y IV, gu\u00edas expertos y pura adrenalina en la Patagonia.\",\"breadcrumb\":{\"@id\":\"https:\/\/raftingvalledelmanso.com\/product\/rafting-al-limite-con-chile-con-traslado\/#breadcrumb\"},\"inLanguage\":\"pt-BR\",\"potentialAction\":[{\"@type\":\"ReadAction\",\"target\":[\"https:\/\/raftingvalledelmanso.com\/product\/rafting-al-limite-con-chile-con-traslado\/\"]}]},{\"@type\":\"ImageObject\",\"inLanguage\":\"pt-BR\",\"@id\":\"https:\/\/raftingvalledelmanso.com\/product\/rafting-al-limite-con-chile-con-traslado\/#primaryimage\",\"url\":\"https:\/\/raftingvalledelmanso.com\/wp-content\/uploads\/2025\/08\/12-A-el-rafting-es-un-deporte-Pica.jpg\",\"contentUrl\":\"https:\/\/raftingvalledelmanso.com\/wp-content\/uploads\/2025\/08\/12-A-el-rafting-es-un-deporte-Pica.jpg\",\"width\":850,\"height\":1133},{\"@type\":\"BreadcrumbList\",\"@id\":\"https:\/\/raftingvalledelmanso.com\/product\/rafting-al-limite-con-chile-con-traslado\/#breadcrumb\",\"itemListElement\":[{\"@type\":\"ListItem\",\"position\":1,\"name\":\"Home\",\"item\":\"https:\/\/raftingvalledelmanso.com\/\"},{\"@type\":\"ListItem\",\"position\":2,\"name\":\"Shop\",\"item\":\"https:\/\/raftingvalledelmanso.com\/shop\/\"},{\"@type\":\"ListItem\",\"position\":3,\"name\":\"Rafting al l\u00edmite con Chile con traslado\"}]},{\"@type\":\"WebSite\",\"@id\":\"https:\/\/raftingvalledelmanso.com\/#website\",\"url\":\"https:\/\/raftingvalledelmanso.com\/\",\"name\":\"Rafting Valle del Manso | Aventura en los R\u00edos de Bariloche\",\"description\":\"Rafting en la Patagonia Argentina: aventura, naturaleza y emoci\u00f3n en los r\u00e1pidos del Valle del Manso, cerca de Bariloche.\",\"publisher\":{\"@id\":\"https:\/\/raftingvalledelmanso.com\/#organization\"},\"potentialAction\":[{\"@type\":\"SearchAction\",\"target\":{\"@type\":\"EntryPoint\",\"urlTemplate\":\"https:\/\/raftingvalledelmanso.com\/?s={search_term_string}\"},\"query-input\":{\"@type\":\"PropertyValueSpecification\",\"valueRequired\":true,\"valueName\":\"search_term_string\"}}],\"inLanguage\":\"pt-BR\"},{\"@type\":\"Organization\",\"@id\":\"https:\/\/raftingvalledelmanso.com\/#organization\",\"name\":\"Rafting Valle del Manso | Aventura en los R\u00edos de Bariloche\",\"url\":\"https:\/\/raftingvalledelmanso.com\/\",\"logo\":{\"@type\":\"ImageObject\",\"inLanguage\":\"pt-BR\",\"@id\":\"https:\/\/raftingvalledelmanso.com\/#\/schema\/logo\/image\/\",\"url\":\"https:\/\/raftingvalledelmanso.com\/wp-content\/uploads\/2023\/08\/favicon.png\",\"contentUrl\":\"https:\/\/raftingvalledelmanso.com\/wp-content\/uploads\/2023\/08\/favicon.png\",\"width\":100,\"height\":100,\"caption\":\"Rafting Valle del Manso | Aventura en los R\u00edos de Bariloche\"},\"image\":{\"@id\":\"https:\/\/raftingvalledelmanso.com\/#\/schema\/logo\/image\/\"}}]}<\/script>\n<meta property=\"product:price:amount\" content=\"155400.00\" \/>\n<meta property=\"product:price:currency\" content=\"ARS\" \/>\n<meta property=\"og:availability\" content=\"instock\" \/>\n<meta property=\"product:availability\" content=\"instock\" \/>\n<meta property=\"product:retailer_item_id\" content=\"ADV2025RAALL\u00cd7HIR\" \/>\n<meta property=\"product:condition\" content=\"new\" \/>\n<!-- \/ Yoast SEO Premium plugin. -->","yoast_head_json":{"title":"Rafting at\u00e9 a fronteira com o Chile com traslado - Rafting Valle del Manso | Bariloche River Adventure","description":"Experimente o rafting em Bariloche at\u00e9 a fronteira com o Chile. Corredeiras de grau III e IV, guias especializados e pura adrenalina na Patag\u00f4nia.","robots":{"index":"index","follow":"follow","max-snippet":"max-snippet:-1","max-image-preview":"max-image-preview:large","max-video-preview":"max-video-preview:-1"},"canonical":"https:\/\/raftingvalledelmanso.com\/pt\/product\/rafting-ate-a-fronteira-do-chile-com-traslado\/","og_locale":"pt_BR","og_type":"article","og_title":"Rafting al l\u00edmite con Chile con traslado","og_description":"Viv\u00ed la experiencia de rafting en Bariloche hasta la frontera con Chile. R\u00e1pidos grado III y IV, gu\u00edas expertos y pura adrenalina en la Patagonia.","og_url":"https:\/\/raftingvalledelmanso.com\/pt\/product\/rafting-ate-a-fronteira-do-chile-com-traslado\/","og_site_name":"Rafting Valle del Manso | Aventura en los R\u00edos de Bariloche","article_modified_time":"2026-04-28T13:39:37+00:00","og_image":[{"width":850,"height":1133,"url":"https:\/\/raftingvalledelmanso.com\/wp-content\/uploads\/2025\/08\/12-A-el-rafting-es-un-deporte-Pica.jpg","type":"image\/jpeg"}],"twitter_card":"summary_large_image","twitter_misc":{"Pre\u00e7o":"&#36;&nbsp;155,400.00","Disponibilidade":"Em Estoque"},"schema":{"@context":"https:\/\/schema.org","@graph":[{"@type":["WebPage","ItemPage"],"@id":"https:\/\/raftingvalledelmanso.com\/product\/rafting-al-limite-con-chile-con-traslado\/","url":"https:\/\/raftingvalledelmanso.com\/product\/rafting-al-limite-con-chile-con-traslado\/","name":"Rafting at\u00e9 a fronteira com o Chile com traslado - Rafting Valle del Manso | Bariloche River Adventure","isPartOf":{"@id":"https:\/\/raftingvalledelmanso.com\/#website"},"primaryImageOfPage":{"@id":"https:\/\/raftingvalledelmanso.com\/product\/rafting-al-limite-con-chile-con-traslado\/#primaryimage"},"image":{"@id":"https:\/\/raftingvalledelmanso.com\/product\/rafting-al-limite-con-chile-con-traslado\/#primaryimage"},"thumbnailUrl":"https:\/\/raftingvalledelmanso.com\/wp-content\/uploads\/2025\/08\/12-A-el-rafting-es-un-deporte-Pica.jpg","datePublished":"2025-08-18T16:34:24+00:00","dateModified":"2026-04-28T13:39:37+00:00","description":"Experimente o rafting em Bariloche at\u00e9 a fronteira com o Chile. Corredeiras de grau III e IV, guias especializados e pura adrenalina na Patag\u00f4nia.","breadcrumb":{"@id":"https:\/\/raftingvalledelmanso.com\/product\/rafting-al-limite-con-chile-con-traslado\/#breadcrumb"},"inLanguage":"pt-BR","potentialAction":[{"@type":"ReadAction","target":["https:\/\/raftingvalledelmanso.com\/product\/rafting-al-limite-con-chile-con-traslado\/"]}]},{"@type":"ImageObject","inLanguage":"pt-BR","@id":"https:\/\/raftingvalledelmanso.com\/product\/rafting-al-limite-con-chile-con-traslado\/#primaryimage","url":"https:\/\/raftingvalledelmanso.com\/wp-content\/uploads\/2025\/08\/12-A-el-rafting-es-un-deporte-Pica.jpg","contentUrl":"https:\/\/raftingvalledelmanso.com\/wp-content\/uploads\/2025\/08\/12-A-el-rafting-es-un-deporte-Pica.jpg","width":850,"height":1133},{"@type":"BreadcrumbList","@id":"https:\/\/raftingvalledelmanso.com\/product\/rafting-al-limite-con-chile-con-traslado\/#breadcrumb","itemListElement":[{"@type":"ListItem","position":1,"name":"Home","item":"https:\/\/raftingvalledelmanso.com\/"},{"@type":"ListItem","position":2,"name":"Shop","item":"https:\/\/raftingvalledelmanso.com\/shop\/"},{"@type":"ListItem","position":3,"name":"Rafting al l\u00edmite con Chile con traslado"}]},{"@type":"WebSite","@id":"https:\/\/raftingvalledelmanso.com\/#website","url":"https:\/\/raftingvalledelmanso.com\/","name":"Rafting Valle del Manso | Bariloche Rivers Adventure","description":"Rafting na Patag\u00f4nia Argentina: aventura, natureza e emo\u00e7\u00e3o nas corredeiras do Vale do Manso, perto de Bariloche.","publisher":{"@id":"https:\/\/raftingvalledelmanso.com\/#organization"},"potentialAction":[{"@type":"SearchAction","target":{"@type":"EntryPoint","urlTemplate":"https:\/\/raftingvalledelmanso.com\/?s={search_term_string}"},"query-input":{"@type":"PropertyValueSpecification","valueRequired":true,"valueName":"search_term_string"}}],"inLanguage":"pt-BR"},{"@type":"Organization","@id":"https:\/\/raftingvalledelmanso.com\/#organization","name":"Rafting Valle del Manso | Bariloche Rivers Adventure","url":"https:\/\/raftingvalledelmanso.com\/","logo":{"@type":"ImageObject","inLanguage":"pt-BR","@id":"https:\/\/raftingvalledelmanso.com\/#\/schema\/logo\/image\/","url":"https:\/\/raftingvalledelmanso.com\/wp-content\/uploads\/2023\/08\/favicon.png","contentUrl":"https:\/\/raftingvalledelmanso.com\/wp-content\/uploads\/2023\/08\/favicon.png","width":100,"height":100,"caption":"Rafting Valle del Manso | Aventura en los R\u00edos de Bariloche"},"image":{"@id":"https:\/\/raftingvalledelmanso.com\/#\/schema\/logo\/image\/"}}]},"product_price_amount":"155400.00","product_price_currency":"ARS","og_availability":"instock","product_availability":"instock","product_retailer_item_id":"ADV2025RAALL\u00cd7HIR","product_condition":"new"},"_links":{"self":[{"href":"https:\/\/raftingvalledelmanso.com\/pt\/wp-json\/wp\/v2\/product\/73193","targetHints":{"allow":["GET"]}}],"collection":[{"href":"https:\/\/raftingvalledelmanso.com\/pt\/wp-json\/wp\/v2\/product"}],"about":[{"href":"https:\/\/raftingvalledelmanso.com\/pt\/wp-json\/wp\/v2\/types\/product"}],"replies":[{"embeddable":true,"href":"https:\/\/raftingvalledelmanso.com\/pt\/wp-json\/wp\/v2\/comments?post=73193"}],"wp:featuredmedia":[{"embeddable":true,"href":"https:\/\/raftingvalledelmanso.com\/pt\/wp-json\/wp\/v2\/media\/73439"}],"wp:attachment":[{"href":"https:\/\/raftingvalledelmanso.com\/pt\/wp-json\/wp\/v2\/media?parent=73193"}],"wp:term":[{"taxonomy":"product_brand","embeddable":true,"href":"https:\/\/raftingvalledelmanso.com\/pt\/wp-json\/wp\/v2\/product_brand?post=73193"},{"taxonomy":"product_cat","embeddable":true,"href":"https:\/\/raftingvalledelmanso.com\/pt\/wp-json\/wp\/v2\/product_cat?post=73193"},{"taxonomy":"product_tag","embeddable":true,"href":"https:\/\/raftingvalledelmanso.com\/pt\/wp-json\/wp\/v2\/product_tag?post=73193"}],"curies":[{"name":"wp","href":"https:\/\/api.w.org\/{rel}","templated":true}]}}