{"id":73195,"date":"2025-08-18T13:36:25","date_gmt":"2025-08-18T16:36:25","guid":{"rendered":"https:\/\/raftingvalledelmanso.com\/product\/excursion-en-kayak-por-el-lago-gutierrez-desde-bariloche-con-traslado-incluido"},"modified":"2026-04-08T16:23:56","modified_gmt":"2026-04-08T19:23:56","slug":"experiencia-kayak-naturaleza-bariloche","status":"publish","type":"product","link":"https:\/\/raftingvalledelmanso.com\/pt\/product\/experiencia-de-caiaque-na-natureza-em-bariloche\/","title":{"rendered":"Caiaque no Lago Moreno"},"content":{"rendered":"<h2 data-start=\"441\" data-end=\"520\"><strong data-start=\"441\" data-end=\"518\">Natureza pura e tranquilidade patag\u00f4nica nas \u00e1guas do Lago Moreno<\/strong><\/h2>\n<p data-start=\"522\" data-end=\"798\">Descubra a ess\u00eancia da Patag\u00f4nia fazendo um passeio de caiaque no Lago Moreno, uma das joias naturais mais impressionantes de Bariloche.<br data-start=\"654\" data-end=\"657\" \/>Esse trekking combina paisagens majestosas, sil\u00eancio e conex\u00e3o com a natureza, em uma experi\u00eancia acess\u00edvel guiada por profissionais.<\/p>\n<p data-start=\"800\" data-end=\"1151\">Em <strong data-start=\"803\" data-end=\"830\">Rafting no Vale do Manso<\/strong> acreditamos em aventuras que respeitam o meio ambiente.<br data-start=\"880\" data-end=\"883\" \/>Por esse motivo, essa atividade foi desenvolvida para quem gosta de tranquilidade, observa\u00e7\u00e3o da paisagem e contato direto com a natureza.<br data-start=\"1023\" data-end=\"1026\" \/>N\u00e3o \u00e9 necess\u00e1ria nenhuma experi\u00eancia pr\u00e9via: apenas o desejo de vivenciar um momento aut\u00eantico no cora\u00e7\u00e3o do Parque Nacional Nahuel Huapi.<\/p>\n<h3 data-start=\"1158\" data-end=\"1175\"><strong data-start=\"1162\" data-end=\"1175\">Passeio<\/strong><\/h3>\n<p data-start=\"1177\" data-end=\"1564\"><strong data-start=\"1177\" data-end=\"1190\">Hor\u00e1rios:<\/strong> 11:00 \u00e0s 15:00 aprox. \/ 13:00 \u00e0s 17:00 aprox.<br data-start=\"1234\" data-end=\"1237\" \/>A excurs\u00e3o come\u00e7a com um traslado do centro de Bariloche para a \u00e1rea do Circuito Chico, onde come\u00e7a o passeio de caiaque.<br data-start=\"1375\" data-end=\"1378\" \/>Durante o passeio, voc\u00ea navegar\u00e1 por \u00e1reas tranquilas do Lago Moreno, cercadas por montanhas, florestas e praias escondidas, com momentos de pausa para descansar e apreciar os arredores.<\/p>\n<h3 data-start=\"1571\" data-end=\"1597\"><strong data-start=\"1575\" data-end=\"1597\">Local da reuni\u00e3o<\/strong><\/h3>\n<p data-start=\"1599\" data-end=\"1767\">Hot\u00e9is e pontos de encontro localizados desde o centro de Bariloche at\u00e9 o km 8 da Av. Bustillo ou Av. Pioneros.<br data-start=\"1713\" data-end=\"1716\" \/>Outros pontos, favor consultar no momento da reserva.<\/p>\n<h3 data-start=\"1774\" data-end=\"1789\"><strong data-start=\"1778\" data-end=\"1789\">Inclui<\/strong><\/h3>\n<ul data-start=\"1791\" data-end=\"2006\">\n<li data-start=\"1791\" data-end=\"1842\">\n<p data-start=\"1793\" data-end=\"1842\">Caiaque Sit On Top (confort\u00e1vel, est\u00e1vel e seguro).<\/p>\n<\/li>\n<li data-start=\"1843\" data-end=\"1895\">\n<p data-start=\"1845\" data-end=\"1895\">Colete salva-vidas, p\u00e1 e jaqueta imperme\u00e1vel.<\/p>\n<\/li>\n<li data-start=\"1896\" data-end=\"1955\">\n<p data-start=\"1898\" data-end=\"1955\">Guias bil\u00edngues especializados em atividades n\u00e1uticas.<\/p>\n<\/li>\n<li data-start=\"1956\" data-end=\"2006\">\n<p data-start=\"1958\" data-end=\"2006\">Traslados de e para o ponto de encontro.<\/p>\n<\/li>\n<\/ul>\n<h3 data-start=\"2013\" data-end=\"2031\"><strong data-start=\"2017\" data-end=\"2031\">N\u00e3o inclui<\/strong><\/h3>\n<ul data-start=\"2033\" data-end=\"2116\">\n<li data-start=\"2033\" data-end=\"2056\">\n<p data-start=\"2035\" data-end=\"2056\">Sem alimentos ou bebidas.<\/p>\n<\/li>\n<li data-start=\"2057\" data-end=\"2116\">\n<p data-start=\"2059\" data-end=\"2116\">Roupas pessoais (recomenda-se levar um casaco quente e uma muda de roupa seca).<\/p>\n<\/li>\n<\/ul>\n<h3 data-start=\"2260\" data-end=\"2283\"><strong data-start=\"2264\" data-end=\"2283\">Recomenda\u00e7\u00f5es<\/strong><\/h3>\n<ul data-start=\"2285\" data-end=\"2437\">\n<li data-start=\"2285\" data-end=\"2331\">\n<p data-start=\"2287\" data-end=\"2331\">Roupas confort\u00e1veis e cal\u00e7ados fechados ou ajust\u00e1veis.<\/p>\n<\/li>\n<li data-start=\"2332\" data-end=\"2363\">\n<p data-start=\"2334\" data-end=\"2363\">Troca de roupas secas e agasalhos.<\/p>\n<\/li>\n<li data-start=\"2364\" data-end=\"2409\">\n<p data-start=\"2366\" data-end=\"2409\">Protetor solar, bon\u00e9 e \u00f3culos de sol.<\/p>\n<\/li>\n<li data-start=\"2410\" data-end=\"2437\">\n<p data-start=\"2412\" data-end=\"2437\">Carteira de identidade.<\/p>\n<\/li>\n<\/ul>\n<p data-start=\"2439\" data-end=\"2514\">N\u00e3o \u00e9 necess\u00e1rio ter experi\u00eancia anterior. Atividade adequada para crian\u00e7as acima de 4 anos de idade.<\/p>\n<h3 data-start=\"2521\" data-end=\"2549\"><strong data-start=\"2525\" data-end=\"2549\">Perguntas frequentes<\/strong><\/h3>\n<p data-start=\"2551\" data-end=\"2682\"><strong data-start=\"2551\" data-end=\"2585\">Que tipo de caiaque \u00e9 usado?<\/strong><br data-start=\"2585\" data-end=\"2588\" \/>Usamos caiaques Sit On Top, ideais para iniciantes e muito est\u00e1veis em \u00e1guas calmas.<\/p>\n<p data-start=\"2684\" data-end=\"2777\"><strong data-start=\"2684\" data-end=\"2711\">O evento acontece na chuva?<\/strong><br data-start=\"2711\" data-end=\"2714\" \/>Sim, exceto em casos de tempestades ou ventos fortes.<\/p>\n<p data-start=\"2779\" data-end=\"2900\"><strong data-start=\"2779\" data-end=\"2810\">\u00c9 uma atividade exigente?<\/strong><br data-start=\"2810\" data-end=\"2813\" \/>N\u00e3o, \u00e9 uma viagem descontra\u00edda, de baixa dificuldade, projetada para todos os tipos de pessoas.<\/p>\n<p data-start=\"2902\" data-end=\"2992\"><strong data-start=\"2902\" data-end=\"2931\">Posso fazer isso com crian\u00e7as?<\/strong><br data-start=\"2931\" data-end=\"2934\" \/>Sim, a partir de 4 anos de idade, sempre acompanhado por um adulto.<\/p>","protected":false},"excerpt":{"rendered":"<p>Vivi uma experi\u00eancia natural em<strong> Passeio de caiaque no Lago Moreno<\/strong> com Rafting Valle del Manso.<br data-start=\"3831\" data-end=\"3834\" \/>Uma aventura tranquila e segura, cercada por paisagens patag\u00f4nicas \u00fanicas.<\/p>","protected":false},"featured_media":73443,"comment_status":"open","ping_status":"closed","template":"","meta":[],"product_brand":[],"product_cat":[30,32,34,35,39,41,46,51],"product_tag":[],"class_list":{"0":"post-73195","1":"product","2":"type-product","3":"status-publish","4":"has-post-thumbnail","6":"product_cat-adultos","7":"product_cat-aventura","8":"product_cat-con-traslado","9":"product_cat-familia","10":"product_cat-lacustre","11":"product_cat-ninos","12":"product_cat-sin-comida","13":"product_cat-todo-el-ano","15":"first","16":"instock","17":"virtual","18":"sold-individually","19":"purchasable","20":"product-type-booking"},"booking_location":"","booking_location_type":"","booking_duration":1,"booking_duration_unit":"hour","booking_buffer":0,"booking_cost":0,"booking_resources":[],"exclude_global_add_ons":false,"addons":[{"name":"ADU | Adulto","type":"input_multiplier","position":0,"required":false,"title_format":"label","default":"","description_enable":false,"description":"","placeholder_enable":false,"placeholder":"","display":"select","restrictions_type":"any_text","adjust_price":true,"price":"107400","price_type":"quantity_based","restrictions":false,"min":"0","max":"0","options":[],"id":1773074737},{"name":"MEN512 | 5 a 12","type":"input_multiplier","position":1,"required":false,"title_format":"label","default":"","description_enable":false,"description":"","placeholder_enable":false,"placeholder":"","display":"select","restrictions_type":"any_text","adjust_price":true,"price":"107400","price_type":"quantity_based","restrictions":false,"min":"0","max":"0","options":[],"id":1773075048}],"yoast_head":"<!-- This site is optimized with the Yoast SEO Premium plugin v24.5 (Yoast SEO v24.8) - https:\/\/yoast.com\/wordpress\/plugins\/seo\/ -->\n<title>Kayak por el Lago Moreno en Bariloche | Rafting Valle del Manso<\/title>\n<meta name=\"description\" content=\"Viv\u00ed una experiencia de kayak en plena naturaleza. Naveg\u00e1 el Lago Moreno y descubr\u00ed la Patagonia desde el agua con Rafting Valle del Manso.\" \/>\n<meta name=\"robots\" content=\"index, follow, max-snippet:-1, max-image-preview:large, max-video-preview:-1\" \/>\n<link rel=\"canonical\" href=\"https:\/\/raftingvalledelmanso.com\/pt\/product\/experiencia-de-caiaque-na-natureza-em-bariloche\/\" \/>\n<meta property=\"og:locale\" content=\"pt_BR\" \/>\n<meta property=\"og:type\" content=\"article\" \/>\n<meta property=\"og:title\" content=\"Kayak por el Lago Moreno\" \/>\n<meta property=\"og:description\" content=\"Viv\u00ed una experiencia de kayak en plena naturaleza. Naveg\u00e1 el Lago Moreno y descubr\u00ed la Patagonia desde el agua con Rafting Valle del Manso.\" \/>\n<meta property=\"og:url\" content=\"https:\/\/raftingvalledelmanso.com\/pt\/product\/experiencia-de-caiaque-na-natureza-em-bariloche\/\" \/>\n<meta property=\"og:site_name\" content=\"Rafting Valle del Manso | Aventura en los R\u00edos de Bariloche\" \/>\n<meta property=\"article:modified_time\" content=\"2026-04-08T19:23:56+00:00\" \/>\n<meta property=\"og:image\" content=\"https:\/\/raftingvalledelmanso.com\/wp-content\/uploads\/2025\/08\/12-A-3.jpg\" \/>\n\t<meta property=\"og:image:width\" content=\"850\" \/>\n\t<meta property=\"og:image:height\" content=\"1133\" \/>\n\t<meta property=\"og:image:type\" content=\"image\/jpeg\" \/>\n<meta name=\"twitter:card\" content=\"summary_large_image\" \/>\n<meta name=\"twitter:label1\" content=\"Pre\u00e7o\" \/>\n\t<meta name=\"twitter:data1\" content=\"&#036;&nbsp;107,400.00\" \/>\n\t<meta name=\"twitter:label2\" content=\"Disponibilidade\" \/>\n\t<meta name=\"twitter:data2\" content=\"Em Estoque\" \/>\n<script type=\"application\/ld+json\" class=\"yoast-schema-graph\">{\"@context\":\"https:\/\/schema.org\",\"@graph\":[{\"@type\":[\"WebPage\",\"ItemPage\"],\"@id\":\"https:\/\/raftingvalledelmanso.com\/product\/experiencia-kayak-naturaleza-bariloche\",\"url\":\"https:\/\/raftingvalledelmanso.com\/product\/experiencia-kayak-naturaleza-bariloche\",\"name\":\"Kayak por el Lago Moreno en Bariloche | Rafting Valle del Manso\",\"isPartOf\":{\"@id\":\"https:\/\/raftingvalledelmanso.com\/#website\"},\"primaryImageOfPage\":{\"@id\":\"https:\/\/raftingvalledelmanso.com\/product\/experiencia-kayak-naturaleza-bariloche#primaryimage\"},\"image\":{\"@id\":\"https:\/\/raftingvalledelmanso.com\/product\/experiencia-kayak-naturaleza-bariloche#primaryimage\"},\"thumbnailUrl\":\"https:\/\/raftingvalledelmanso.com\/wp-content\/uploads\/2025\/08\/12-A-3.jpg\",\"datePublished\":\"2025-08-18T16:36:25+00:00\",\"dateModified\":\"2026-04-08T19:23:56+00:00\",\"description\":\"Viv\u00ed una experiencia de kayak en plena naturaleza. Naveg\u00e1 el Lago Moreno y descubr\u00ed la Patagonia desde el agua con Rafting Valle del Manso.\",\"breadcrumb\":{\"@id\":\"https:\/\/raftingvalledelmanso.com\/product\/experiencia-kayak-naturaleza-bariloche#breadcrumb\"},\"inLanguage\":\"pt-BR\",\"potentialAction\":[{\"@type\":\"ReadAction\",\"target\":[\"https:\/\/raftingvalledelmanso.com\/product\/experiencia-kayak-naturaleza-bariloche\"]}]},{\"@type\":\"ImageObject\",\"inLanguage\":\"pt-BR\",\"@id\":\"https:\/\/raftingvalledelmanso.com\/product\/experiencia-kayak-naturaleza-bariloche#primaryimage\",\"url\":\"https:\/\/raftingvalledelmanso.com\/wp-content\/uploads\/2025\/08\/12-A-3.jpg\",\"contentUrl\":\"https:\/\/raftingvalledelmanso.com\/wp-content\/uploads\/2025\/08\/12-A-3.jpg\",\"width\":850,\"height\":1133,\"caption\":\"DCIM100GOPROGOPR1075.JPG\"},{\"@type\":\"BreadcrumbList\",\"@id\":\"https:\/\/raftingvalledelmanso.com\/product\/experiencia-kayak-naturaleza-bariloche#breadcrumb\",\"itemListElement\":[{\"@type\":\"ListItem\",\"position\":1,\"name\":\"Home\",\"item\":\"https:\/\/raftingvalledelmanso.com\/\"},{\"@type\":\"ListItem\",\"position\":2,\"name\":\"Shop\",\"item\":\"https:\/\/raftingvalledelmanso.com\/shop\/\"},{\"@type\":\"ListItem\",\"position\":3,\"name\":\"Kayak por el Lago Moreno\"}]},{\"@type\":\"WebSite\",\"@id\":\"https:\/\/raftingvalledelmanso.com\/#website\",\"url\":\"https:\/\/raftingvalledelmanso.com\/\",\"name\":\"Rafting Valle del Manso | Aventura en los R\u00edos de Bariloche\",\"description\":\"Rafting en la Patagonia Argentina: aventura, naturaleza y emoci\u00f3n en los r\u00e1pidos del Valle del Manso, cerca de Bariloche.\",\"publisher\":{\"@id\":\"https:\/\/raftingvalledelmanso.com\/#organization\"},\"potentialAction\":[{\"@type\":\"SearchAction\",\"target\":{\"@type\":\"EntryPoint\",\"urlTemplate\":\"https:\/\/raftingvalledelmanso.com\/?s={search_term_string}\"},\"query-input\":{\"@type\":\"PropertyValueSpecification\",\"valueRequired\":true,\"valueName\":\"search_term_string\"}}],\"inLanguage\":\"pt-BR\"},{\"@type\":\"Organization\",\"@id\":\"https:\/\/raftingvalledelmanso.com\/#organization\",\"name\":\"Rafting Valle del Manso | Aventura en los R\u00edos de Bariloche\",\"url\":\"https:\/\/raftingvalledelmanso.com\/\",\"logo\":{\"@type\":\"ImageObject\",\"inLanguage\":\"pt-BR\",\"@id\":\"https:\/\/raftingvalledelmanso.com\/#\/schema\/logo\/image\/\",\"url\":\"https:\/\/raftingvalledelmanso.com\/wp-content\/uploads\/2023\/08\/favicon.png\",\"contentUrl\":\"https:\/\/raftingvalledelmanso.com\/wp-content\/uploads\/2023\/08\/favicon.png\",\"width\":100,\"height\":100,\"caption\":\"Rafting Valle del Manso | Aventura en los R\u00edos de Bariloche\"},\"image\":{\"@id\":\"https:\/\/raftingvalledelmanso.com\/#\/schema\/logo\/image\/\"}}]}<\/script>\n<meta property=\"product:price:amount\" content=\"107400.00\" \/>\n<meta property=\"product:price:currency\" content=\"ARS\" \/>\n<meta property=\"og:availability\" content=\"instock\" \/>\n<meta property=\"product:availability\" content=\"instock\" \/>\n<meta property=\"product:retailer_item_id\" content=\"ADV2025TRENKAH9J5\" \/>\n<meta property=\"product:condition\" content=\"new\" \/>\n<!-- \/ Yoast SEO Premium plugin. -->","yoast_head_json":{"title":"Caiaque no Lago Moreno em Bariloche | Rafting no Vale do Manso","description":"Viva uma experi\u00eancia de caiaque em meio \u00e0 natureza. Navegue pelo Lago Moreno e descubra a Patag\u00f4nia a partir da \u00e1gua com o Rafting Valle del Manso.","robots":{"index":"index","follow":"follow","max-snippet":"max-snippet:-1","max-image-preview":"max-image-preview:large","max-video-preview":"max-video-preview:-1"},"canonical":"https:\/\/raftingvalledelmanso.com\/pt\/product\/experiencia-de-caiaque-na-natureza-em-bariloche\/","og_locale":"pt_BR","og_type":"article","og_title":"Kayak por el Lago Moreno","og_description":"Viv\u00ed una experiencia de kayak en plena naturaleza. Naveg\u00e1 el Lago Moreno y descubr\u00ed la Patagonia desde el agua con Rafting Valle del Manso.","og_url":"https:\/\/raftingvalledelmanso.com\/pt\/product\/experiencia-de-caiaque-na-natureza-em-bariloche\/","og_site_name":"Rafting Valle del Manso | Aventura en los R\u00edos de Bariloche","article_modified_time":"2026-04-08T19:23:56+00:00","og_image":[{"width":850,"height":1133,"url":"https:\/\/raftingvalledelmanso.com\/wp-content\/uploads\/2025\/08\/12-A-3.jpg","type":"image\/jpeg"}],"twitter_card":"summary_large_image","twitter_misc":{"Pre\u00e7o":"&#36;&nbsp;107,400.00","Disponibilidade":"Em Estoque"},"schema":{"@context":"https:\/\/schema.org","@graph":[{"@type":["WebPage","ItemPage"],"@id":"https:\/\/raftingvalledelmanso.com\/product\/experiencia-kayak-naturaleza-bariloche","url":"https:\/\/raftingvalledelmanso.com\/product\/experiencia-kayak-naturaleza-bariloche","name":"Caiaque no Lago Moreno em Bariloche | Rafting no Vale do Manso","isPartOf":{"@id":"https:\/\/raftingvalledelmanso.com\/#website"},"primaryImageOfPage":{"@id":"https:\/\/raftingvalledelmanso.com\/product\/experiencia-kayak-naturaleza-bariloche#primaryimage"},"image":{"@id":"https:\/\/raftingvalledelmanso.com\/product\/experiencia-kayak-naturaleza-bariloche#primaryimage"},"thumbnailUrl":"https:\/\/raftingvalledelmanso.com\/wp-content\/uploads\/2025\/08\/12-A-3.jpg","datePublished":"2025-08-18T16:36:25+00:00","dateModified":"2026-04-08T19:23:56+00:00","description":"Viva uma experi\u00eancia de caiaque em meio \u00e0 natureza. Navegue pelo Lago Moreno e descubra a Patag\u00f4nia a partir da \u00e1gua com o Rafting Valle del Manso.","breadcrumb":{"@id":"https:\/\/raftingvalledelmanso.com\/product\/experiencia-kayak-naturaleza-bariloche#breadcrumb"},"inLanguage":"pt-BR","potentialAction":[{"@type":"ReadAction","target":["https:\/\/raftingvalledelmanso.com\/product\/experiencia-kayak-naturaleza-bariloche"]}]},{"@type":"ImageObject","inLanguage":"pt-BR","@id":"https:\/\/raftingvalledelmanso.com\/product\/experiencia-kayak-naturaleza-bariloche#primaryimage","url":"https:\/\/raftingvalledelmanso.com\/wp-content\/uploads\/2025\/08\/12-A-3.jpg","contentUrl":"https:\/\/raftingvalledelmanso.com\/wp-content\/uploads\/2025\/08\/12-A-3.jpg","width":850,"height":1133,"caption":"DCIM100GOPROGOPR1075.JPG"},{"@type":"BreadcrumbList","@id":"https:\/\/raftingvalledelmanso.com\/product\/experiencia-kayak-naturaleza-bariloche#breadcrumb","itemListElement":[{"@type":"ListItem","position":1,"name":"Home","item":"https:\/\/raftingvalledelmanso.com\/"},{"@type":"ListItem","position":2,"name":"Shop","item":"https:\/\/raftingvalledelmanso.com\/shop\/"},{"@type":"ListItem","position":3,"name":"Kayak por el Lago Moreno"}]},{"@type":"WebSite","@id":"https:\/\/raftingvalledelmanso.com\/#website","url":"https:\/\/raftingvalledelmanso.com\/","name":"Rafting Valle del Manso | Bariloche Rivers Adventure","description":"Rafting na Patag\u00f4nia Argentina: aventura, natureza e emo\u00e7\u00e3o nas corredeiras do Vale do Manso, perto de Bariloche.","publisher":{"@id":"https:\/\/raftingvalledelmanso.com\/#organization"},"potentialAction":[{"@type":"SearchAction","target":{"@type":"EntryPoint","urlTemplate":"https:\/\/raftingvalledelmanso.com\/?s={search_term_string}"},"query-input":{"@type":"PropertyValueSpecification","valueRequired":true,"valueName":"search_term_string"}}],"inLanguage":"pt-BR"},{"@type":"Organization","@id":"https:\/\/raftingvalledelmanso.com\/#organization","name":"Rafting Valle del Manso | Bariloche Rivers Adventure","url":"https:\/\/raftingvalledelmanso.com\/","logo":{"@type":"ImageObject","inLanguage":"pt-BR","@id":"https:\/\/raftingvalledelmanso.com\/#\/schema\/logo\/image\/","url":"https:\/\/raftingvalledelmanso.com\/wp-content\/uploads\/2023\/08\/favicon.png","contentUrl":"https:\/\/raftingvalledelmanso.com\/wp-content\/uploads\/2023\/08\/favicon.png","width":100,"height":100,"caption":"Rafting Valle del Manso | Aventura en los R\u00edos de Bariloche"},"image":{"@id":"https:\/\/raftingvalledelmanso.com\/#\/schema\/logo\/image\/"}}]},"product_price_amount":"107400.00","product_price_currency":"ARS","og_availability":"instock","product_availability":"instock","product_retailer_item_id":"ADV2025TRENKAH9J5","product_condition":"new"},"_links":{"self":[{"href":"https:\/\/raftingvalledelmanso.com\/pt\/wp-json\/wp\/v2\/product\/73195","targetHints":{"allow":["GET"]}}],"collection":[{"href":"https:\/\/raftingvalledelmanso.com\/pt\/wp-json\/wp\/v2\/product"}],"about":[{"href":"https:\/\/raftingvalledelmanso.com\/pt\/wp-json\/wp\/v2\/types\/product"}],"replies":[{"embeddable":true,"href":"https:\/\/raftingvalledelmanso.com\/pt\/wp-json\/wp\/v2\/comments?post=73195"}],"wp:featuredmedia":[{"embeddable":true,"href":"https:\/\/raftingvalledelmanso.com\/pt\/wp-json\/wp\/v2\/media\/73443"}],"wp:attachment":[{"href":"https:\/\/raftingvalledelmanso.com\/pt\/wp-json\/wp\/v2\/media?parent=73195"}],"wp:term":[{"taxonomy":"product_brand","embeddable":true,"href":"https:\/\/raftingvalledelmanso.com\/pt\/wp-json\/wp\/v2\/product_brand?post=73195"},{"taxonomy":"product_cat","embeddable":true,"href":"https:\/\/raftingvalledelmanso.com\/pt\/wp-json\/wp\/v2\/product_cat?post=73195"},{"taxonomy":"product_tag","embeddable":true,"href":"https:\/\/raftingvalledelmanso.com\/pt\/wp-json\/wp\/v2\/product_tag?post=73195"}],"curies":[{"name":"wp","href":"https:\/\/api.w.org\/{rel}","templated":true}]}}