{"id":73199,"date":"2025-08-18T13:37:54","date_gmt":"2025-08-18T16:37:54","guid":{"rendered":"https:\/\/raftingvalledelmanso.com\/product\/paquete-promocional-de-3-dias-de-excursion"},"modified":"2026-04-09T09:21:12","modified_gmt":"2026-04-09T12:21:12","slug":"paquete-promocional-de-3-dias-de-excursion","status":"publish","type":"product","link":"https:\/\/raftingvalledelmanso.com\/pt\/product\/pacote-turistico-promocional-de-3-dias\/","title":{"rendered":"Pacote promocional de excurs\u00e3o de 3 dias"},"content":{"rendered":"<h2>Conhe\u00e7a a aut\u00eantica Patag\u00f4nia em tr\u00eas dias \u00fanicos<\/h2>\n<p>Junte-se a n\u00f3s para uma <strong>experi\u00eancia irrepet\u00edvel<\/strong> com nossos <strong>pacote exclusivo de excurs\u00e3o de tr\u00eas dias<\/strong>. Projetado at\u00e9 o \u00faltimo detalhe, esse passeio o convida a descobrir as mais belas paisagens da regi\u00e3o. <strong>da Patag\u00f4nia argentina<\/strong>, combinando aventura e o conforto que voc\u00ea merece.<\/p>\n<h3>O que esse pacote inclui?<\/h3>\n<ul>\n<li><strong>Passeio personalizado:<\/strong><\/li>\n<li>Um tour por <strong>San Mart\u00edn de los Andes<\/strong> e o m\u00e1gico <strong>Rota dos 7 lagos<\/strong> com partida \u00e0s 08:00 hs<\/li>\n<li>Explorando o poderoso <strong>Serra do Tronador<\/strong> e o surpreendente <strong>Glaciar Ventisquero Negro<\/strong> com partida \u00e0s 09:00 hs.<\/li>\n<li>Um passeio pelos cl\u00e1ssicos <strong>Circuito pequeno<\/strong> com vistas panor\u00e2micas inigual\u00e1veis, com sa\u00edda \u00e0s 08:30 hs.<\/li>\n<\/ul>\n<p>Voc\u00ea tem a chance de ajustar sua programa\u00e7\u00e3o, o que lhe d\u00e1 a oportunidade de <strong>flexibilidade<\/strong> para viver cada passeio \u00e0 sua maneira.<\/p>\n<h3>Detalhes do circuito<\/h3>\n<ul>\n<li><strong>Rota:<\/strong> Inclui San Martin de los Andes, Circuito Chico e Cerro Tronador.<\/li>\n<li><strong>Hor\u00e1rios:<\/strong> Consulte nossas alternativas de hor\u00e1rios para cada passeio.<\/li>\n<\/ul>\n<h3>Servi\u00e7os inclu\u00eddos<\/h3>\n<ul>\n<li><strong>Transporte terrestre:<\/strong> Traslados em ve\u00edculos confort\u00e1veis e confi\u00e1veis.<\/li>\n<li><strong>Guia especializado:<\/strong> Em espanhol, com uma op\u00e7\u00e3o bil\u00edngue dispon\u00edvel por uma taxa adicional.<\/li>\n<\/ul>\n<p><strong>Importante:<\/strong> As refei\u00e7\u00f5es n\u00e3o fazem parte do pacote. Mas voc\u00ea poder\u00e1 desfrutar de <strong>propostas gastron\u00f4micas patag\u00f4nicas<\/strong> em cada est\u00e1gio.<\/p>\n<h3>Reserve seu lugar e comece a aventura!<\/h3>\n<p>Isso <strong>pacote especial<\/strong> \u00e9 oferecido apenas durante a esta\u00e7\u00e3o quente, n\u00e3o perca a oportunidade e explore a Patag\u00f4nia de uma perspectiva diferente!<\/p>\n<h3>Perguntas frequentes<\/h3>\n<ul>\n<li><strong>Posso modificar as atividades do circuito?<\/strong><br \/>\nSim, voc\u00ea tem liberdade para reorganizar as excurs\u00f5es de acordo com o que mais lhe agrada.<\/li>\n<li><strong>H\u00e1 propostas para vegetarianos e veganos?<\/strong><br \/>\nOs estabelecimentos gastron\u00f4micos geralmente t\u00eam alternativas para diferentes estilos de alimenta\u00e7\u00e3o.<\/li>\n<li><strong>Que roupas eu preciso para as excurs\u00f5es?<\/strong><br \/>\nSugerimos o uso de roupas confort\u00e1veis e adequadas para atividades ao ar livre, al\u00e9m de prote\u00e7\u00e3o solar.<\/li>\n<\/ul>","protected":false},"excerpt":{"rendered":"<p>Viva uma experi\u00eancia \u00fanica percorrendo a Patag\u00f4nia com este pacote tur\u00edstico de 3 dias. Explore a beleza de San Martin de los Andes, a famosa Rota dos 7 Lagos, a extraordin\u00e1ria Montanha Tronador e o cl\u00e1ssico Circuito Chico. Aproveite as vantagens de uma programa\u00e7\u00e3o adapt\u00e1vel em um contexto verdadeiramente privilegiado.<\/p>","protected":false},"featured_media":73451,"comment_status":"open","ping_status":"closed","template":"","meta":[],"product_brand":[],"product_cat":[30,34,35,41,45,46,49,51],"product_tag":[],"class_list":{"0":"post-73199","1":"product","2":"type-product","3":"status-publish","4":"has-post-thumbnail","6":"product_cat-adultos","7":"product_cat-con-traslado","8":"product_cat-familia","9":"product_cat-ninos","10":"product_cat-promos","11":"product_cat-sin-comida","12":"product_cat-terrestre","13":"product_cat-todo-el-ano","15":"first","16":"instock","17":"virtual","18":"sold-individually","19":"purchasable","20":"product-type-booking"},"booking_location":"","booking_location_type":"","booking_duration":1,"booking_duration_unit":"hour","booking_buffer":0,"booking_cost":0,"booking_resources":[],"exclude_global_add_ons":false,"addons":[{"name":"STD: Passageiros","type":"input_multiplier","position":0,"required":false,"title_format":"label","default":"","description_enable":false,"description":"","placeholder_enable":false,"placeholder":"","display":"select","restrictions_type":"any_text","adjust_price":true,"price":"156000","price_type":"quantity_based","restrictions":false,"min":"0","max":"0","options":[],"id":1773234688}],"yoast_head":"<!-- This site is optimized with the Yoast SEO Premium plugin v24.5 (Yoast SEO v24.8) - https:\/\/yoast.com\/wordpress\/plugins\/seo\/ -->\n<title>Paquete promocional de 3 d\u00edas de excursi\u00f3n - Rafting Valle del Manso | Aventura en los R\u00edos de Bariloche<\/title>\n<meta name=\"robots\" content=\"index, follow, max-snippet:-1, max-image-preview:large, max-video-preview:-1\" \/>\n<link rel=\"canonical\" href=\"https:\/\/raftingvalledelmanso.com\/pt\/product\/pacote-turistico-promocional-de-3-dias\/\" \/>\n<meta property=\"og:locale\" content=\"pt_BR\" \/>\n<meta property=\"og:type\" content=\"article\" \/>\n<meta property=\"og:title\" content=\"Paquete promocional de 3 d\u00edas de excursi\u00f3n\" \/>\n<meta property=\"og:description\" content=\"Viv\u00ed una experiencia \u00fanica recorriendo la Patagonia con este paquete de excursiones de 3 d\u00edas. Explor\u00e1 la belleza de San Mart\u00edn de los Andes, la famosa Ruta de los 7 Lagos, el destacado Cerro Tronador y el cl\u00e1sico Circuito Chico. Aprovech\u00e1 un cronograma adaptable en un contexto de verdadero privilegio.\" \/>\n<meta property=\"og:url\" content=\"https:\/\/raftingvalledelmanso.com\/pt\/product\/pacote-turistico-promocional-de-3-dias\/\" \/>\n<meta property=\"og:site_name\" content=\"Rafting Valle del Manso | Aventura en los R\u00edos de Bariloche\" \/>\n<meta property=\"article:modified_time\" content=\"2026-04-09T12:21:12+00:00\" \/>\n<meta property=\"og:image\" content=\"https:\/\/raftingvalledelmanso.com\/wp-content\/uploads\/2025\/08\/12-A-DSC_0001.jpg\" \/>\n\t<meta property=\"og:image:width\" content=\"850\" \/>\n\t<meta property=\"og:image:height\" content=\"1133\" \/>\n\t<meta property=\"og:image:type\" content=\"image\/jpeg\" \/>\n<meta name=\"twitter:card\" content=\"summary_large_image\" \/>\n<meta name=\"twitter:label1\" content=\"Pre\u00e7o\" \/>\n\t<meta name=\"twitter:data1\" content=\"&#036;&nbsp;156,000.00\" \/>\n\t<meta name=\"twitter:label2\" content=\"Disponibilidade\" \/>\n\t<meta name=\"twitter:data2\" content=\"Em Estoque\" \/>\n<script type=\"application\/ld+json\" class=\"yoast-schema-graph\">{\"@context\":\"https:\/\/schema.org\",\"@graph\":[{\"@type\":[\"WebPage\",\"ItemPage\"],\"@id\":\"https:\/\/raftingvalledelmanso.com\/product\/paquete-promocional-de-3-dias-de-excursion\",\"url\":\"https:\/\/raftingvalledelmanso.com\/product\/paquete-promocional-de-3-dias-de-excursion\",\"name\":\"Paquete promocional de 3 d\u00edas de excursi\u00f3n - Rafting Valle del Manso | Aventura en los R\u00edos de Bariloche\",\"isPartOf\":{\"@id\":\"https:\/\/raftingvalledelmanso.com\/#website\"},\"primaryImageOfPage\":{\"@id\":\"https:\/\/raftingvalledelmanso.com\/product\/paquete-promocional-de-3-dias-de-excursion#primaryimage\"},\"image\":{\"@id\":\"https:\/\/raftingvalledelmanso.com\/product\/paquete-promocional-de-3-dias-de-excursion#primaryimage\"},\"thumbnailUrl\":\"https:\/\/raftingvalledelmanso.com\/wp-content\/uploads\/2025\/08\/12-A-DSC_0001.jpg\",\"datePublished\":\"2025-08-18T16:37:54+00:00\",\"dateModified\":\"2026-04-09T12:21:12+00:00\",\"breadcrumb\":{\"@id\":\"https:\/\/raftingvalledelmanso.com\/product\/paquete-promocional-de-3-dias-de-excursion#breadcrumb\"},\"inLanguage\":\"pt-BR\",\"potentialAction\":[{\"@type\":\"ReadAction\",\"target\":[\"https:\/\/raftingvalledelmanso.com\/product\/paquete-promocional-de-3-dias-de-excursion\"]}]},{\"@type\":\"ImageObject\",\"inLanguage\":\"pt-BR\",\"@id\":\"https:\/\/raftingvalledelmanso.com\/product\/paquete-promocional-de-3-dias-de-excursion#primaryimage\",\"url\":\"https:\/\/raftingvalledelmanso.com\/wp-content\/uploads\/2025\/08\/12-A-DSC_0001.jpg\",\"contentUrl\":\"https:\/\/raftingvalledelmanso.com\/wp-content\/uploads\/2025\/08\/12-A-DSC_0001.jpg\",\"width\":850,\"height\":1133},{\"@type\":\"BreadcrumbList\",\"@id\":\"https:\/\/raftingvalledelmanso.com\/product\/paquete-promocional-de-3-dias-de-excursion#breadcrumb\",\"itemListElement\":[{\"@type\":\"ListItem\",\"position\":1,\"name\":\"Home\",\"item\":\"https:\/\/raftingvalledelmanso.com\/\"},{\"@type\":\"ListItem\",\"position\":2,\"name\":\"Shop\",\"item\":\"https:\/\/raftingvalledelmanso.com\/shop\/\"},{\"@type\":\"ListItem\",\"position\":3,\"name\":\"Paquete promocional de 3 d\u00edas de excursi\u00f3n\"}]},{\"@type\":\"WebSite\",\"@id\":\"https:\/\/raftingvalledelmanso.com\/#website\",\"url\":\"https:\/\/raftingvalledelmanso.com\/\",\"name\":\"Rafting Valle del Manso | Aventura en los R\u00edos de Bariloche\",\"description\":\"Rafting en la Patagonia Argentina: aventura, naturaleza y emoci\u00f3n en los r\u00e1pidos del Valle del Manso, cerca de Bariloche.\",\"publisher\":{\"@id\":\"https:\/\/raftingvalledelmanso.com\/#organization\"},\"potentialAction\":[{\"@type\":\"SearchAction\",\"target\":{\"@type\":\"EntryPoint\",\"urlTemplate\":\"https:\/\/raftingvalledelmanso.com\/?s={search_term_string}\"},\"query-input\":{\"@type\":\"PropertyValueSpecification\",\"valueRequired\":true,\"valueName\":\"search_term_string\"}}],\"inLanguage\":\"pt-BR\"},{\"@type\":\"Organization\",\"@id\":\"https:\/\/raftingvalledelmanso.com\/#organization\",\"name\":\"Rafting Valle del Manso | Aventura en los R\u00edos de Bariloche\",\"url\":\"https:\/\/raftingvalledelmanso.com\/\",\"logo\":{\"@type\":\"ImageObject\",\"inLanguage\":\"pt-BR\",\"@id\":\"https:\/\/raftingvalledelmanso.com\/#\/schema\/logo\/image\/\",\"url\":\"https:\/\/raftingvalledelmanso.com\/wp-content\/uploads\/2023\/08\/favicon.png\",\"contentUrl\":\"https:\/\/raftingvalledelmanso.com\/wp-content\/uploads\/2023\/08\/favicon.png\",\"width\":100,\"height\":100,\"caption\":\"Rafting Valle del Manso | Aventura en los R\u00edos de Bariloche\"},\"image\":{\"@id\":\"https:\/\/raftingvalledelmanso.com\/#\/schema\/logo\/image\/\"}}]}<\/script>\n<meta property=\"product:price:amount\" content=\"156000.00\" \/>\n<meta property=\"product:price:currency\" content=\"ARS\" \/>\n<meta property=\"og:availability\" content=\"instock\" \/>\n<meta property=\"product:availability\" content=\"instock\" \/>\n<meta property=\"product:retailer_item_id\" content=\"ADV2025PAPRDE20W5\" \/>\n<meta property=\"product:condition\" content=\"new\" \/>\n<!-- \/ Yoast SEO Premium plugin. -->","yoast_head_json":{"title":"Pacote tur\u00edstico promocional de 3 dias - Rafting Valle del Manso | Bariloche Rivers Adventure","robots":{"index":"index","follow":"follow","max-snippet":"max-snippet:-1","max-image-preview":"max-image-preview:large","max-video-preview":"max-video-preview:-1"},"canonical":"https:\/\/raftingvalledelmanso.com\/pt\/product\/pacote-turistico-promocional-de-3-dias\/","og_locale":"pt_BR","og_type":"article","og_title":"Paquete promocional de 3 d\u00edas de excursi\u00f3n","og_description":"Viv\u00ed una experiencia \u00fanica recorriendo la Patagonia con este paquete de excursiones de 3 d\u00edas. Explor\u00e1 la belleza de San Mart\u00edn de los Andes, la famosa Ruta de los 7 Lagos, el destacado Cerro Tronador y el cl\u00e1sico Circuito Chico. Aprovech\u00e1 un cronograma adaptable en un contexto de verdadero privilegio.","og_url":"https:\/\/raftingvalledelmanso.com\/pt\/product\/pacote-turistico-promocional-de-3-dias\/","og_site_name":"Rafting Valle del Manso | Aventura en los R\u00edos de Bariloche","article_modified_time":"2026-04-09T12:21:12+00:00","og_image":[{"width":850,"height":1133,"url":"https:\/\/raftingvalledelmanso.com\/wp-content\/uploads\/2025\/08\/12-A-DSC_0001.jpg","type":"image\/jpeg"}],"twitter_card":"summary_large_image","twitter_misc":{"Pre\u00e7o":"&#36;&nbsp;156,000.00","Disponibilidade":"Em Estoque"},"schema":{"@context":"https:\/\/schema.org","@graph":[{"@type":["WebPage","ItemPage"],"@id":"https:\/\/raftingvalledelmanso.com\/product\/paquete-promocional-de-3-dias-de-excursion","url":"https:\/\/raftingvalledelmanso.com\/product\/paquete-promocional-de-3-dias-de-excursion","name":"Pacote tur\u00edstico promocional de 3 dias - Rafting Valle del Manso | Bariloche Rivers Adventure","isPartOf":{"@id":"https:\/\/raftingvalledelmanso.com\/#website"},"primaryImageOfPage":{"@id":"https:\/\/raftingvalledelmanso.com\/product\/paquete-promocional-de-3-dias-de-excursion#primaryimage"},"image":{"@id":"https:\/\/raftingvalledelmanso.com\/product\/paquete-promocional-de-3-dias-de-excursion#primaryimage"},"thumbnailUrl":"https:\/\/raftingvalledelmanso.com\/wp-content\/uploads\/2025\/08\/12-A-DSC_0001.jpg","datePublished":"2025-08-18T16:37:54+00:00","dateModified":"2026-04-09T12:21:12+00:00","breadcrumb":{"@id":"https:\/\/raftingvalledelmanso.com\/product\/paquete-promocional-de-3-dias-de-excursion#breadcrumb"},"inLanguage":"pt-BR","potentialAction":[{"@type":"ReadAction","target":["https:\/\/raftingvalledelmanso.com\/product\/paquete-promocional-de-3-dias-de-excursion"]}]},{"@type":"ImageObject","inLanguage":"pt-BR","@id":"https:\/\/raftingvalledelmanso.com\/product\/paquete-promocional-de-3-dias-de-excursion#primaryimage","url":"https:\/\/raftingvalledelmanso.com\/wp-content\/uploads\/2025\/08\/12-A-DSC_0001.jpg","contentUrl":"https:\/\/raftingvalledelmanso.com\/wp-content\/uploads\/2025\/08\/12-A-DSC_0001.jpg","width":850,"height":1133},{"@type":"BreadcrumbList","@id":"https:\/\/raftingvalledelmanso.com\/product\/paquete-promocional-de-3-dias-de-excursion#breadcrumb","itemListElement":[{"@type":"ListItem","position":1,"name":"Home","item":"https:\/\/raftingvalledelmanso.com\/"},{"@type":"ListItem","position":2,"name":"Shop","item":"https:\/\/raftingvalledelmanso.com\/shop\/"},{"@type":"ListItem","position":3,"name":"Paquete promocional de 3 d\u00edas de excursi\u00f3n"}]},{"@type":"WebSite","@id":"https:\/\/raftingvalledelmanso.com\/#website","url":"https:\/\/raftingvalledelmanso.com\/","name":"Rafting Valle del Manso | Bariloche Rivers Adventure","description":"Rafting na Patag\u00f4nia Argentina: aventura, natureza e emo\u00e7\u00e3o nas corredeiras do Vale do Manso, perto de Bariloche.","publisher":{"@id":"https:\/\/raftingvalledelmanso.com\/#organization"},"potentialAction":[{"@type":"SearchAction","target":{"@type":"EntryPoint","urlTemplate":"https:\/\/raftingvalledelmanso.com\/?s={search_term_string}"},"query-input":{"@type":"PropertyValueSpecification","valueRequired":true,"valueName":"search_term_string"}}],"inLanguage":"pt-BR"},{"@type":"Organization","@id":"https:\/\/raftingvalledelmanso.com\/#organization","name":"Rafting Valle del Manso | Bariloche Rivers Adventure","url":"https:\/\/raftingvalledelmanso.com\/","logo":{"@type":"ImageObject","inLanguage":"pt-BR","@id":"https:\/\/raftingvalledelmanso.com\/#\/schema\/logo\/image\/","url":"https:\/\/raftingvalledelmanso.com\/wp-content\/uploads\/2023\/08\/favicon.png","contentUrl":"https:\/\/raftingvalledelmanso.com\/wp-content\/uploads\/2023\/08\/favicon.png","width":100,"height":100,"caption":"Rafting Valle del Manso | Aventura en los R\u00edos de Bariloche"},"image":{"@id":"https:\/\/raftingvalledelmanso.com\/#\/schema\/logo\/image\/"}}]},"product_price_amount":"156000.00","product_price_currency":"ARS","og_availability":"instock","product_availability":"instock","product_retailer_item_id":"ADV2025PAPRDE20W5","product_condition":"new"},"_links":{"self":[{"href":"https:\/\/raftingvalledelmanso.com\/pt\/wp-json\/wp\/v2\/product\/73199","targetHints":{"allow":["GET"]}}],"collection":[{"href":"https:\/\/raftingvalledelmanso.com\/pt\/wp-json\/wp\/v2\/product"}],"about":[{"href":"https:\/\/raftingvalledelmanso.com\/pt\/wp-json\/wp\/v2\/types\/product"}],"replies":[{"embeddable":true,"href":"https:\/\/raftingvalledelmanso.com\/pt\/wp-json\/wp\/v2\/comments?post=73199"}],"wp:featuredmedia":[{"embeddable":true,"href":"https:\/\/raftingvalledelmanso.com\/pt\/wp-json\/wp\/v2\/media\/73451"}],"wp:attachment":[{"href":"https:\/\/raftingvalledelmanso.com\/pt\/wp-json\/wp\/v2\/media?parent=73199"}],"wp:term":[{"taxonomy":"product_brand","embeddable":true,"href":"https:\/\/raftingvalledelmanso.com\/pt\/wp-json\/wp\/v2\/product_brand?post=73199"},{"taxonomy":"product_cat","embeddable":true,"href":"https:\/\/raftingvalledelmanso.com\/pt\/wp-json\/wp\/v2\/product_cat?post=73199"},{"taxonomy":"product_tag","embeddable":true,"href":"https:\/\/raftingvalledelmanso.com\/pt\/wp-json\/wp\/v2\/product_tag?post=73199"}],"curies":[{"name":"wp","href":"https:\/\/api.w.org\/{rel}","templated":true}]}}