{"id":73202,"date":"2025-08-18T13:39:16","date_gmt":"2025-08-18T16:39:16","guid":{"rendered":"https:\/\/raftingvalledelmanso.com\/product\/excursion-a-puerto-blest-y-lago-frias-con-traslado"},"modified":"2026-04-09T09:21:12","modified_gmt":"2026-04-09T12:21:12","slug":"puerto-blest-lago-frias-con-traslado","status":"publish","type":"product","link":"https:\/\/raftingvalledelmanso.com\/pt\/product\/puerto-blest-lago-frias-com-traslado\/","title":{"rendered":"Excurs\u00e3o a Puerto Blest e Lago Frias com traslado"},"content":{"rendered":"<h2>Deixe-se levar pela magia de Puerto Blest e da cachoeira \u00abLos C\u00e1ntaros\u00bb.\u00bb<\/h2>\n<p>Venha e experimente uma aventura \u00fanica na encantadora <strong>Puerto Pa\u00f1uelo<\/strong>, localizado a apenas alguns minutos do centro de San Carlos de Bariloche. Em um passeio de barco que dura cerca de uma hora, voc\u00ea poder\u00e1 se aproximar da inconfund\u00edvel <strong>Ilhota Sentinela<\/strong>, famoso por ser o local de descanso do ic\u00f4nico Perito Moreno.<\/p>\n<p>A excurs\u00e3o continua at\u00e9 um sistema de passarelas onde voc\u00ea poder\u00e1 desfrutar de <strong>vistas inigual\u00e1veis da poderosa cachoeira Los C\u00e1ntaros<\/strong>. Esse espet\u00e1culo natural, escoltado por imponentes paredes de granito, abriga um exemplar de lari\u00e7o antigo, com mais de 1.500 anos de hist\u00f3ria viva.<\/p>\n<h3>Navegando por paisagens \u00fanicas no lago<\/h3>\n<p>Suba a bordo de um catamar\u00e3 de \u00faltima gera\u00e7\u00e3o e maravilhe-se com o <strong>vistas privilegiadas do Lago Nahuel Huapi<\/strong> ao lado dos picos deslumbrantes da <strong>Cordilheira dos Andes<\/strong>. Deixe-se envolver pelo charme das ilhas e paisagens nativas que definem essa terra patag\u00f4nica.<\/p>\n<h2>Conhe\u00e7a o Lago Frias: um canto secreto<\/h2>\n<p>Em Puerto Blest, um ponto de encontro para viajantes de todo o mundo, voc\u00ea se surpreender\u00e1 com a beleza da regi\u00e3o. <strong>Lago Frias<\/strong>. Sua cor verde intensa \u00e9 o resultado dos sedimentos arrastados pela geleira Cerro Tronador.<\/p>\n<p>Voc\u00ea pode estender a aventura: a apenas 3 km de dist\u00e2ncia, de \u00f4nibus, voc\u00ea encontrar\u00e1 <strong>Porto Alegre<\/strong>, De l\u00e1, um barco o convida a descobrir de perto essas \u00e1guas de outro mundo.<\/p>\n<h3>Monte uma variedade de op\u00e7\u00f5es para desfrutar<\/h3>\n<ul>\n<li>Caminhadas guiadas pela exclusiva floresta tropical de Vald\u00edvia, um verdadeiro santu\u00e1rio de flora e fauna.<\/li>\n<li>Passeios de barco nas \u00e1guas calmas do Lago Fr\u00edas, com paisagens que o deixar\u00e3o deslumbrado.<\/li>\n<\/ul>\n<h2>Fatos importantes para sua excurs\u00e3o<\/h2>\n<ul>\n<li><strong>Dura\u00e7\u00e3o:<\/strong> Das 8h30 \u00e0s 17h30, aproximadamente.<\/li>\n<li><strong>Ele inclui:<\/strong> Traslado de ida e volta, guia a bordo e passeio a p\u00e9.<\/li>\n<li><strong>N\u00e3o inclu\u00eddo:<\/strong> Almo\u00e7os (h\u00e1 op\u00e7\u00f5es nos Paradores) e taxas de entrada nos Parques Nacionais.<\/li>\n<\/ul>\n<h2>Perguntas frequentes<\/h2>\n<ul>\n<li><strong>Como fa\u00e7o para pagar pelo acesso aos Parques Nacionais?<\/strong><br \/>\nO pagamento \u00e9 feito no dia do passeio em Puerto Pa\u00f1uelo, exclusivamente em dinheiro e em pesos argentinos. Residentes e crian\u00e7as com menos de cinco anos de idade est\u00e3o isentos.<\/li>\n<li><strong>Os aposentados estrangeiros recebem promo\u00e7\u00f5es?<\/strong><br \/>\nN\u00e3o, os benef\u00edcios se aplicam apenas a aposentados argentinos com uma carteira de identidade v\u00e1lida no momento do embarque.<\/li>\n<li><strong>\u00c9 poss\u00edvel levar comida?<\/strong><br \/>\nSim, voc\u00ea pode levar seu pr\u00f3prio almo\u00e7o ou comprar comida a bordo e nos diferentes paradores.<\/li>\n<li><strong>Qual vaso \u00e9 usado?<\/strong><br \/>\nA viagem geralmente \u00e9 feita pela cl\u00e1ssica Modesta Victoria, embora isso possa mudar sem aviso pr\u00e9vio.<\/li>\n<li><strong>\u00c9 poss\u00edvel adicionar outras atividades?<\/strong><br \/>\n\u00c9 claro, especialmente se seu passeio for \u00e0 tarde. Acrescente o Circuito Chico e fa\u00e7a de seu dia uma experi\u00eancia inesquec\u00edvel.<\/li>\n<\/ul>","protected":false},"excerpt":{"rendered":"<p>Desfrute de uma experi\u00eancia \u00fanica visitando Puerto Blest e a cachoeira \u00abLos C\u00e1ntaros\u00bb. Sinta a adrenalina de um passeio de barco e admire o ambiente \u00fanico oferecido pelo Lago Frias. Adquira seu ingresso agora e conecte-se com uma paisagem natural de tirar o f\u00f4lego.<\/p>","protected":false},"featured_media":73466,"comment_status":"open","ping_status":"closed","template":"","meta":[],"product_brand":[],"product_cat":[30,34,35,38,39,41,46,51],"product_tag":[],"class_list":{"0":"post-73202","1":"product","2":"type-product","3":"status-publish","4":"has-post-thumbnail","6":"product_cat-adultos","7":"product_cat-con-traslado","8":"product_cat-familia","9":"product_cat-jubilados","10":"product_cat-lacustre","11":"product_cat-ninos","12":"product_cat-sin-comida","13":"product_cat-todo-el-ano","15":"first","16":"instock","17":"virtual","18":"sold-individually","19":"purchasable","20":"product-type-booking"},"booking_location":"","booking_location_type":"","booking_duration":60,"booking_duration_unit":"minute","booking_buffer":0,"booking_cost":0,"booking_resources":[],"exclude_global_add_ons":false,"addons":[{"name":"ADU | Adulto","type":"input_multiplier","position":0,"required":true,"title_format":"label","default":"","description_enable":false,"description":"","placeholder_enable":false,"placeholder":"","display":"select","restrictions_type":"any_text","adjust_price":true,"price":"212000","price_type":"quantity_based","restrictions":false,"min":"0","max":"0","options":[],"id":1773233993},{"name":"MEN512 | 5 a 12","type":"input_multiplier","position":1,"required":false,"title_format":"label","default":"","description_enable":false,"description":"","placeholder_enable":false,"placeholder":"","display":"select","restrictions_type":"any_text","adjust_price":true,"price":"119000","price_type":"quantity_based","restrictions":false,"min":"0","max":"0","options":[],"id":1773233994},{"name":"ADUJ : Aposentado","type":"input_multiplier","position":2,"required":false,"title_format":"label","default":"","description_enable":false,"description":"","placeholder_enable":false,"placeholder":"","display":"select","restrictions_type":"any_text","adjust_price":true,"price":"119000","price_type":"quantity_based","restrictions":false,"min":"0","max":"0","options":[],"id":1773233995}],"yoast_head":"<!-- This site is optimized with the Yoast SEO Premium plugin v24.5 (Yoast SEO v24.8) - https:\/\/yoast.com\/wordpress\/plugins\/seo\/ -->\n<title>Puerto Blest y Lago Fr\u00edas con traslado | Rafting Valle del Manso<\/title>\n<meta name=\"description\" content=\"Explor\u00e1 Puerto Blest y Lago Fr\u00edas con traslado desde Bariloche. Navegaci\u00f3n, cascadas y vistas inolvidables de la Patagonia.\" \/>\n<meta name=\"robots\" content=\"index, follow, max-snippet:-1, max-image-preview:large, max-video-preview:-1\" \/>\n<link rel=\"canonical\" href=\"https:\/\/raftingvalledelmanso.com\/pt\/product\/puerto-blest-lago-frias-com-traslado\/\" \/>\n<meta property=\"og:locale\" content=\"pt_BR\" \/>\n<meta property=\"og:type\" content=\"article\" \/>\n<meta property=\"og:title\" content=\"Excursi\u00f3n a Puerto Blest y Lago Fr\u00edas con traslado\" \/>\n<meta property=\"og:description\" content=\"Explor\u00e1 Puerto Blest y Lago Fr\u00edas con traslado desde Bariloche. Navegaci\u00f3n, cascadas y vistas inolvidables de la Patagonia.\" \/>\n<meta property=\"og:url\" content=\"https:\/\/raftingvalledelmanso.com\/pt\/product\/puerto-blest-lago-frias-com-traslado\/\" \/>\n<meta property=\"og:site_name\" content=\"Rafting Valle del Manso | Aventura en los R\u00edos de Bariloche\" \/>\n<meta property=\"article:modified_time\" content=\"2026-04-09T12:21:12+00:00\" \/>\n<meta property=\"og:image\" content=\"https:\/\/raftingvalledelmanso.com\/wp-content\/uploads\/2025\/08\/12-D-2.jpg\" \/>\n\t<meta property=\"og:image:width\" content=\"850\" \/>\n\t<meta property=\"og:image:height\" content=\"1133\" \/>\n\t<meta property=\"og:image:type\" content=\"image\/jpeg\" \/>\n<meta name=\"twitter:card\" content=\"summary_large_image\" \/>\n<meta name=\"twitter:label1\" content=\"Pre\u00e7o\" \/>\n\t<meta name=\"twitter:data1\" content=\"&#036;&nbsp;212,000.00\" \/>\n\t<meta name=\"twitter:label2\" content=\"Disponibilidade\" \/>\n\t<meta name=\"twitter:data2\" content=\"Em Estoque\" \/>\n<script type=\"application\/ld+json\" class=\"yoast-schema-graph\">{\"@context\":\"https:\/\/schema.org\",\"@graph\":[{\"@type\":[\"WebPage\",\"ItemPage\"],\"@id\":\"https:\/\/raftingvalledelmanso.com\/product\/puerto-blest-lago-frias-con-traslado\",\"url\":\"https:\/\/raftingvalledelmanso.com\/product\/puerto-blest-lago-frias-con-traslado\",\"name\":\"Puerto Blest y Lago Fr\u00edas con traslado | Rafting Valle del Manso\",\"isPartOf\":{\"@id\":\"https:\/\/raftingvalledelmanso.com\/#website\"},\"primaryImageOfPage\":{\"@id\":\"https:\/\/raftingvalledelmanso.com\/product\/puerto-blest-lago-frias-con-traslado#primaryimage\"},\"image\":{\"@id\":\"https:\/\/raftingvalledelmanso.com\/product\/puerto-blest-lago-frias-con-traslado#primaryimage\"},\"thumbnailUrl\":\"https:\/\/raftingvalledelmanso.com\/wp-content\/uploads\/2025\/08\/12-D-2.jpg\",\"datePublished\":\"2025-08-18T16:39:16+00:00\",\"dateModified\":\"2026-04-09T12:21:12+00:00\",\"description\":\"Explor\u00e1 Puerto Blest y Lago Fr\u00edas con traslado desde Bariloche. Navegaci\u00f3n, cascadas y vistas inolvidables de la Patagonia.\",\"breadcrumb\":{\"@id\":\"https:\/\/raftingvalledelmanso.com\/product\/puerto-blest-lago-frias-con-traslado#breadcrumb\"},\"inLanguage\":\"pt-BR\",\"potentialAction\":[{\"@type\":\"ReadAction\",\"target\":[\"https:\/\/raftingvalledelmanso.com\/product\/puerto-blest-lago-frias-con-traslado\"]}]},{\"@type\":\"ImageObject\",\"inLanguage\":\"pt-BR\",\"@id\":\"https:\/\/raftingvalledelmanso.com\/product\/puerto-blest-lago-frias-con-traslado#primaryimage\",\"url\":\"https:\/\/raftingvalledelmanso.com\/wp-content\/uploads\/2025\/08\/12-D-2.jpg\",\"contentUrl\":\"https:\/\/raftingvalledelmanso.com\/wp-content\/uploads\/2025\/08\/12-D-2.jpg\",\"width\":850,\"height\":1133},{\"@type\":\"BreadcrumbList\",\"@id\":\"https:\/\/raftingvalledelmanso.com\/product\/puerto-blest-lago-frias-con-traslado#breadcrumb\",\"itemListElement\":[{\"@type\":\"ListItem\",\"position\":1,\"name\":\"Home\",\"item\":\"https:\/\/raftingvalledelmanso.com\/\"},{\"@type\":\"ListItem\",\"position\":2,\"name\":\"Shop\",\"item\":\"https:\/\/raftingvalledelmanso.com\/shop\/\"},{\"@type\":\"ListItem\",\"position\":3,\"name\":\"Excursi\u00f3n a Puerto Blest y Lago Fr\u00edas con traslado\"}]},{\"@type\":\"WebSite\",\"@id\":\"https:\/\/raftingvalledelmanso.com\/#website\",\"url\":\"https:\/\/raftingvalledelmanso.com\/\",\"name\":\"Rafting Valle del Manso | Aventura en los R\u00edos de Bariloche\",\"description\":\"Rafting en la Patagonia Argentina: aventura, naturaleza y emoci\u00f3n en los r\u00e1pidos del Valle del Manso, cerca de Bariloche.\",\"publisher\":{\"@id\":\"https:\/\/raftingvalledelmanso.com\/#organization\"},\"potentialAction\":[{\"@type\":\"SearchAction\",\"target\":{\"@type\":\"EntryPoint\",\"urlTemplate\":\"https:\/\/raftingvalledelmanso.com\/?s={search_term_string}\"},\"query-input\":{\"@type\":\"PropertyValueSpecification\",\"valueRequired\":true,\"valueName\":\"search_term_string\"}}],\"inLanguage\":\"pt-BR\"},{\"@type\":\"Organization\",\"@id\":\"https:\/\/raftingvalledelmanso.com\/#organization\",\"name\":\"Rafting Valle del Manso | Aventura en los R\u00edos de Bariloche\",\"url\":\"https:\/\/raftingvalledelmanso.com\/\",\"logo\":{\"@type\":\"ImageObject\",\"inLanguage\":\"pt-BR\",\"@id\":\"https:\/\/raftingvalledelmanso.com\/#\/schema\/logo\/image\/\",\"url\":\"https:\/\/raftingvalledelmanso.com\/wp-content\/uploads\/2023\/08\/favicon.png\",\"contentUrl\":\"https:\/\/raftingvalledelmanso.com\/wp-content\/uploads\/2023\/08\/favicon.png\",\"width\":100,\"height\":100,\"caption\":\"Rafting Valle del Manso | Aventura en los R\u00edos de Bariloche\"},\"image\":{\"@id\":\"https:\/\/raftingvalledelmanso.com\/#\/schema\/logo\/image\/\"}}]}<\/script>\n<meta property=\"product:price:amount\" content=\"212000.00\" \/>\n<meta property=\"product:price:currency\" content=\"ARS\" \/>\n<meta property=\"og:availability\" content=\"instock\" \/>\n<meta property=\"product:availability\" content=\"instock\" \/>\n<meta property=\"product:retailer_item_id\" content=\"ADV2025PUBLYC9CR1\" \/>\n<meta property=\"product:condition\" content=\"new\" \/>\n<!-- \/ Yoast SEO Premium plugin. -->","yoast_head_json":{"title":"Puerto Blest e Lago Frias com traslado | Rafting no Vale do Manso","description":"Explore Puerto Blest e Lago Frias com traslado de Bariloche. Navega\u00e7\u00e3o, cachoeiras e vistas inesquec\u00edveis da Patag\u00f4nia.","robots":{"index":"index","follow":"follow","max-snippet":"max-snippet:-1","max-image-preview":"max-image-preview:large","max-video-preview":"max-video-preview:-1"},"canonical":"https:\/\/raftingvalledelmanso.com\/pt\/product\/puerto-blest-lago-frias-com-traslado\/","og_locale":"pt_BR","og_type":"article","og_title":"Excursi\u00f3n a Puerto Blest y Lago Fr\u00edas con traslado","og_description":"Explor\u00e1 Puerto Blest y Lago Fr\u00edas con traslado desde Bariloche. Navegaci\u00f3n, cascadas y vistas inolvidables de la Patagonia.","og_url":"https:\/\/raftingvalledelmanso.com\/pt\/product\/puerto-blest-lago-frias-com-traslado\/","og_site_name":"Rafting Valle del Manso | Aventura en los R\u00edos de Bariloche","article_modified_time":"2026-04-09T12:21:12+00:00","og_image":[{"width":850,"height":1133,"url":"https:\/\/raftingvalledelmanso.com\/wp-content\/uploads\/2025\/08\/12-D-2.jpg","type":"image\/jpeg"}],"twitter_card":"summary_large_image","twitter_misc":{"Pre\u00e7o":"&#36;&nbsp;212,000.00","Disponibilidade":"Em Estoque"},"schema":{"@context":"https:\/\/schema.org","@graph":[{"@type":["WebPage","ItemPage"],"@id":"https:\/\/raftingvalledelmanso.com\/product\/puerto-blest-lago-frias-con-traslado","url":"https:\/\/raftingvalledelmanso.com\/product\/puerto-blest-lago-frias-con-traslado","name":"Puerto Blest e Lago Frias com traslado | Rafting no Vale do Manso","isPartOf":{"@id":"https:\/\/raftingvalledelmanso.com\/#website"},"primaryImageOfPage":{"@id":"https:\/\/raftingvalledelmanso.com\/product\/puerto-blest-lago-frias-con-traslado#primaryimage"},"image":{"@id":"https:\/\/raftingvalledelmanso.com\/product\/puerto-blest-lago-frias-con-traslado#primaryimage"},"thumbnailUrl":"https:\/\/raftingvalledelmanso.com\/wp-content\/uploads\/2025\/08\/12-D-2.jpg","datePublished":"2025-08-18T16:39:16+00:00","dateModified":"2026-04-09T12:21:12+00:00","description":"Explore Puerto Blest e Lago Frias com traslado de Bariloche. Navega\u00e7\u00e3o, cachoeiras e vistas inesquec\u00edveis da Patag\u00f4nia.","breadcrumb":{"@id":"https:\/\/raftingvalledelmanso.com\/product\/puerto-blest-lago-frias-con-traslado#breadcrumb"},"inLanguage":"pt-BR","potentialAction":[{"@type":"ReadAction","target":["https:\/\/raftingvalledelmanso.com\/product\/puerto-blest-lago-frias-con-traslado"]}]},{"@type":"ImageObject","inLanguage":"pt-BR","@id":"https:\/\/raftingvalledelmanso.com\/product\/puerto-blest-lago-frias-con-traslado#primaryimage","url":"https:\/\/raftingvalledelmanso.com\/wp-content\/uploads\/2025\/08\/12-D-2.jpg","contentUrl":"https:\/\/raftingvalledelmanso.com\/wp-content\/uploads\/2025\/08\/12-D-2.jpg","width":850,"height":1133},{"@type":"BreadcrumbList","@id":"https:\/\/raftingvalledelmanso.com\/product\/puerto-blest-lago-frias-con-traslado#breadcrumb","itemListElement":[{"@type":"ListItem","position":1,"name":"Home","item":"https:\/\/raftingvalledelmanso.com\/"},{"@type":"ListItem","position":2,"name":"Shop","item":"https:\/\/raftingvalledelmanso.com\/shop\/"},{"@type":"ListItem","position":3,"name":"Excursi\u00f3n a Puerto Blest y Lago Fr\u00edas con traslado"}]},{"@type":"WebSite","@id":"https:\/\/raftingvalledelmanso.com\/#website","url":"https:\/\/raftingvalledelmanso.com\/","name":"Rafting Valle del Manso | Bariloche Rivers Adventure","description":"Rafting na Patag\u00f4nia Argentina: aventura, natureza e emo\u00e7\u00e3o nas corredeiras do Vale do Manso, perto de Bariloche.","publisher":{"@id":"https:\/\/raftingvalledelmanso.com\/#organization"},"potentialAction":[{"@type":"SearchAction","target":{"@type":"EntryPoint","urlTemplate":"https:\/\/raftingvalledelmanso.com\/?s={search_term_string}"},"query-input":{"@type":"PropertyValueSpecification","valueRequired":true,"valueName":"search_term_string"}}],"inLanguage":"pt-BR"},{"@type":"Organization","@id":"https:\/\/raftingvalledelmanso.com\/#organization","name":"Rafting Valle del Manso | Bariloche Rivers Adventure","url":"https:\/\/raftingvalledelmanso.com\/","logo":{"@type":"ImageObject","inLanguage":"pt-BR","@id":"https:\/\/raftingvalledelmanso.com\/#\/schema\/logo\/image\/","url":"https:\/\/raftingvalledelmanso.com\/wp-content\/uploads\/2023\/08\/favicon.png","contentUrl":"https:\/\/raftingvalledelmanso.com\/wp-content\/uploads\/2023\/08\/favicon.png","width":100,"height":100,"caption":"Rafting Valle del Manso | Aventura en los R\u00edos de Bariloche"},"image":{"@id":"https:\/\/raftingvalledelmanso.com\/#\/schema\/logo\/image\/"}}]},"product_price_amount":"212000.00","product_price_currency":"ARS","og_availability":"instock","product_availability":"instock","product_retailer_item_id":"ADV2025PUBLYC9CR1","product_condition":"new"},"_links":{"self":[{"href":"https:\/\/raftingvalledelmanso.com\/pt\/wp-json\/wp\/v2\/product\/73202","targetHints":{"allow":["GET"]}}],"collection":[{"href":"https:\/\/raftingvalledelmanso.com\/pt\/wp-json\/wp\/v2\/product"}],"about":[{"href":"https:\/\/raftingvalledelmanso.com\/pt\/wp-json\/wp\/v2\/types\/product"}],"replies":[{"embeddable":true,"href":"https:\/\/raftingvalledelmanso.com\/pt\/wp-json\/wp\/v2\/comments?post=73202"}],"wp:featuredmedia":[{"embeddable":true,"href":"https:\/\/raftingvalledelmanso.com\/pt\/wp-json\/wp\/v2\/media\/73466"}],"wp:attachment":[{"href":"https:\/\/raftingvalledelmanso.com\/pt\/wp-json\/wp\/v2\/media?parent=73202"}],"wp:term":[{"taxonomy":"product_brand","embeddable":true,"href":"https:\/\/raftingvalledelmanso.com\/pt\/wp-json\/wp\/v2\/product_brand?post=73202"},{"taxonomy":"product_cat","embeddable":true,"href":"https:\/\/raftingvalledelmanso.com\/pt\/wp-json\/wp\/v2\/product_cat?post=73202"},{"taxonomy":"product_tag","embeddable":true,"href":"https:\/\/raftingvalledelmanso.com\/pt\/wp-json\/wp\/v2\/product_tag?post=73202"}],"curies":[{"name":"wp","href":"https:\/\/api.w.org\/{rel}","templated":true}]}}