{"id":73203,"date":"2025-08-18T13:39:47","date_gmt":"2025-08-18T16:39:47","guid":{"rendered":"https:\/\/raftingvalledelmanso.com\/product\/navegacion-por-nahuel-huapi-isla-victoria-y-bosque-de-arrayanes-sin-traslado"},"modified":"2026-04-08T16:22:43","modified_gmt":"2026-04-08T19:22:43","slug":"isla-victoria-arrayanes-sin-traslado","status":"publish","type":"product","link":"https:\/\/raftingvalledelmanso.com\/pt\/product\/victoria-arrayanes-island-sem-realocacao\/","title":{"rendered":"Navega\u00e7\u00e3o Nahuel Huapi: Ilha Victoria e Floresta Arrayanes sem traslado"},"content":{"rendered":"<h3 data-start=\"304\" data-end=\"381\">Experimente um cl\u00e1ssico da Patag\u00f4nia, com o apoio da Bariloche Excursiones<\/h3>\n<p data-start=\"383\" data-end=\"761\">Navegue pelas \u00e1guas cristalinas do Nahuel Huapi e mergulhe na ess\u00eancia de duas joias locais: a deslumbrante Ilha Victoria e a m\u00e1gica Floresta de Arrayanes. Esta proposta \u00e9 perfeita se voc\u00ea j\u00e1 estiver em Bariloche e preferir ir diretamente a Puerto Pa\u00f1uelo por seus pr\u00f3prios meios, desfrutando em seu pr\u00f3prio ritmo do servi\u00e7o especializado que s\u00f3 n\u00f3s podemos oferecer.<\/p>\n<h3 data-start=\"763\" data-end=\"808\">Circuito e destaques a n\u00e3o perder<\/h3>\n<p data-start=\"810\" data-end=\"1136\">O ponto de partida \u00e9 <strong data-start=\"832\" data-end=\"850\">Puerto Pa\u00f1uelo<\/strong>, no quil\u00f4metro 25 da Avenida Bustillo. L\u00e1 voc\u00ea embarca em um catamar\u00e3 envidra\u00e7ado e come\u00e7a a travessia do Nahuel Huapi. A primeira viagem \u00e9 para o <strong data-start=\"1006\" data-end=\"1032\">Pen\u00ednsula de Quetrihu\u00e9<\/strong>, para explorar trilhas cercadas pela \u00fanica floresta de murta genu\u00edna do planeta.<\/p>\n<p data-start=\"1138\" data-end=\"1365\">Em seguida, a viagem continua at\u00e9 <strong data-start=\"1166\" data-end=\"1183\">Ilha Victoria<\/strong>, um ambiente natural de sonho com trilhas at\u00e9 o <strong data-start=\"1246\" data-end=\"1264\">Praia de El Toro<\/strong>, Um canto distinto de areia vulc\u00e2nica e hist\u00f3rias ancestrais, onde voc\u00ea encontrar\u00e1 pinturas rupestres enigm\u00e1ticas.<\/p>\n<h3 data-start=\"1367\" data-end=\"1387\">Fatos importantes para sua experi\u00eancia<\/h3>\n<ul data-start=\"1389\" data-end=\"1663\">\n<li data-start=\"1389\" data-end=\"1435\">\n<p data-start=\"1391\" data-end=\"1435\"><strong data-start=\"1391\" data-end=\"1412\">Dura\u00e7\u00e3o aproximada<\/strong>: das 13:00 \u00e0s 18:30 hs.<\/p>\n<\/li>\n<li data-start=\"1436\" data-end=\"1521\">\n<p data-start=\"1438\" data-end=\"1521\"><strong data-start=\"1438\" data-end=\"1449\">Inclui<\/strong>Passeio de catamar\u00e3 e guia especializado que o acompanha o tempo todo.<\/p>\n<\/li>\n<li data-start=\"1522\" data-end=\"1663\">\n<p data-start=\"1524\" data-end=\"1663\"><strong data-start=\"1524\" data-end=\"1538\">N\u00e3o inclui<\/strong>Traslado para Puerto Pa\u00f1uelo, taxas portu\u00e1rias e acesso ao Parque Nacional, sem refei\u00e7\u00f5es (no barco e na ilha voc\u00ea encontrar\u00e1 uma variedade para escolher).<\/p>\n<\/li>\n<\/ul>\n<h3 data-start=\"1665\" data-end=\"1694\">Chegue l\u00e1 facilmente por conta pr\u00f3pria<\/h3>\n<p data-start=\"1696\" data-end=\"1943\">Puerto Pa\u00f1uelo fica a apenas meia hora do centro de Bariloche, no km 25 da Avenida Bustillo. Voc\u00ea pode chegar de carro, pedir um t\u00e1xi ou pegar um \u00f4nibus. Assim que fizer sua reserva, n\u00f3s lhe enviaremos todas as informa\u00e7\u00f5es necess\u00e1rias para chegar l\u00e1 sem problemas.<\/p>\n<h3 data-start=\"1950\" data-end=\"1974\">Perguntas frequentes<\/h3>\n<p data-start=\"1976\" data-end=\"2212\"><strong data-start=\"1976\" data-end=\"2028\">Onde posso pagar as taxas do parque e de embarque?<\/strong><br data-start=\"2028\" data-end=\"2031\" \/>Eles s\u00e3o pagos em dinheiro no mesmo dia, diretamente em Puerto Pa\u00f1uelo. Est\u00e3o isentos os residentes de Bariloche, pessoas com certificado de defici\u00eancia, crian\u00e7as menores de 6 anos e aposentados nacionais.<\/p>\n<p data-start=\"2214\" data-end=\"2368\"><strong data-start=\"2214\" data-end=\"2260\">Os turistas estrangeiros t\u00eam acesso a descontos?<\/strong><br data-start=\"2260\" data-end=\"2263\" \/>N\u00e3o. Os benef\u00edcios nas taxas s\u00e3o apenas para aqueles que residem na Argentina e podem comprovar seu status.<\/p>\n<p data-start=\"2370\" data-end=\"2524\"><strong data-start=\"2370\" data-end=\"2402\">Qual barco \u00e9 usado para a excurs\u00e3o?<\/strong><br data-start=\"2402\" data-end=\"2405\" \/>Normalmente, ele \u00e9 navegado no ic\u00f4nico <strong data-start=\"2457\" data-end=\"2477\">Modesta Victoria<\/strong>, embora a embarca\u00e7\u00e3o possa variar se a situa\u00e7\u00e3o exigir.<\/p>\n<p data-start=\"2526\" data-end=\"2689\"><strong data-start=\"2526\" data-end=\"2587\">Posso levar algo para comer e h\u00e1 op\u00e7\u00f5es a bordo?<\/strong><br data-start=\"2587\" data-end=\"2590\" \/>\u00c9 claro: voc\u00ea pode levar seu pr\u00f3prio almo\u00e7o se quiser ou escolher entre alimentos e bebidas no catamar\u00e3 ou na Ilha Victoria.<\/p>","protected":false},"excerpt":{"rendered":"<p>Vivi uma experi\u00eancia inesquec\u00edvel viajando pela <strong>Ilha Victoria<\/strong> e o <strong>Floresta Myrtle<\/strong>, localizado no cora\u00e7\u00e3o da incr\u00edvel Patag\u00f4nia. Descobri a imponente <strong>Lago Nahuel Huapi<\/strong> enquanto voc\u00ea caminha por trilhas cercadas de natureza viva e descobertas de culturas antigas. Uma proposta \u00fanica para desfrutar de um ambiente natural incompar\u00e1vel.<\/p>","protected":false},"featured_media":73457,"comment_status":"open","ping_status":"closed","template":"","meta":[],"product_brand":[],"product_cat":[30,35,38,39,41,46,47,51],"product_tag":[],"class_list":{"0":"post-73203","1":"product","2":"type-product","3":"status-publish","4":"has-post-thumbnail","6":"product_cat-adultos","7":"product_cat-familia","8":"product_cat-jubilados","9":"product_cat-lacustre","10":"product_cat-ninos","11":"product_cat-sin-comida","12":"product_cat-sin-traslado","13":"product_cat-todo-el-ano","15":"first","16":"instock","17":"virtual","18":"sold-individually","19":"purchasable","20":"product-type-booking"},"booking_location":"","booking_location_type":"","booking_duration":60,"booking_duration_unit":"minute","booking_buffer":0,"booking_cost":0,"booking_resources":[],"exclude_global_add_ons":false,"addons":[{"name":"ADU | Adulto","type":"input_multiplier","position":0,"required":false,"title_format":"label","default":"","description_enable":false,"description":"","placeholder_enable":false,"placeholder":"","display":"select","restrictions_type":"any_text","adjust_price":true,"price":"136000","price_type":"quantity_based","restrictions":false,"min":"0","max":"0","options":[],"id":1773233738},{"name":"MEN512 | 5 a 12","type":"input_multiplier","position":1,"required":false,"title_format":"label","default":"","description_enable":false,"description":"","placeholder_enable":false,"placeholder":"","display":"select","restrictions_type":"any_text","adjust_price":true,"price":"70000","price_type":"quantity_based","restrictions":false,"min":"0","max":"0","options":[],"id":1773233739},{"name":"ADUJ : Aposentado","type":"input_multiplier","position":2,"required":false,"title_format":"label","default":"","description_enable":false,"description":"","placeholder_enable":false,"placeholder":"","display":"select","restrictions_type":"any_text","adjust_price":true,"price":"70000","price_type":"quantity_based","restrictions":false,"min":"0","max":"0","options":[],"id":1773233740}],"yoast_head":"<!-- This site is optimized with the Yoast SEO Premium plugin v24.5 (Yoast SEO v24.8) - https:\/\/yoast.com\/wordpress\/plugins\/seo\/ -->\n<title>Isla Victoria y Arrayanes sin traslado | Rafting Valle del Manso<\/title>\n<meta name=\"description\" content=\"Naveg\u00e1 por tu cuenta hasta Isla Victoria y el Bosque de Arrayanes. Una experiencia natural entre aguas cristalinas y senderos.\" \/>\n<meta name=\"robots\" content=\"index, follow, max-snippet:-1, max-image-preview:large, max-video-preview:-1\" \/>\n<link rel=\"canonical\" href=\"https:\/\/raftingvalledelmanso.com\/pt\/product\/victoria-arrayanes-island-sem-realocacao\/\" \/>\n<meta property=\"og:locale\" content=\"pt_BR\" \/>\n<meta property=\"og:type\" content=\"article\" \/>\n<meta property=\"og:title\" content=\"Navegaci\u00f3n por Nahuel Huapi: Isla Victoria y Bosque de Arrayanes sin traslado\" \/>\n<meta property=\"og:description\" content=\"Naveg\u00e1 por tu cuenta hasta Isla Victoria y el Bosque de Arrayanes. Una experiencia natural entre aguas cristalinas y senderos.\" \/>\n<meta property=\"og:url\" content=\"https:\/\/raftingvalledelmanso.com\/pt\/product\/victoria-arrayanes-island-sem-realocacao\/\" \/>\n<meta property=\"og:site_name\" content=\"Rafting Valle del Manso | Aventura en los R\u00edos de Bariloche\" \/>\n<meta property=\"article:modified_time\" content=\"2026-04-08T19:22:43+00:00\" \/>\n<meta property=\"og:image\" content=\"https:\/\/raftingvalledelmanso.com\/wp-content\/uploads\/2025\/08\/12-C-492004943_1131416849016168_5926360656846029055_n.jpg\" \/>\n\t<meta property=\"og:image:width\" content=\"850\" \/>\n\t<meta property=\"og:image:height\" content=\"1133\" \/>\n\t<meta property=\"og:image:type\" content=\"image\/jpeg\" \/>\n<meta name=\"twitter:card\" content=\"summary_large_image\" \/>\n<meta name=\"twitter:label1\" content=\"Pre\u00e7o\" \/>\n\t<meta name=\"twitter:data1\" content=\"&#036;&nbsp;163,200.00\" \/>\n\t<meta name=\"twitter:label2\" content=\"Disponibilidade\" \/>\n\t<meta name=\"twitter:data2\" content=\"Em Estoque\" \/>\n<script type=\"application\/ld+json\" class=\"yoast-schema-graph\">{\"@context\":\"https:\/\/schema.org\",\"@graph\":[{\"@type\":[\"WebPage\",\"ItemPage\"],\"@id\":\"https:\/\/raftingvalledelmanso.com\/product\/isla-victoria-arrayanes-sin-traslado\",\"url\":\"https:\/\/raftingvalledelmanso.com\/product\/isla-victoria-arrayanes-sin-traslado\",\"name\":\"Isla Victoria y Arrayanes sin traslado | Rafting Valle del Manso\",\"isPartOf\":{\"@id\":\"https:\/\/raftingvalledelmanso.com\/#website\"},\"primaryImageOfPage\":{\"@id\":\"https:\/\/raftingvalledelmanso.com\/product\/isla-victoria-arrayanes-sin-traslado#primaryimage\"},\"image\":{\"@id\":\"https:\/\/raftingvalledelmanso.com\/product\/isla-victoria-arrayanes-sin-traslado#primaryimage\"},\"thumbnailUrl\":\"https:\/\/raftingvalledelmanso.com\/wp-content\/uploads\/2025\/08\/12-C-492004943_1131416849016168_5926360656846029055_n.jpg\",\"datePublished\":\"2025-08-18T16:39:47+00:00\",\"dateModified\":\"2026-04-08T19:22:43+00:00\",\"description\":\"Naveg\u00e1 por tu cuenta hasta Isla Victoria y el Bosque de Arrayanes. Una experiencia natural entre aguas cristalinas y senderos.\",\"breadcrumb\":{\"@id\":\"https:\/\/raftingvalledelmanso.com\/product\/isla-victoria-arrayanes-sin-traslado#breadcrumb\"},\"inLanguage\":\"pt-BR\",\"potentialAction\":[{\"@type\":\"ReadAction\",\"target\":[\"https:\/\/raftingvalledelmanso.com\/product\/isla-victoria-arrayanes-sin-traslado\"]}]},{\"@type\":\"ImageObject\",\"inLanguage\":\"pt-BR\",\"@id\":\"https:\/\/raftingvalledelmanso.com\/product\/isla-victoria-arrayanes-sin-traslado#primaryimage\",\"url\":\"https:\/\/raftingvalledelmanso.com\/wp-content\/uploads\/2025\/08\/12-C-492004943_1131416849016168_5926360656846029055_n.jpg\",\"contentUrl\":\"https:\/\/raftingvalledelmanso.com\/wp-content\/uploads\/2025\/08\/12-C-492004943_1131416849016168_5926360656846029055_n.jpg\",\"width\":850,\"height\":1133},{\"@type\":\"BreadcrumbList\",\"@id\":\"https:\/\/raftingvalledelmanso.com\/product\/isla-victoria-arrayanes-sin-traslado#breadcrumb\",\"itemListElement\":[{\"@type\":\"ListItem\",\"position\":1,\"name\":\"Home\",\"item\":\"https:\/\/raftingvalledelmanso.com\/\"},{\"@type\":\"ListItem\",\"position\":2,\"name\":\"Shop\",\"item\":\"https:\/\/raftingvalledelmanso.com\/shop\/\"},{\"@type\":\"ListItem\",\"position\":3,\"name\":\"Navegaci\u00f3n por Nahuel Huapi: Isla Victoria y Bosque de Arrayanes sin traslado\"}]},{\"@type\":\"WebSite\",\"@id\":\"https:\/\/raftingvalledelmanso.com\/#website\",\"url\":\"https:\/\/raftingvalledelmanso.com\/\",\"name\":\"Rafting Valle del Manso | Aventura en los R\u00edos de Bariloche\",\"description\":\"Rafting en la Patagonia Argentina: aventura, naturaleza y emoci\u00f3n en los r\u00e1pidos del Valle del Manso, cerca de Bariloche.\",\"publisher\":{\"@id\":\"https:\/\/raftingvalledelmanso.com\/#organization\"},\"potentialAction\":[{\"@type\":\"SearchAction\",\"target\":{\"@type\":\"EntryPoint\",\"urlTemplate\":\"https:\/\/raftingvalledelmanso.com\/?s={search_term_string}\"},\"query-input\":{\"@type\":\"PropertyValueSpecification\",\"valueRequired\":true,\"valueName\":\"search_term_string\"}}],\"inLanguage\":\"pt-BR\"},{\"@type\":\"Organization\",\"@id\":\"https:\/\/raftingvalledelmanso.com\/#organization\",\"name\":\"Rafting Valle del Manso | Aventura en los R\u00edos de Bariloche\",\"url\":\"https:\/\/raftingvalledelmanso.com\/\",\"logo\":{\"@type\":\"ImageObject\",\"inLanguage\":\"pt-BR\",\"@id\":\"https:\/\/raftingvalledelmanso.com\/#\/schema\/logo\/image\/\",\"url\":\"https:\/\/raftingvalledelmanso.com\/wp-content\/uploads\/2023\/08\/favicon.png\",\"contentUrl\":\"https:\/\/raftingvalledelmanso.com\/wp-content\/uploads\/2023\/08\/favicon.png\",\"width\":100,\"height\":100,\"caption\":\"Rafting Valle del Manso | Aventura en los R\u00edos de Bariloche\"},\"image\":{\"@id\":\"https:\/\/raftingvalledelmanso.com\/#\/schema\/logo\/image\/\"}}]}<\/script>\n<meta property=\"product:price:amount\" content=\"163200.00\" \/>\n<meta property=\"product:price:currency\" content=\"ARS\" \/>\n<meta property=\"og:availability\" content=\"instock\" \/>\n<meta property=\"product:availability\" content=\"instock\" \/>\n<meta property=\"product:retailer_item_id\" content=\"ADV2025ISVIYB4A10\" \/>\n<meta property=\"product:condition\" content=\"new\" \/>\n<!-- \/ Yoast SEO Premium plugin. -->","yoast_head_json":{"title":"Isla Victoria e Arrayanes sem traslado | Manso Valley Rafting","description":"Navegue por conta pr\u00f3pria at\u00e9 a Ilha Victoria e a Floresta Arrayanes. Uma experi\u00eancia natural entre \u00e1guas cristalinas e trilhas.","robots":{"index":"index","follow":"follow","max-snippet":"max-snippet:-1","max-image-preview":"max-image-preview:large","max-video-preview":"max-video-preview:-1"},"canonical":"https:\/\/raftingvalledelmanso.com\/pt\/product\/victoria-arrayanes-island-sem-realocacao\/","og_locale":"pt_BR","og_type":"article","og_title":"Navegaci\u00f3n por Nahuel Huapi: Isla Victoria y Bosque de Arrayanes sin traslado","og_description":"Naveg\u00e1 por tu cuenta hasta Isla Victoria y el Bosque de Arrayanes. Una experiencia natural entre aguas cristalinas y senderos.","og_url":"https:\/\/raftingvalledelmanso.com\/pt\/product\/victoria-arrayanes-island-sem-realocacao\/","og_site_name":"Rafting Valle del Manso | Aventura en los R\u00edos de Bariloche","article_modified_time":"2026-04-08T19:22:43+00:00","og_image":[{"width":850,"height":1133,"url":"https:\/\/raftingvalledelmanso.com\/wp-content\/uploads\/2025\/08\/12-C-492004943_1131416849016168_5926360656846029055_n.jpg","type":"image\/jpeg"}],"twitter_card":"summary_large_image","twitter_misc":{"Pre\u00e7o":"&#36;&nbsp;163,200.00","Disponibilidade":"Em Estoque"},"schema":{"@context":"https:\/\/schema.org","@graph":[{"@type":["WebPage","ItemPage"],"@id":"https:\/\/raftingvalledelmanso.com\/product\/isla-victoria-arrayanes-sin-traslado","url":"https:\/\/raftingvalledelmanso.com\/product\/isla-victoria-arrayanes-sin-traslado","name":"Isla Victoria e Arrayanes sem traslado | Manso Valley Rafting","isPartOf":{"@id":"https:\/\/raftingvalledelmanso.com\/#website"},"primaryImageOfPage":{"@id":"https:\/\/raftingvalledelmanso.com\/product\/isla-victoria-arrayanes-sin-traslado#primaryimage"},"image":{"@id":"https:\/\/raftingvalledelmanso.com\/product\/isla-victoria-arrayanes-sin-traslado#primaryimage"},"thumbnailUrl":"https:\/\/raftingvalledelmanso.com\/wp-content\/uploads\/2025\/08\/12-C-492004943_1131416849016168_5926360656846029055_n.jpg","datePublished":"2025-08-18T16:39:47+00:00","dateModified":"2026-04-08T19:22:43+00:00","description":"Navegue por conta pr\u00f3pria at\u00e9 a Ilha Victoria e a Floresta Arrayanes. Uma experi\u00eancia natural entre \u00e1guas cristalinas e trilhas.","breadcrumb":{"@id":"https:\/\/raftingvalledelmanso.com\/product\/isla-victoria-arrayanes-sin-traslado#breadcrumb"},"inLanguage":"pt-BR","potentialAction":[{"@type":"ReadAction","target":["https:\/\/raftingvalledelmanso.com\/product\/isla-victoria-arrayanes-sin-traslado"]}]},{"@type":"ImageObject","inLanguage":"pt-BR","@id":"https:\/\/raftingvalledelmanso.com\/product\/isla-victoria-arrayanes-sin-traslado#primaryimage","url":"https:\/\/raftingvalledelmanso.com\/wp-content\/uploads\/2025\/08\/12-C-492004943_1131416849016168_5926360656846029055_n.jpg","contentUrl":"https:\/\/raftingvalledelmanso.com\/wp-content\/uploads\/2025\/08\/12-C-492004943_1131416849016168_5926360656846029055_n.jpg","width":850,"height":1133},{"@type":"BreadcrumbList","@id":"https:\/\/raftingvalledelmanso.com\/product\/isla-victoria-arrayanes-sin-traslado#breadcrumb","itemListElement":[{"@type":"ListItem","position":1,"name":"Home","item":"https:\/\/raftingvalledelmanso.com\/"},{"@type":"ListItem","position":2,"name":"Shop","item":"https:\/\/raftingvalledelmanso.com\/shop\/"},{"@type":"ListItem","position":3,"name":"Navegaci\u00f3n por Nahuel Huapi: Isla Victoria y Bosque de Arrayanes sin traslado"}]},{"@type":"WebSite","@id":"https:\/\/raftingvalledelmanso.com\/#website","url":"https:\/\/raftingvalledelmanso.com\/","name":"Rafting Valle del Manso | Bariloche Rivers Adventure","description":"Rafting na Patag\u00f4nia Argentina: aventura, natureza e emo\u00e7\u00e3o nas corredeiras do Vale do Manso, perto de Bariloche.","publisher":{"@id":"https:\/\/raftingvalledelmanso.com\/#organization"},"potentialAction":[{"@type":"SearchAction","target":{"@type":"EntryPoint","urlTemplate":"https:\/\/raftingvalledelmanso.com\/?s={search_term_string}"},"query-input":{"@type":"PropertyValueSpecification","valueRequired":true,"valueName":"search_term_string"}}],"inLanguage":"pt-BR"},{"@type":"Organization","@id":"https:\/\/raftingvalledelmanso.com\/#organization","name":"Rafting Valle del Manso | Bariloche Rivers Adventure","url":"https:\/\/raftingvalledelmanso.com\/","logo":{"@type":"ImageObject","inLanguage":"pt-BR","@id":"https:\/\/raftingvalledelmanso.com\/#\/schema\/logo\/image\/","url":"https:\/\/raftingvalledelmanso.com\/wp-content\/uploads\/2023\/08\/favicon.png","contentUrl":"https:\/\/raftingvalledelmanso.com\/wp-content\/uploads\/2023\/08\/favicon.png","width":100,"height":100,"caption":"Rafting Valle del Manso | Aventura en los R\u00edos de Bariloche"},"image":{"@id":"https:\/\/raftingvalledelmanso.com\/#\/schema\/logo\/image\/"}}]},"product_price_amount":"163200.00","product_price_currency":"ARS","og_availability":"instock","product_availability":"instock","product_retailer_item_id":"ADV2025ISVIYB4A10","product_condition":"new"},"_links":{"self":[{"href":"https:\/\/raftingvalledelmanso.com\/pt\/wp-json\/wp\/v2\/product\/73203","targetHints":{"allow":["GET"]}}],"collection":[{"href":"https:\/\/raftingvalledelmanso.com\/pt\/wp-json\/wp\/v2\/product"}],"about":[{"href":"https:\/\/raftingvalledelmanso.com\/pt\/wp-json\/wp\/v2\/types\/product"}],"replies":[{"embeddable":true,"href":"https:\/\/raftingvalledelmanso.com\/pt\/wp-json\/wp\/v2\/comments?post=73203"}],"wp:featuredmedia":[{"embeddable":true,"href":"https:\/\/raftingvalledelmanso.com\/pt\/wp-json\/wp\/v2\/media\/73457"}],"wp:attachment":[{"href":"https:\/\/raftingvalledelmanso.com\/pt\/wp-json\/wp\/v2\/media?parent=73203"}],"wp:term":[{"taxonomy":"product_brand","embeddable":true,"href":"https:\/\/raftingvalledelmanso.com\/pt\/wp-json\/wp\/v2\/product_brand?post=73203"},{"taxonomy":"product_cat","embeddable":true,"href":"https:\/\/raftingvalledelmanso.com\/pt\/wp-json\/wp\/v2\/product_cat?post=73203"},{"taxonomy":"product_tag","embeddable":true,"href":"https:\/\/raftingvalledelmanso.com\/pt\/wp-json\/wp\/v2\/product_tag?post=73203"}],"curies":[{"name":"wp","href":"https:\/\/api.w.org\/{rel}","templated":true}]}}